{"id":16379,"date":"2025-02-03T17:28:09","date_gmt":"2025-02-03T17:28:09","guid":{"rendered":"https:\/\/gchv.webtitans.gr\/?page_id=16379"},"modified":"2025-02-17T14:50:11","modified_gmt":"2025-02-17T14:50:11","slug":"r32-monoblock-heat-pump","status":"publish","type":"page","link":"https:\/\/gchv.gr\/sq\/r32-monoblock-heat-pump\/","title":{"rendered":"R32 Monoblock Heat Pump"},"content":{"rendered":"<div data-elementor-type=\"wp-page\" data-elementor-id=\"16379\" class=\"elementor elementor-16379\" data-elementor-post-type=\"page\">\n\t\t\t\t<div class=\"elementor-element elementor-element-ade672e e-con-full e-flex wd-section-disabled e-con e-parent\" data-id=\"ade672e\" data-element_type=\"container\">\n\t\t\t\t<div class=\"elementor-element elementor-element-e7a4a38 elementor-widget elementor-widget-wd_image_or_svg\" data-id=\"e7a4a38\" data-element_type=\"widget\" data-widget_type=\"wd_image_or_svg.default\">\n\t\t\t\t<div class=\"elementor-widget-container\">\n\t\t\t\t\t\n\t\t<div class=\"wd-image text-left\">\n\t\t\t\t\t\t\t\t<img fetchpriority=\"high\" decoding=\"async\" width=\"2560\" height=\"1180\" src=\"https:\/\/gchv.gr\/wp-content\/uploads\/2025\/02\/20250122134802.jpg\" class=\"attachment-full size-full\" alt=\"\" srcset=\"https:\/\/gchv.gr\/wp-content\/uploads\/2025\/02\/20250122134802.jpg 2560w, https:\/\/gchv.gr\/wp-content\/uploads\/2025\/02\/20250122134802-400x184.jpg 400w, https:\/\/gchv.gr\/wp-content\/uploads\/2025\/02\/20250122134802-1300x599.jpg 1300w, https:\/\/gchv.gr\/wp-content\/uploads\/2025\/02\/20250122134802-768x354.jpg 768w, https:\/\/gchv.gr\/wp-content\/uploads\/2025\/02\/20250122134802-1536x708.jpg 1536w, https:\/\/gchv.gr\/wp-content\/uploads\/2025\/02\/20250122134802-2048x944.jpg 2048w, https:\/\/gchv.gr\/wp-content\/uploads\/2025\/02\/20250122134802-18x8.jpg 18w\" sizes=\"(max-width: 2560px) 100vw, 2560px\" \/>\t\t\t\t\t<\/div>\n\n\t\t\t\t\t\t<\/div>\n\t\t\t\t<\/div>\n\t\t\t\t<\/div>\n\t\t<div class=\"elementor-element elementor-element-494af7b e-flex e-con-boxed wd-section-disabled e-con e-parent\" data-id=\"494af7b\" data-element_type=\"container\" data-settings=\"{&quot;background_background&quot;:&quot;classic&quot;}\">\n\t\t\t\t\t<div class=\"e-con-inner\">\n\t\t<div class=\"elementor-element elementor-element-ef09003 e-flex e-con-boxed wd-section-disabled e-con e-child\" data-id=\"ef09003\" data-element_type=\"container\">\n\t\t\t\t\t<div class=\"e-con-inner\">\n\t\t\t\t<div class=\"elementor-element elementor-element-01863a4 elementor-widget elementor-widget-heading\" data-id=\"01863a4\" data-element_type=\"widget\" data-widget_type=\"heading.default\">\n\t\t\t\t<div class=\"elementor-widget-container\">\n\t\t\t\t\t<h2 class=\"elementor-heading-title elementor-size-default\">Pompa e nxeht\u00ebsis Monoblok aj\u00ebr\/uj\u00eb<\/h2>\t\t\t\t<\/div>\n\t\t\t\t<\/div>\n\t\t\t\t<div class=\"elementor-element elementor-element-f705236 elementor-widget elementor-widget-heading\" data-id=\"f705236\" data-element_type=\"widget\" data-widget_type=\"heading.default\">\n\t\t\t\t<div class=\"elementor-widget-container\">\n\t\t\t\t\t<h2 class=\"elementor-heading-title elementor-size-default\">Pompa e nxeht\u00ebsis\u00eb Monoblok \u00ebsht\u00eb nj\u00eb sistem kompakt me nj\u00eb nj\u00ebsi t\u00eb jashtme, duke siguruar q\u00eb hap\u00ebsira e brendshme t\u00eb mbetet e pandryshuar. I projektuar p\u00ebr instalim n\u00eb t\u00eb gjitha llojet e pronave, ve\u00e7an\u00ebrisht n\u00eb sht\u00ebpi me hap\u00ebsir\u00eb t\u00eb kufizuar, ky sistem kap energjin\u00eb termike nga ajri p\u00ebrreth dhe e transferon at\u00eb p\u00ebr t\u00eb ngrohur ujin e p\u00ebrdorur p\u00ebr ngrohjen e sht\u00ebpis\u00eb dhe furnizimin me uj\u00eb t\u00eb ngroht\u00eb, duke ofruar gjithashtu aft\u00ebsi ftoh\u00ebse kur nevojitet. Krahasuar me teknologjit\u00eb e tjera, deri n\u00eb 75% t\u00eb energjis\u00eb termike t\u00eb nevojshme vjen nga ajri p\u00ebrreth.<\/h2>\t\t\t\t<\/div>\n\t\t\t\t<\/div>\n\t\t\t\t\t<\/div>\n\t\t\t\t<\/div>\n\t\t<div class=\"elementor-element elementor-element-10409af e-flex e-con-boxed wd-section-disabled e-con e-child\" data-id=\"10409af\" data-element_type=\"container\">\n\t\t\t\t\t<div class=\"e-con-inner\">\n\t\t\t\t<div class=\"elementor-element elementor-element-b03c1ed elementor-widget elementor-widget-image\" data-id=\"b03c1ed\" data-element_type=\"widget\" data-widget_type=\"image.default\">\n\t\t\t\t<div class=\"elementor-widget-container\">\n\t\t\t\t\t\t\t\t\t\t\t\t\t\t\t<img decoding=\"async\" width=\"803\" height=\"800\" src=\"https:\/\/gchv.eu\/wp-content\/uploads\/2025\/02\/20250122152104-803x800.png\" class=\"attachment-large size-large wp-image-16382\" alt=\"\" srcset=\"https:\/\/gchv.eu\/wp-content\/uploads\/2025\/02\/20250122152104-803x800.png 803w, https:\/\/gchv.eu\/wp-content\/uploads\/2025\/02\/20250122152104-301x300.png 301w, https:\/\/gchv.eu\/wp-content\/uploads\/2025\/02\/20250122152104-150x150.png 150w, https:\/\/gchv.eu\/wp-content\/uploads\/2025\/02\/20250122152104-768x765.png 768w, https:\/\/gchv.eu\/wp-content\/uploads\/2025\/02\/20250122152104-12x12.png 12w, https:\/\/gchv.eu\/wp-content\/uploads\/2025\/02\/20250122152104.png 1200w\" sizes=\"(max-width: 803px) 100vw, 803px\" \/>\t\t\t\t\t\t\t\t\t\t\t\t\t\t\t<\/div>\n\t\t\t\t<\/div>\n\t\t\t\t\t<\/div>\n\t\t\t\t<\/div>\n\t\t\t\t\t<\/div>\n\t\t\t\t<\/div>\n\t\t<div class=\"elementor-element elementor-element-4caf2e5 e-con-full e-flex wd-section-disabled e-con e-parent\" data-id=\"4caf2e5\" data-element_type=\"container\">\n\t\t<div class=\"elementor-element elementor-element-a33e2bf e-con-full e-flex wd-section-disabled e-con e-child\" data-id=\"a33e2bf\" data-element_type=\"container\" data-settings=\"{&quot;background_background&quot;:&quot;classic&quot;}\">\n\t\t\t\t<div class=\"elementor-element elementor-element-f5c6c6e elementor-widget elementor-widget-heading\" data-id=\"f5c6c6e\" data-element_type=\"widget\" data-widget_type=\"heading.default\">\n\t\t\t\t<div class=\"elementor-widget-container\">\n\t\t\t\t\t<h2 class=\"elementor-heading-title elementor-size-default\">Temperatura e lart\u00eb e daljes s\u00eb ujit<\/h2>\t\t\t\t<\/div>\n\t\t\t\t<\/div>\n\t\t\t\t<div class=\"elementor-element elementor-element-d3d3a6e elementor-widget elementor-widget-wd_text_block\" data-id=\"d3d3a6e\" data-element_type=\"widget\" data-widget_type=\"wd_text_block.default\">\n\t\t\t\t<div class=\"elementor-widget-container\">\n\t\t\t\t\t\t\t\t<link rel=\"stylesheet\" id=\"wd-text-block-css\" href=\"https:\/\/gchv.gr\/wp-content\/themes\/woodmart\/css\/parts\/el-text-block.min.css?ver=7.3.2\" type=\"text\/css\" media=\"all\" \/> \t\t\t\t\t<div class=\"wd-text-block reset-last-child text-left\">\n\t\t\t\n\t\t\t<p>Pompa e nxeht\u00ebsis\u00eb Monoblok funksionon n\u00eb nj\u00eb gam\u00eb t\u00eb gjer\u00eb temperaturash nga -25\u00b0C deri n\u00eb 43\u00b0C p\u00ebr ngrohje\/uj\u00eb t\u00eb ngroht\u00eb, duke siguruar uj\u00eb t\u00eb nxeht\u00eb gjat\u00eb gjith\u00eb vitit me temperatura t\u00eb ujit n\u00eb dalje deri n\u00eb 62\u00b0C. \u00cbsht\u00eb i p\u00ebrshtatsh\u00ebm p\u00ebr banim dhe projekte t\u00eb lehta komerciale.<\/p>\n\t\t\t\t\t<\/div>\n\t\t\t\t\t\t<\/div>\n\t\t\t\t<\/div>\n\t\t\t\t<\/div>\n\t\t<div class=\"elementor-element elementor-element-7c08e9f e-con-full e-flex wd-section-disabled e-con e-child\" data-id=\"7c08e9f\" data-element_type=\"container\" data-settings=\"{&quot;background_background&quot;:&quot;classic&quot;}\">\n\t\t\t\t<div class=\"elementor-element elementor-element-98e25b0 elementor-widget elementor-widget-heading\" data-id=\"98e25b0\" data-element_type=\"widget\" data-widget_type=\"heading.default\">\n\t\t\t\t<div class=\"elementor-widget-container\">\n\t\t\t\t\t<h2 class=\"elementor-heading-title elementor-size-default\">Kontroll Wi-Fi<\/h2>\t\t\t\t<\/div>\n\t\t\t\t<\/div>\n\t\t\t\t<div class=\"elementor-element elementor-element-4f44455 elementor-widget elementor-widget-wd_text_block\" data-id=\"4f44455\" data-element_type=\"widget\" data-widget_type=\"wd_text_block.default\">\n\t\t\t\t<div class=\"elementor-widget-container\">\n\t\t\t\t\t\t\t<div class=\"wd-text-block reset-last-child text-left\">\n\t\t\t\n\t\t\t<p>Me Wi-Fi t\u00eb integruar, pompa e nxeht\u00ebsis\u00eb mund t\u00eb kontrollohet nga distanca, duke ju lejuar t\u00eb menaxhoni nj\u00ebsin\u00eb p\u00ebrmes pajisjes tuaj celulare, edhe kur jeni larg sht\u00ebpis\u00eb.<\/p>\n\t\t\t\t\t<\/div>\n\t\t\t\t\t\t<\/div>\n\t\t\t\t<\/div>\n\t\t\t\t<\/div>\n\t\t\t\t<\/div>\n\t\t<div class=\"elementor-element elementor-element-639c219 e-con-full e-flex wd-section-disabled e-con e-parent\" data-id=\"639c219\" data-element_type=\"container\">\n\t\t<div class=\"elementor-element elementor-element-a7c1041 e-con-full e-flex wd-section-disabled e-con e-child\" data-id=\"a7c1041\" data-element_type=\"container\" data-settings=\"{&quot;background_background&quot;:&quot;classic&quot;}\">\n\t\t\t\t<div class=\"elementor-element elementor-element-bf339cf elementor-widget elementor-widget-heading\" data-id=\"bf339cf\" data-element_type=\"widget\" data-widget_type=\"heading.default\">\n\t\t\t\t<div class=\"elementor-widget-container\">\n\t\t\t\t\t<h2 class=\"elementor-heading-title elementor-size-default\">Aplikime t\u00eb shumta n\u00eb nj\u00eb sistem<\/h2>\t\t\t\t<\/div>\n\t\t\t\t<\/div>\n\t\t\t\t<div class=\"elementor-element elementor-element-21944c7 elementor-widget elementor-widget-wd_text_block\" data-id=\"21944c7\" data-element_type=\"widget\" data-widget_type=\"wd_text_block.default\">\n\t\t\t\t<div class=\"elementor-widget-container\">\n\t\t\t\t\t\t\t<div class=\"wd-text-block reset-last-child text-left\">\n\t\t\t\n\t\t\t<p>Ky sistem mund t\u00eb siguroj\u00eb ngrohje n\u00eb dim\u00ebr dhe ftohje n\u00eb ver\u00eb, duke prodhuar gjithashtu uj\u00eb t\u00eb ngroht\u00eb p\u00ebr p\u00ebrdorim sht\u00ebpiak gjat\u00eb gjith\u00eb vitit. Mund t\u00eb lidhen pajisje t\u00eb ndryshme ngroh\u00ebse si ngrohja n\u00ebn dysheme, radiator\u00eb dhe fan coils.<\/p>\n\t\t\t\t\t<\/div>\n\t\t\t\t\t\t<\/div>\n\t\t\t\t<\/div>\n\t\t\t\t<\/div>\n\t\t<div class=\"elementor-element elementor-element-996f620 e-con-full e-flex wd-section-disabled e-con e-child\" data-id=\"996f620\" data-element_type=\"container\" data-settings=\"{&quot;background_background&quot;:&quot;classic&quot;}\">\n\t\t\t\t<div class=\"elementor-element elementor-element-d2dab2d elementor-widget elementor-widget-heading\" data-id=\"d2dab2d\" data-element_type=\"widget\" data-widget_type=\"heading.default\">\n\t\t\t\t<div class=\"elementor-widget-container\">\n\t\t\t\t\t<h2 class=\"elementor-heading-title elementor-size-default\">Integrimi i rrjetit inteligjent<\/h2>\t\t\t\t<\/div>\n\t\t\t\t<\/div>\n\t\t\t\t<div class=\"elementor-element elementor-element-de9c532 elementor-widget elementor-widget-wd_text_block\" data-id=\"de9c532\" data-element_type=\"widget\" data-widget_type=\"wd_text_block.default\">\n\t\t\t\t<div class=\"elementor-widget-container\">\n\t\t\t\t\t\t\t<div class=\"wd-text-block reset-last-child text-left\">\n\t\t\t\n\t\t\t<p>Sistemi i pomp\u00ebs s\u00eb nxeht\u00ebsis\u00eb Monoblok mund t\u00eb lidhet me rrjetin inteligjent dhe t\u00eb rregulloj\u00eb statusin e tij funksional sipas ngarkes\u00ebs s\u00eb rrjetit. Kur furnizimi me energji \u00ebsht\u00eb i mjaftuesh\u00ebm, nj\u00ebsia funksionon n\u00eb m\u00ebnyr\u00eb efikase, nd\u00ebrsa n\u00eb rastet e munges\u00ebs s\u00eb energjis\u00eb nj\u00ebsia lejon funksionimin me frekuenc\u00eb t\u00eb ul\u00ebt.<\/p>\n\t\t\t\t\t<\/div>\n\t\t\t\t\t\t<\/div>\n\t\t\t\t<\/div>\n\t\t\t\t<\/div>\n\t\t\t\t<\/div>\n\t\t<div class=\"elementor-element elementor-element-3cf62eb e-con-full e-flex wd-section-disabled e-con e-parent\" data-id=\"3cf62eb\" data-element_type=\"container\">\n\t\t<div class=\"elementor-element elementor-element-726b197 e-con-full e-flex wd-section-disabled e-con e-child\" data-id=\"726b197\" data-element_type=\"container\" data-settings=\"{&quot;background_background&quot;:&quot;classic&quot;}\">\n\t\t\t\t<div class=\"elementor-element elementor-element-d2314d3 elementor-widget elementor-widget-heading\" data-id=\"d2314d3\" data-element_type=\"widget\" data-widget_type=\"heading.default\">\n\t\t\t\t<div class=\"elementor-widget-container\">\n\t\t\t\t\t<h2 class=\"elementor-heading-title elementor-size-default\">Porta USB p\u00ebr \u201cngritje\u201d te sistemit<\/h2>\t\t\t\t<\/div>\n\t\t\t\t<\/div>\n\t\t\t\t<div class=\"elementor-element elementor-element-769fdfa elementor-widget elementor-widget-wd_text_block\" data-id=\"769fdfa\" data-element_type=\"widget\" data-widget_type=\"wd_text_block.default\">\n\t\t\t\t<div class=\"elementor-widget-container\">\n\t\t\t\t\t\t\t<div class=\"wd-text-block reset-last-child text-center\">\n\t\t\t\n\t\t\t<p>Porta e p\u00ebrmir\u00ebsimit t\u00eb sistemit \u00ebsht\u00eb e disponueshme n\u00eb tabel\u00ebn PCB t\u00eb nj\u00ebsis\u00eb s\u00eb pomp\u00ebs s\u00eb nxeht\u00ebsis\u00eb Monoblok. Kur \u00ebsht\u00eb i nevojsh\u00ebm nj\u00eb p\u00ebrmir\u00ebsim, ai mund t\u00eb kryhet drejtp\u00ebrdrejt n\u00ebp\u00ebrmjet k\u00ebsaj porte duke p\u00ebrdorur skedarin e p\u00ebrdit\u00ebsimit nga nj\u00eb disk USB.<\/p>\n\t\t\t\t\t<\/div>\n\t\t\t\t\t\t<\/div>\n\t\t\t\t<\/div>\n\t\t\t\t<\/div>\n\t\t<div class=\"elementor-element elementor-element-d8a30af e-con-full e-flex wd-section-disabled e-con e-child\" data-id=\"d8a30af\" data-element_type=\"container\" data-settings=\"{&quot;background_background&quot;:&quot;classic&quot;}\">\n\t\t\t\t<div class=\"elementor-element elementor-element-69fd2d8 elementor-widget elementor-widget-heading\" data-id=\"69fd2d8\" data-element_type=\"widget\" data-widget_type=\"heading.default\">\n\t\t\t\t<div class=\"elementor-widget-container\">\n\t\t\t\t\t<h2 class=\"elementor-heading-title elementor-size-default\">Kontrolli i Kaskad\u00ebs<\/h2>\t\t\t\t<\/div>\n\t\t\t\t<\/div>\n\t\t\t\t<div class=\"elementor-element elementor-element-39fc8f1 elementor-widget elementor-widget-wd_text_block\" data-id=\"39fc8f1\" data-element_type=\"widget\" data-widget_type=\"wd_text_block.default\">\n\t\t\t\t<div class=\"elementor-widget-container\">\n\t\t\t\t\t\t\t<div class=\"wd-text-block reset-last-child text-left\">\n\t\t\t\n\t\t\t<p>Dizajni i sistemit t\u00eb kontrollit t\u00eb kaskad\u00ebs lejon lidhjen e deri n\u00eb 8 nj\u00ebsi p\u00ebr sip\u00ebrfaqe m\u00eb t\u00eb m\u00ebdha, duke rritur fleksibilitetin p\u00ebr instalime t\u00eb gjera.<\/p>\n\t\t\t\t\t<\/div>\n\t\t\t\t\t\t<\/div>\n\t\t\t\t<\/div>\n\t\t\t\t<\/div>\n\t\t\t\t<\/div>\n\t\t\t\t<\/div>","protected":false},"excerpt":{"rendered":"<p>Air-to-Water Monobloc Heat Pump The Monobloc heat pump is a compact system with an external unit, ensuring that indoor space<\/p>","protected":false},"author":1,"featured_media":0,"parent":0,"menu_order":0,"comment_status":"closed","ping_status":"closed","template":"elementor_header_footer","meta":{"footnotes":""},"class_list":["post-16379","page","type-page","status-publish","hentry"],"_links":{"self":[{"href":"https:\/\/gchv.gr\/sq\/wp-json\/wp\/v2\/pages\/16379","targetHints":{"allow":["GET"]}}],"collection":[{"href":"https:\/\/gchv.gr\/sq\/wp-json\/wp\/v2\/pages"}],"about":[{"href":"https:\/\/gchv.gr\/sq\/wp-json\/wp\/v2\/types\/page"}],"author":[{"embeddable":true,"href":"https:\/\/gchv.gr\/sq\/wp-json\/wp\/v2\/users\/1"}],"replies":[{"embeddable":true,"href":"https:\/\/gchv.gr\/sq\/wp-json\/wp\/v2\/comments?post=16379"}],"version-history":[{"count":7,"href":"https:\/\/gchv.gr\/sq\/wp-json\/wp\/v2\/pages\/16379\/revisions"}],"predecessor-version":[{"id":16480,"href":"https:\/\/gchv.gr\/sq\/wp-json\/wp\/v2\/pages\/16379\/revisions\/16480"}],"wp:attachment":[{"href":"https:\/\/gchv.gr\/sq\/wp-json\/wp\/v2\/media?parent=16379"}],"curies":[{"name":"wp","href":"https:\/\/api.w.org\/{rel}","templated":true}]}}