{"id":16332,"date":"2025-01-15T10:57:01","date_gmt":"2025-01-15T10:57:01","guid":{"rendered":"https:\/\/gchv.webtitans.gr\/?page_id=16332"},"modified":"2025-02-17T15:01:21","modified_gmt":"2025-02-17T15:01:21","slug":"pure-series-wall-mounted-air-conditioner","status":"publish","type":"page","link":"https:\/\/gchv.gr\/sq\/pure-series-wall-mounted-air-conditioner\/","title":{"rendered":"Kondicioner i montuar n\u00eb mur i seris\u00eb Pure"},"content":{"rendered":"<div data-elementor-type=\"wp-page\" data-elementor-id=\"16332\" class=\"elementor elementor-16332\" data-elementor-post-type=\"page\">\n\t\t\t\t<div class=\"elementor-element elementor-element-ade672e e-con-full e-flex wd-section-disabled e-con e-parent\" data-id=\"ade672e\" data-element_type=\"container\">\n\t\t\t\t<div class=\"elementor-element elementor-element-e7a4a38 elementor-widget elementor-widget-wd_image_or_svg\" data-id=\"e7a4a38\" data-element_type=\"widget\" data-widget_type=\"wd_image_or_svg.default\">\n\t\t\t\t<div class=\"elementor-widget-container\">\n\t\t\t\t\t\n\t\t<div class=\"wd-image text-left\">\n\t\t\t\t\t\t\t\t<img fetchpriority=\"high\" decoding=\"async\" width=\"2560\" height=\"1180\" src=\"https:\/\/gchv.gr\/wp-content\/uploads\/2025\/01\/20200827105739.jpg\" class=\"attachment-full size-full\" alt=\"\" srcset=\"https:\/\/gchv.gr\/wp-content\/uploads\/2025\/01\/20200827105739.jpg 2560w, https:\/\/gchv.gr\/wp-content\/uploads\/2025\/01\/20200827105739-400x184.jpg 400w, https:\/\/gchv.gr\/wp-content\/uploads\/2025\/01\/20200827105739-1300x599.jpg 1300w, https:\/\/gchv.gr\/wp-content\/uploads\/2025\/01\/20200827105739-768x354.jpg 768w, https:\/\/gchv.gr\/wp-content\/uploads\/2025\/01\/20200827105739-1536x708.jpg 1536w, https:\/\/gchv.gr\/wp-content\/uploads\/2025\/01\/20200827105739-2048x944.jpg 2048w, https:\/\/gchv.gr\/wp-content\/uploads\/2025\/01\/20200827105739-18x8.jpg 18w\" sizes=\"(max-width: 2560px) 100vw, 2560px\" \/>\t\t\t\t\t<\/div>\n\n\t\t\t\t\t\t<\/div>\n\t\t\t\t<\/div>\n\t\t\t\t<\/div>\n\t\t<div class=\"elementor-element elementor-element-494af7b e-flex e-con-boxed wd-section-disabled e-con e-parent\" data-id=\"494af7b\" data-element_type=\"container\" data-settings=\"{&quot;background_background&quot;:&quot;classic&quot;}\">\n\t\t\t\t\t<div class=\"e-con-inner\">\n\t\t<div class=\"elementor-element elementor-element-ef09003 e-flex e-con-boxed wd-section-disabled e-con e-child\" data-id=\"ef09003\" data-element_type=\"container\">\n\t\t\t\t\t<div class=\"e-con-inner\">\n\t\t\t\t<div class=\"elementor-element elementor-element-f5c6c6e elementor-widget elementor-widget-heading\" data-id=\"f5c6c6e\" data-element_type=\"widget\" data-widget_type=\"heading.default\">\n\t\t\t\t<div class=\"elementor-widget-container\">\n\t\t\t\t\t<h2 class=\"elementor-heading-title elementor-size-default\">Dizajn i jasht\u00ebzakonsh\u00ebm<\/h2>\t\t\t\t<\/div>\n\t\t\t\t<\/div>\n\t\t\t\t<div class=\"elementor-element elementor-element-cde4810 elementor-widget elementor-widget-heading\" data-id=\"cde4810\" data-element_type=\"widget\" data-widget_type=\"heading.default\">\n\t\t\t\t<div class=\"elementor-widget-container\">\n\t\t\t\t\t<h2 class=\"elementor-heading-title elementor-size-default\">Inxhinier\u00ebt estetik\u00eb p\u00ebrfshijn\u00eb linja t\u00eb lakuara n\u00eb dizajnin e panelit, duke krijuar nj\u00eb pamje elegante dhe t\u00eb fresk\u00ebt me nj\u00eb ndjesi m\u00ebndafshi.<\/h2>\t\t\t\t<\/div>\n\t\t\t\t<\/div>\n\t\t\t\t\t<\/div>\n\t\t\t\t<\/div>\n\t\t<div class=\"elementor-element elementor-element-10409af e-flex e-con-boxed wd-section-disabled e-con e-child\" data-id=\"10409af\" data-element_type=\"container\">\n\t\t\t\t\t<div class=\"e-con-inner\">\n\t\t\t\t<div class=\"elementor-element elementor-element-b03c1ed elementor-widget elementor-widget-image\" data-id=\"b03c1ed\" data-element_type=\"widget\" data-widget_type=\"image.default\">\n\t\t\t\t<div class=\"elementor-widget-container\">\n\t\t\t\t\t\t\t\t\t\t\t\t\t\t\t<img decoding=\"async\" width=\"803\" height=\"800\" src=\"https:\/\/gchv.eu\/wp-content\/uploads\/2025\/01\/20200717204012-803x800.png\" class=\"attachment-large size-large wp-image-16335\" alt=\"\" srcset=\"https:\/\/gchv.eu\/wp-content\/uploads\/2025\/01\/20200717204012-803x800.png 803w, https:\/\/gchv.eu\/wp-content\/uploads\/2025\/01\/20200717204012-301x300.png 301w, https:\/\/gchv.eu\/wp-content\/uploads\/2025\/01\/20200717204012-150x150.png 150w, https:\/\/gchv.eu\/wp-content\/uploads\/2025\/01\/20200717204012-768x765.png 768w, https:\/\/gchv.eu\/wp-content\/uploads\/2025\/01\/20200717204012-12x12.png 12w, https:\/\/gchv.eu\/wp-content\/uploads\/2025\/01\/20200717204012.png 1200w\" sizes=\"(max-width: 803px) 100vw, 803px\" \/>\t\t\t\t\t\t\t\t\t\t\t\t\t\t\t<\/div>\n\t\t\t\t<\/div>\n\t\t\t\t\t<\/div>\n\t\t\t\t<\/div>\n\t\t\t\t\t<\/div>\n\t\t\t\t<\/div>\n\t\t<div class=\"elementor-element elementor-element-d123775 e-con-full e-flex wd-section-disabled e-con e-parent\" data-id=\"d123775\" data-element_type=\"container\">\n\t\t<div class=\"elementor-element elementor-element-fef280a e-con-full e-flex wd-section-disabled e-con e-child\" data-id=\"fef280a\" data-element_type=\"container\" data-settings=\"{&quot;background_background&quot;:&quot;classic&quot;}\">\n\t\t\t\t<div class=\"elementor-element elementor-element-85f31f5 elementor-widget elementor-widget-heading\" data-id=\"85f31f5\" data-element_type=\"widget\" data-widget_type=\"heading.default\">\n\t\t\t\t<div class=\"elementor-widget-container\">\n\t\t\t\t\t<h2 class=\"elementor-heading-title elementor-size-default\">Rrjedhja ajrit 3D<\/h2>\t\t\t\t<\/div>\n\t\t\t\t<\/div>\n\t\t\t\t<div class=\"elementor-element elementor-element-5e9f384 elementor-widget elementor-widget-heading\" data-id=\"5e9f384\" data-element_type=\"widget\" data-widget_type=\"heading.default\">\n\t\t\t\t<div class=\"elementor-widget-container\">\n\t\t\t\t\t<h2 class=\"elementor-heading-title elementor-size-default\">Fal\u00eb grilave vertikale dhe horizontale, t\u00eb cilat l\u00ebvizin me motor\u00eb stepper, arrihet nj\u00eb k\u00ebnd m\u00eb i gjer\u00eb i rrjedhjes s\u00eb ajrit dhe distanc\u00eb m\u00eb e madhe e ajrit, duke siguruar mbulim optimal t\u00eb hap\u00ebsir\u00ebs.<\/h2>\t\t\t\t<\/div>\n\t\t\t\t<\/div>\n\t\t\t\t<\/div>\n\t\t<div class=\"elementor-element elementor-element-6ed2a76 e-con-full e-flex wd-section-disabled e-con e-child\" data-id=\"6ed2a76\" data-element_type=\"container\" data-settings=\"{&quot;background_background&quot;:&quot;classic&quot;}\">\n\t\t\t\t<div class=\"elementor-element elementor-element-8890637 elementor-widget elementor-widget-heading\" data-id=\"8890637\" data-element_type=\"widget\" data-widget_type=\"heading.default\">\n\t\t\t\t<div class=\"elementor-widget-container\">\n\t\t\t\t\t<h2 class=\"elementor-heading-title elementor-size-default\">Pastrim Automatik<\/h2>\t\t\t\t<\/div>\n\t\t\t\t<\/div>\n\t\t\t\t<div class=\"elementor-element elementor-element-b630f4a elementor-widget elementor-widget-heading\" data-id=\"b630f4a\" data-element_type=\"widget\" data-widget_type=\"heading.default\">\n\t\t\t\t<div class=\"elementor-widget-container\">\n\t\t\t\t\t<h2 class=\"elementor-heading-title elementor-size-default\">Avulluesi ftohet p\u00ebr t\u00eb ngrir\u00eb papast\u00ebrtit\u00eb n\u00eb flet\u00ebza, i ndjekur nga nj\u00eb proces shkrirjeje q\u00eb krijon nj\u00eb sasi t\u00eb madhe uji p\u00ebr t\u00eb hequr papast\u00ebrtit\u00eb. Pas tharjes s\u00eb shpejt\u00eb n\u00eb 55\u00b0C, avulluesi mbetet i past\u00ebr dhe i sterilizuar.<\/h2>\t\t\t\t<\/div>\n\t\t\t\t<\/div>\n\t\t\t\t<\/div>\n\t\t\t\t<\/div>\n\t\t<div class=\"elementor-element elementor-element-657f50c e-flex e-con-boxed wd-section-disabled e-con e-parent\" data-id=\"657f50c\" data-element_type=\"container\" data-settings=\"{&quot;background_background&quot;:&quot;classic&quot;}\">\n\t\t\t\t\t<div class=\"e-con-inner\">\n\t\t\t\t<div class=\"elementor-element elementor-element-64d7bd3 elementor-widget elementor-widget-heading\" data-id=\"64d7bd3\" data-element_type=\"widget\" data-widget_type=\"heading.default\">\n\t\t\t\t<div class=\"elementor-widget-container\">\n\t\t\t\t\t<h2 class=\"elementor-heading-title elementor-size-default\">Sip\u00ebrfaqja e bardh\u00eb me perla<\/h2>\t\t\t\t<\/div>\n\t\t\t\t<\/div>\n\t\t\t\t<div class=\"elementor-element elementor-element-f705236 elementor-widget elementor-widget-heading\" data-id=\"f705236\" data-element_type=\"widget\" data-widget_type=\"heading.default\">\n\t\t\t\t<div class=\"elementor-widget-container\">\n\t\t\t\t\t<h2 class=\"elementor-heading-title elementor-size-default\">Dizajni i bardh\u00eb me perla integrohet pa probleme n\u00eb dekorin e dhom\u00ebs. Pamja e saj e holl\u00eb dhe elegante p\u00ebrmir\u00ebson nj\u00eb m\u00ebnyr\u00eb jetese t\u00eb sofistikuar.<\/h2>\t\t\t\t<\/div>\n\t\t\t\t<\/div>\n\t\t\t\t\t<\/div>\n\t\t\t\t<\/div>\n\t\t<div class=\"elementor-element elementor-element-4caf2e5 e-con-full e-flex wd-section-disabled e-con e-parent\" data-id=\"4caf2e5\" data-element_type=\"container\">\n\t\t<div class=\"elementor-element elementor-element-a33e2bf e-con-full e-flex wd-section-disabled e-con e-child\" data-id=\"a33e2bf\" data-element_type=\"container\" data-settings=\"{&quot;background_background&quot;:&quot;classic&quot;}\">\n\t\t\t\t<div class=\"elementor-element elementor-element-9576369 elementor-widget elementor-widget-heading\" data-id=\"9576369\" data-element_type=\"widget\" data-widget_type=\"heading.default\">\n\t\t\t\t<div class=\"elementor-widget-container\">\n\t\t\t\t\t<h2 class=\"elementor-heading-title elementor-size-default\">Jonizuesi &amp; Plazma<\/h2>\t\t\t\t<\/div>\n\t\t\t\t<\/div>\n\t\t\t\t<div class=\"elementor-element elementor-element-e746bab elementor-widget elementor-widget-heading\" data-id=\"e746bab\" data-element_type=\"widget\" data-widget_type=\"heading.default\">\n\t\t\t\t<div class=\"elementor-widget-container\">\n\t\t\t\t\t<h2 class=\"elementor-heading-title elementor-size-default\">Jonizuesi i integruar dhe teknologjia e plazm\u00ebs kontribuojn\u00eb n\u00eb sterilizimin, eliminimin e tymit, heqjen e pluhurit dhe thithjen e er\u00ebs, duke p\u00ebrmir\u00ebsuar ndjesh\u00ebm cil\u00ebsin\u00eb e ajrit.<\/h2>\t\t\t\t<\/div>\n\t\t\t\t<\/div>\n\t\t\t\t<\/div>\n\t\t<div class=\"elementor-element elementor-element-7c08e9f e-con-full e-flex wd-section-disabled e-con e-child\" data-id=\"7c08e9f\" data-element_type=\"container\" data-settings=\"{&quot;background_background&quot;:&quot;classic&quot;}\">\n\t\t\t\t<div class=\"elementor-element elementor-element-98e25b0 elementor-widget elementor-widget-heading\" data-id=\"98e25b0\" data-element_type=\"widget\" data-widget_type=\"heading.default\">\n\t\t\t\t<div class=\"elementor-widget-container\">\n\t\t\t\t\t<h2 class=\"elementor-heading-title elementor-size-default\">Filter multifunksional<\/h2>\t\t\t\t<\/div>\n\t\t\t\t<\/div>\n\t\t\t\t<div class=\"elementor-element elementor-element-c4a1cc9 elementor-widget elementor-widget-heading\" data-id=\"c4a1cc9\" data-element_type=\"widget\" data-widget_type=\"heading.default\">\n\t\t\t\t<div class=\"elementor-widget-container\">\n\t\t\t\t\t<h2 class=\"elementor-heading-title elementor-size-default\">Filtri inovativ 3-n\u00eb-1 pastron ajrin, duke ofruar nj\u00eb atmosfer\u00eb t\u00eb sh\u00ebndetshme dhe komode.<\/h2>\t\t\t\t<\/div>\n\t\t\t\t<\/div>\n\t\t\t\t<\/div>\n\t\t\t\t<\/div>\n\t\t\t\t<\/div>","protected":false},"excerpt":{"rendered":"<p>Exceptional Design The aesthetic engineers incorporate curved lines into the design of the panel, creating an elegant and fresh appearance<\/p>","protected":false},"author":1,"featured_media":0,"parent":0,"menu_order":0,"comment_status":"closed","ping_status":"closed","template":"elementor_header_footer","meta":{"footnotes":""},"class_list":["post-16332","page","type-page","status-publish","hentry"],"_links":{"self":[{"href":"https:\/\/gchv.gr\/sq\/wp-json\/wp\/v2\/pages\/16332","targetHints":{"allow":["GET"]}}],"collection":[{"href":"https:\/\/gchv.gr\/sq\/wp-json\/wp\/v2\/pages"}],"about":[{"href":"https:\/\/gchv.gr\/sq\/wp-json\/wp\/v2\/types\/page"}],"author":[{"embeddable":true,"href":"https:\/\/gchv.gr\/sq\/wp-json\/wp\/v2\/users\/1"}],"replies":[{"embeddable":true,"href":"https:\/\/gchv.gr\/sq\/wp-json\/wp\/v2\/comments?post=16332"}],"version-history":[{"count":7,"href":"https:\/\/gchv.gr\/sq\/wp-json\/wp\/v2\/pages\/16332\/revisions"}],"predecessor-version":[{"id":16507,"href":"https:\/\/gchv.gr\/sq\/wp-json\/wp\/v2\/pages\/16332\/revisions\/16507"}],"wp:attachment":[{"href":"https:\/\/gchv.gr\/sq\/wp-json\/wp\/v2\/media?parent=16332"}],"curies":[{"name":"wp","href":"https:\/\/api.w.org\/{rel}","templated":true}]}}