{"id":16311,"date":"2025-01-15T10:39:54","date_gmt":"2025-01-15T10:39:54","guid":{"rendered":"https:\/\/gchv.webtitans.gr\/?page_id=16311"},"modified":"2025-02-17T14:59:12","modified_gmt":"2025-02-17T14:59:12","slug":"floor-ceiling-unit","status":"publish","type":"page","link":"https:\/\/gchv.gr\/sq\/floor-ceiling-unit\/","title":{"rendered":"Floor &#038; Ceiling Unit"},"content":{"rendered":"<div data-elementor-type=\"wp-page\" data-elementor-id=\"16311\" class=\"elementor elementor-16311\" data-elementor-post-type=\"page\">\n\t\t\t\t<div class=\"elementor-element elementor-element-ade672e e-con-full e-flex wd-section-disabled e-con e-parent\" data-id=\"ade672e\" data-element_type=\"container\">\n\t\t\t\t<div class=\"elementor-element elementor-element-e7a4a38 elementor-widget elementor-widget-wd_image_or_svg\" data-id=\"e7a4a38\" data-element_type=\"widget\" data-widget_type=\"wd_image_or_svg.default\">\n\t\t\t\t<div class=\"elementor-widget-container\">\n\t\t\t\t\t\n\t\t<div class=\"wd-image text-left\">\n\t\t\t\t\t\t\t\t<img fetchpriority=\"high\" decoding=\"async\" width=\"2560\" height=\"1180\" src=\"https:\/\/gchv.gr\/wp-content\/uploads\/2025\/01\/20200827105352.jpg\" class=\"attachment-full size-full\" alt=\"\" srcset=\"https:\/\/gchv.gr\/wp-content\/uploads\/2025\/01\/20200827105352.jpg 2560w, https:\/\/gchv.gr\/wp-content\/uploads\/2025\/01\/20200827105352-400x184.jpg 400w, https:\/\/gchv.gr\/wp-content\/uploads\/2025\/01\/20200827105352-1300x599.jpg 1300w, https:\/\/gchv.gr\/wp-content\/uploads\/2025\/01\/20200827105352-768x354.jpg 768w, https:\/\/gchv.gr\/wp-content\/uploads\/2025\/01\/20200827105352-1536x708.jpg 1536w, https:\/\/gchv.gr\/wp-content\/uploads\/2025\/01\/20200827105352-2048x944.jpg 2048w, https:\/\/gchv.gr\/wp-content\/uploads\/2025\/01\/20200827105352-18x8.jpg 18w\" sizes=\"(max-width: 2560px) 100vw, 2560px\" \/>\t\t\t\t\t<\/div>\n\n\t\t\t\t\t\t<\/div>\n\t\t\t\t<\/div>\n\t\t\t\t<\/div>\n\t\t<div class=\"elementor-element elementor-element-494af7b e-flex e-con-boxed wd-section-disabled e-con e-parent\" data-id=\"494af7b\" data-element_type=\"container\" data-settings=\"{&quot;background_background&quot;:&quot;classic&quot;}\">\n\t\t\t\t\t<div class=\"e-con-inner\">\n\t\t<div class=\"elementor-element elementor-element-ef09003 e-flex e-con-boxed wd-section-disabled e-con e-child\" data-id=\"ef09003\" data-element_type=\"container\">\n\t\t\t\t\t<div class=\"e-con-inner\">\n\t\t\t\t<div class=\"elementor-element elementor-element-f5c6c6e elementor-widget elementor-widget-heading\" data-id=\"f5c6c6e\" data-element_type=\"widget\" data-widget_type=\"heading.default\">\n\t\t\t\t<div class=\"elementor-widget-container\">\n\t\t\t\t\t<h2 class=\"elementor-heading-title elementor-size-default\">Kondicioner ne dysheme dhe ne tavan me aplikim te dyfishte<\/h2>\t\t\t\t<\/div>\n\t\t\t\t<\/div>\n\t\t\t\t<div class=\"elementor-element elementor-element-089360f elementor-widget elementor-widget-heading\" data-id=\"089360f\" data-element_type=\"widget\" data-widget_type=\"heading.default\">\n\t\t\t\t<div class=\"elementor-widget-container\">\n\t\t\t\t\t<h2 class=\"elementor-heading-title elementor-size-default\">Ky kondicioner kombinon dizajnin elegant dhe integrimin e leht\u00eb n\u00eb stile t\u00eb ndryshme dekorimi, duke adresuar nevojat si estetike ashtu edhe funksionale. Mund t\u00eb instalohet n\u00eb m\u00ebnyr\u00eb fleksib\u00ebl bazuar n\u00eb preferencat e p\u00ebrdoruesit, ose i montuar n\u00eb tavan ose i vendosur n\u00eb dysheme. \u00cbsht\u00eb ideale p\u00ebr hap\u00ebsirat pa dekorim t\u00eb tavanit, pasi mund t\u00eb ekspozohet ose t\u00eb mshifet.<\/h2>\t\t\t\t<\/div>\n\t\t\t\t<\/div>\n\t\t\t\t\t<\/div>\n\t\t\t\t<\/div>\n\t\t<div class=\"elementor-element elementor-element-10409af e-flex e-con-boxed wd-section-disabled e-con e-child\" data-id=\"10409af\" data-element_type=\"container\">\n\t\t\t\t\t<div class=\"e-con-inner\">\n\t\t\t\t<div class=\"elementor-element elementor-element-b03c1ed elementor-widget elementor-widget-image\" data-id=\"b03c1ed\" data-element_type=\"widget\" data-widget_type=\"image.default\">\n\t\t\t\t<div class=\"elementor-widget-container\">\n\t\t\t\t\t\t\t\t\t\t\t\t\t\t\t<img decoding=\"async\" width=\"803\" height=\"800\" src=\"https:\/\/gchv.gr\/wp-content\/uploads\/2025\/01\/20200718110523-803x800.png\" class=\"attachment-large size-large wp-image-16314\" alt=\"\" srcset=\"https:\/\/gchv.gr\/wp-content\/uploads\/2025\/01\/20200718110523-803x800.png 803w, https:\/\/gchv.gr\/wp-content\/uploads\/2025\/01\/20200718110523-301x300.png 301w, https:\/\/gchv.gr\/wp-content\/uploads\/2025\/01\/20200718110523-150x150.png 150w, https:\/\/gchv.gr\/wp-content\/uploads\/2025\/01\/20200718110523-768x765.png 768w, https:\/\/gchv.gr\/wp-content\/uploads\/2025\/01\/20200718110523-12x12.png 12w, https:\/\/gchv.gr\/wp-content\/uploads\/2025\/01\/20200718110523.png 1200w\" sizes=\"(max-width: 803px) 100vw, 803px\" \/>\t\t\t\t\t\t\t\t\t\t\t\t\t\t\t<\/div>\n\t\t\t\t<\/div>\n\t\t\t\t\t<\/div>\n\t\t\t\t<\/div>\n\t\t\t\t\t<\/div>\n\t\t\t\t<\/div>\n\t\t<div class=\"elementor-element elementor-element-4caf2e5 e-con-full e-flex wd-section-disabled e-con e-parent\" data-id=\"4caf2e5\" data-element_type=\"container\">\n\t\t<div class=\"elementor-element elementor-element-a33e2bf e-con-full e-flex wd-section-disabled e-con e-child\" data-id=\"a33e2bf\" data-element_type=\"container\" data-settings=\"{&quot;background_background&quot;:&quot;classic&quot;}\">\n\t\t\t\t<div class=\"elementor-element elementor-element-47e5888 elementor-widget elementor-widget-heading\" data-id=\"47e5888\" data-element_type=\"widget\" data-widget_type=\"heading.default\">\n\t\t\t\t<div class=\"elementor-widget-container\">\n\t\t\t\t\t<h2 class=\"elementor-heading-title elementor-size-default\">Kursimi i hap\u00ebsir\u00ebs\n<\/h2>\t\t\t\t<\/div>\n\t\t\t\t<\/div>\n\t\t\t\t<div class=\"elementor-element elementor-element-5d60793 elementor-widget elementor-widget-heading\" data-id=\"5d60793\" data-element_type=\"widget\" data-widget_type=\"heading.default\">\n\t\t\t\t<div class=\"elementor-widget-container\">\n\t\t\t\t\t<h2 class=\"elementor-heading-title elementor-size-default\">N\u00eb hap\u00ebsirat komerciale, minimizimi i kostove operacionale \u00ebsht\u00eb vendimtar p\u00ebr maksimizimin e fitimeve. Krahasuar me kondicioner\u00ebt tradicional\u00eb, nj\u00ebsia e dyshemes\u00eb dhe tavanit kursen hap\u00ebsir\u00ebn e dyshemes\u00eb dhe zvog\u00eblon kostot e dekorimit t\u00eb tavanit. Ai plot\u00ebson me efikasitet nevojat e p\u00ebrdorimit t\u00eb hap\u00ebsir\u00ebs n\u00eb zonat me kosto t\u00eb lart\u00eb, duke ofruar kursime p\u00ebr p\u00ebrdoruesit.<\/h2>\t\t\t\t<\/div>\n\t\t\t\t<\/div>\n\t\t\t\t<\/div>\n\t\t<div class=\"elementor-element elementor-element-7c08e9f e-con-full e-flex wd-section-disabled e-con e-child\" data-id=\"7c08e9f\" data-element_type=\"container\" data-settings=\"{&quot;background_background&quot;:&quot;classic&quot;}\">\n\t\t\t\t<div class=\"elementor-element elementor-element-98e25b0 elementor-widget elementor-widget-heading\" data-id=\"98e25b0\" data-element_type=\"widget\" data-widget_type=\"heading.default\">\n\t\t\t\t<div class=\"elementor-widget-container\">\n\t\t\t\t\t<h2 class=\"elementor-heading-title elementor-size-default\">Higjiena<\/h2>\t\t\t\t<\/div>\n\t\t\t\t<\/div>\n\t\t\t\t<div class=\"elementor-element elementor-element-830865b elementor-widget elementor-widget-heading\" data-id=\"830865b\" data-element_type=\"widget\" data-widget_type=\"heading.default\">\n\t\t\t\t<div class=\"elementor-widget-container\">\n\t\t\t\t\t<h2 class=\"elementor-heading-title elementor-size-default\">Nj\u00ebsia \u00ebsht\u00eb e pajisur me disa ve\u00e7ori t\u00eb fokusuara n\u00eb sh\u00ebndetin, si filt\u00ebr VC, nanofilt\u00ebr, filt\u00ebr biologjik, filt\u00ebr sterilizues argjendi dhe filt\u00ebr me karbon t\u00eb aktivizuar p\u00ebr t\u00eb pastruar ajrin n\u00eb hap\u00ebsirat publike, duke ofruar nj\u00eb atmosfer\u00eb m\u00eb t\u00eb sh\u00ebndetshme p\u00ebr klient\u00ebt.<\/h2>\t\t\t\t<\/div>\n\t\t\t\t<\/div>\n\t\t\t\t<\/div>\n\t\t\t\t<\/div>\n\t\t<div class=\"elementor-element elementor-element-657f50c e-flex e-con-boxed wd-section-disabled e-con e-parent\" data-id=\"657f50c\" data-element_type=\"container\" data-settings=\"{&quot;background_background&quot;:&quot;classic&quot;}\">\n\t\t\t\t\t<div class=\"e-con-inner\">\n\t\t\t\t<div class=\"elementor-element elementor-element-64d7bd3 elementor-widget elementor-widget-heading\" data-id=\"64d7bd3\" data-element_type=\"widget\" data-widget_type=\"heading.default\">\n\t\t\t\t<div class=\"elementor-widget-container\">\n\t\t\t\t\t<h2 class=\"elementor-heading-title elementor-size-default\">Montim i shpejt\u00eb<\/h2>\t\t\t\t<\/div>\n\t\t\t\t<\/div>\n\t\t\t\t<div class=\"elementor-element elementor-element-f705236 elementor-widget elementor-widget-heading\" data-id=\"f705236\" data-element_type=\"widget\" data-widget_type=\"heading.default\">\n\t\t\t\t<div class=\"elementor-widget-container\">\n\t\t\t\t\t<h2 class=\"elementor-heading-title elementor-size-default\">Duke thyer kufizimet e aplikacioneve tradicionale t\u00eb ajrit t\u00eb kondicionuar, instalimi i shpejt\u00eb i k\u00ebtij produkti \u00ebsht\u00eb estetikisht i k\u00ebndsh\u00ebm dhe praktik. \u00cbsht\u00eb i q\u00ebndruesh\u00ebm, i besuesh\u00ebm dhe i leht\u00eb p\u00ebr t'u p\u00ebrdorur, duke hapur mund\u00ebsi t\u00eb reja n\u00eb tregun tradicional t\u00eb ajrit t\u00eb kondicionuar. N\u00eb t\u00eb nj\u00ebjt\u00ebn koh\u00eb, ofron mund\u00ebsi t\u00eb reja biznesi p\u00ebr m\u00eb shum\u00eb prodhues dhe shp\u00ebrndar\u00ebs.<\/h2>\t\t\t\t<\/div>\n\t\t\t\t<\/div>\n\t\t\t\t\t<\/div>\n\t\t\t\t<\/div>\n\t\t\t\t<\/div>","protected":false},"excerpt":{"rendered":"<p>Floor and Ceiling Air Conditioner with Dual Application This air conditioner combines sleek design and easy integration into various d\u00e9cor<\/p>","protected":false},"author":1,"featured_media":0,"parent":0,"menu_order":0,"comment_status":"closed","ping_status":"closed","template":"elementor_header_footer","meta":{"footnotes":""},"class_list":["post-16311","page","type-page","status-publish","hentry"],"_links":{"self":[{"href":"https:\/\/gchv.gr\/sq\/wp-json\/wp\/v2\/pages\/16311","targetHints":{"allow":["GET"]}}],"collection":[{"href":"https:\/\/gchv.gr\/sq\/wp-json\/wp\/v2\/pages"}],"about":[{"href":"https:\/\/gchv.gr\/sq\/wp-json\/wp\/v2\/types\/page"}],"author":[{"embeddable":true,"href":"https:\/\/gchv.gr\/sq\/wp-json\/wp\/v2\/users\/1"}],"replies":[{"embeddable":true,"href":"https:\/\/gchv.gr\/sq\/wp-json\/wp\/v2\/comments?post=16311"}],"version-history":[{"count":7,"href":"https:\/\/gchv.gr\/sq\/wp-json\/wp\/v2\/pages\/16311\/revisions"}],"predecessor-version":[{"id":16501,"href":"https:\/\/gchv.gr\/sq\/wp-json\/wp\/v2\/pages\/16311\/revisions\/16501"}],"wp:attachment":[{"href":"https:\/\/gchv.gr\/sq\/wp-json\/wp\/v2\/media?parent=16311"}],"curies":[{"name":"wp","href":"https:\/\/api.w.org\/{rel}","templated":true}]}}