{"id":16298,"date":"2025-01-15T10:31:18","date_gmt":"2025-01-15T10:31:18","guid":{"rendered":"https:\/\/gchv.webtitans.gr\/?page_id=16298"},"modified":"2025-02-17T14:58:20","modified_gmt":"2025-02-17T14:58:20","slug":"air-handler","status":"publish","type":"page","link":"https:\/\/gchv.gr\/sq\/air-handler\/","title":{"rendered":"Transportuesi i ajrit"},"content":{"rendered":"<div data-elementor-type=\"wp-page\" data-elementor-id=\"16298\" class=\"elementor elementor-16298\" data-elementor-post-type=\"page\">\n\t\t\t\t<div class=\"elementor-element elementor-element-ade672e e-con-full e-flex wd-section-disabled e-con e-parent\" data-id=\"ade672e\" data-element_type=\"container\">\n\t\t\t\t<div class=\"elementor-element elementor-element-e7a4a38 elementor-widget elementor-widget-wd_image_or_svg\" data-id=\"e7a4a38\" data-element_type=\"widget\" data-widget_type=\"wd_image_or_svg.default\">\n\t\t\t\t<div class=\"elementor-widget-container\">\n\t\t\t\t\t\n\t\t<div class=\"wd-image text-left\">\n\t\t\t\t\t\t\t\t<img fetchpriority=\"high\" decoding=\"async\" width=\"2560\" height=\"1180\" src=\"https:\/\/gchv.gr\/wp-content\/uploads\/2025\/01\/20200827180020.jpg\" class=\"attachment-full size-full\" alt=\"\" srcset=\"https:\/\/gchv.gr\/wp-content\/uploads\/2025\/01\/20200827180020.jpg 2560w, https:\/\/gchv.gr\/wp-content\/uploads\/2025\/01\/20200827180020-400x184.jpg 400w, https:\/\/gchv.gr\/wp-content\/uploads\/2025\/01\/20200827180020-1300x599.jpg 1300w, https:\/\/gchv.gr\/wp-content\/uploads\/2025\/01\/20200827180020-768x354.jpg 768w, https:\/\/gchv.gr\/wp-content\/uploads\/2025\/01\/20200827180020-1536x708.jpg 1536w, https:\/\/gchv.gr\/wp-content\/uploads\/2025\/01\/20200827180020-2048x944.jpg 2048w, https:\/\/gchv.gr\/wp-content\/uploads\/2025\/01\/20200827180020-18x8.jpg 18w\" sizes=\"(max-width: 2560px) 100vw, 2560px\" \/>\t\t\t\t\t<\/div>\n\n\t\t\t\t\t\t<\/div>\n\t\t\t\t<\/div>\n\t\t\t\t<\/div>\n\t\t<div class=\"elementor-element elementor-element-494af7b e-flex e-con-boxed wd-section-disabled e-con e-parent\" data-id=\"494af7b\" data-element_type=\"container\" data-settings=\"{&quot;background_background&quot;:&quot;classic&quot;}\">\n\t\t\t\t\t<div class=\"e-con-inner\">\n\t\t<div class=\"elementor-element elementor-element-ef09003 e-flex e-con-boxed wd-section-disabled e-con e-child\" data-id=\"ef09003\" data-element_type=\"container\">\n\t\t\t\t\t<div class=\"e-con-inner\">\n\t\t\t\t<div class=\"elementor-element elementor-element-f5c6c6e elementor-widget elementor-widget-heading\" data-id=\"f5c6c6e\" data-element_type=\"widget\" data-widget_type=\"heading.default\">\n\t\t\t\t<div class=\"elementor-widget-container\">\n\t\t\t\t\t<h2 class=\"elementor-heading-title elementor-size-default\">Nj\u00ebsia p\u00ebrmban nj\u00eb shtres\u00eb t\u00eb lyer \u00e7eliku t\u00eb galvanizuar.<\/h2>\t\t\t\t<\/div>\n\t\t\t\t<\/div>\n\t\t\t\t\t<\/div>\n\t\t\t\t<\/div>\n\t\t<div class=\"elementor-element elementor-element-10409af e-flex e-con-boxed wd-section-disabled e-con e-child\" data-id=\"10409af\" data-element_type=\"container\">\n\t\t\t\t\t<div class=\"e-con-inner\">\n\t\t\t\t<div class=\"elementor-element elementor-element-b03c1ed elementor-widget elementor-widget-image\" data-id=\"b03c1ed\" data-element_type=\"widget\" data-widget_type=\"image.default\">\n\t\t\t\t<div class=\"elementor-widget-container\">\n\t\t\t\t\t\t\t\t\t\t\t\t\t\t\t<img decoding=\"async\" width=\"803\" height=\"800\" src=\"https:\/\/gchv.rs\/wp-content\/uploads\/2025\/01\/20200827180229-803x800.png\" class=\"attachment-large size-large wp-image-16301\" alt=\"\" srcset=\"https:\/\/gchv.rs\/wp-content\/uploads\/2025\/01\/20200827180229-803x800.png 803w, https:\/\/gchv.rs\/wp-content\/uploads\/2025\/01\/20200827180229-301x300.png 301w, https:\/\/gchv.rs\/wp-content\/uploads\/2025\/01\/20200827180229-150x150.png 150w, https:\/\/gchv.rs\/wp-content\/uploads\/2025\/01\/20200827180229-768x765.png 768w, https:\/\/gchv.rs\/wp-content\/uploads\/2025\/01\/20200827180229-12x12.png 12w, https:\/\/gchv.rs\/wp-content\/uploads\/2025\/01\/20200827180229.png 1200w\" sizes=\"(max-width: 803px) 100vw, 803px\" \/>\t\t\t\t\t\t\t\t\t\t\t\t\t\t\t<\/div>\n\t\t\t\t<\/div>\n\t\t\t\t\t<\/div>\n\t\t\t\t<\/div>\n\t\t\t\t\t<\/div>\n\t\t\t\t<\/div>\n\t\t<div class=\"elementor-element elementor-element-4caf2e5 e-con-full e-flex wd-section-disabled e-con e-parent\" data-id=\"4caf2e5\" data-element_type=\"container\">\n\t\t<div class=\"elementor-element elementor-element-a33e2bf e-con-full e-flex wd-section-disabled e-con e-child\" data-id=\"a33e2bf\" data-element_type=\"container\" data-settings=\"{&quot;background_background&quot;:&quot;classic&quot;}\">\n\t\t\t\t<div class=\"elementor-element elementor-element-47e5888 elementor-widget elementor-widget-heading\" data-id=\"47e5888\" data-element_type=\"widget\" data-widget_type=\"heading.default\">\n\t\t\t\t<div class=\"elementor-widget-container\">\n\t\t\t\t\t<h2 class=\"elementor-heading-title elementor-size-default\">Mbrojt\u00ebs t\u00eb ndrysh\u00ebm jan\u00eb n\u00eb dispozicion p\u00ebr tubacionet. Mbrojt\u00ebsi i tubit me dh\u00ebmb\u00eb \u00e7eliku \u00ebsht\u00eb standard, nd\u00ebrsa nj\u00eb rrjet\u00eb plastike gjithashtu mund t\u00eb personalizohet.<\/h2>\t\t\t\t<\/div>\n\t\t\t\t<\/div>\n\t\t\t\t<\/div>\n\t\t<div class=\"elementor-element elementor-element-7c08e9f e-con-full e-flex wd-section-disabled e-con e-child\" data-id=\"7c08e9f\" data-element_type=\"container\" data-settings=\"{&quot;background_background&quot;:&quot;classic&quot;}\">\n\t\t\t\t<div class=\"elementor-element elementor-element-98e25b0 elementor-widget elementor-widget-heading\" data-id=\"98e25b0\" data-element_type=\"widget\" data-widget_type=\"heading.default\">\n\t\t\t\t<div class=\"elementor-widget-container\">\n\t\t\t\t\t<h2 class=\"elementor-heading-title elementor-size-default\">Kompresori rrotullues i njohur globalisht ofron p\u00ebrgjigje t\u00eb shpejt\u00eb, funksionim m\u00eb t\u00eb fort\u00eb dhe m\u00eb t\u00eb q\u00ebndruesh\u00ebm.<\/h2>\t\t\t\t<\/div>\n\t\t\t\t<\/div>\n\t\t\t\t<\/div>\n\t\t\t\t<\/div>\n\t\t<div class=\"elementor-element elementor-element-657f50c e-flex e-con-boxed wd-section-disabled e-con e-parent\" data-id=\"657f50c\" data-element_type=\"container\" data-settings=\"{&quot;background_background&quot;:&quot;classic&quot;}\">\n\t\t\t\t\t<div class=\"e-con-inner\">\n\t\t\t\t<div class=\"elementor-element elementor-element-64d7bd3 elementor-widget elementor-widget-heading\" data-id=\"64d7bd3\" data-element_type=\"widget\" data-widget_type=\"heading.default\">\n\t\t\t\t<div class=\"elementor-widget-container\">\n\t\t\t\t\t<h2 class=\"elementor-heading-title elementor-size-default\">Gama e gjer\u00eb e temperatur\u00ebs s\u00eb funksionimit.<\/h2>\t\t\t\t<\/div>\n\t\t\t\t<\/div>\n\t\t\t\t\t<\/div>\n\t\t\t\t<\/div>\n\t\t<div class=\"elementor-element elementor-element-102f258 e-con-full e-flex wd-section-disabled e-con e-parent\" data-id=\"102f258\" data-element_type=\"container\">\n\t\t<div class=\"elementor-element elementor-element-ad06853 e-con-full e-flex wd-section-disabled e-con e-child\" data-id=\"ad06853\" data-element_type=\"container\" data-settings=\"{&quot;background_background&quot;:&quot;classic&quot;}\">\n\t\t\t\t<div class=\"elementor-element elementor-element-88befe6 elementor-widget elementor-widget-heading\" data-id=\"88befe6\" data-element_type=\"widget\" data-widget_type=\"heading.default\">\n\t\t\t\t<div class=\"elementor-widget-container\">\n\t\t\t\t\t<h2 class=\"elementor-heading-title elementor-size-default\">Tubat e kondensatorit jan\u00eb prej bakri me fije alumini t\u00eb p\u00ebrforcuar.<\/h2>\t\t\t\t<\/div>\n\t\t\t\t<\/div>\n\t\t\t\t<\/div>\n\t\t<div class=\"elementor-element elementor-element-524ddf8 e-con-full e-flex wd-section-disabled e-con e-child\" data-id=\"524ddf8\" data-element_type=\"container\" data-settings=\"{&quot;background_background&quot;:&quot;classic&quot;}\">\n\t\t\t\t<div class=\"elementor-element elementor-element-cb151d0 elementor-widget elementor-widget-heading\" data-id=\"cb151d0\" data-element_type=\"widget\" data-widget_type=\"heading.default\">\n\t\t\t\t<div class=\"elementor-widget-container\">\n\t\t\t\t\t<h2 class=\"elementor-heading-title elementor-size-default\">Programet e shkrirjes inteligjente: Nj\u00ebsia zgjedh programin e duhur t\u00eb shkrirjes bazuar n\u00eb kushtet n\u00eb koh\u00eb reale.<\/h2>\t\t\t\t<\/div>\n\t\t\t\t<\/div>\n\t\t\t\t<\/div>\n\t\t\t\t<\/div>\n\t\t<div class=\"elementor-element elementor-element-6695232 e-con-full e-flex wd-section-disabled e-con e-parent\" data-id=\"6695232\" data-element_type=\"container\">\n\t\t<div class=\"elementor-element elementor-element-1e0fe14 e-con-full e-flex wd-section-disabled e-con e-child\" data-id=\"1e0fe14\" data-element_type=\"container\" data-settings=\"{&quot;background_background&quot;:&quot;classic&quot;}\">\n\t\t\t\t<div class=\"elementor-element elementor-element-0a48dae elementor-widget elementor-widget-heading\" data-id=\"0a48dae\" data-element_type=\"widget\" data-widget_type=\"heading.default\">\n\t\t\t\t<div class=\"elementor-widget-container\">\n\t\t\t\t\t<h2 class=\"elementor-heading-title elementor-size-default\">P\u00ebrdoret nj\u00eb motor AC, i cili funksionon me nj\u00eb shpejt\u00ebsi t\u00eb vetme.<\/h2>\t\t\t\t<\/div>\n\t\t\t\t<\/div>\n\t\t\t\t<\/div>\n\t\t<div class=\"elementor-element elementor-element-c11393a e-con-full e-flex wd-section-disabled e-con e-child\" data-id=\"c11393a\" data-element_type=\"container\" data-settings=\"{&quot;background_background&quot;:&quot;classic&quot;}\">\n\t\t\t\t<div class=\"elementor-element elementor-element-b1042cf elementor-widget elementor-widget-heading\" data-id=\"b1042cf\" data-element_type=\"widget\" data-widget_type=\"heading.default\">\n\t\t\t\t<div class=\"elementor-widget-container\">\n\t\t\t\t\t<h2 class=\"elementor-heading-title elementor-size-default\">Karakteristika t\u00eb shumta mbrojt\u00ebse p\u00ebr t\u00eb parandaluar d\u00ebmtimin e nj\u00ebsis\u00eb.<\/h2>\t\t\t\t<\/div>\n\t\t\t\t<\/div>\n\t\t\t\t<\/div>\n\t\t\t\t<\/div>\n\t\t\t\t<\/div>","protected":false},"excerpt":{"rendered":"<p>The unit features a painted galvanized steel casing. Various protective guards are available for the piping. The steel finned tube<\/p>","protected":false},"author":1,"featured_media":0,"parent":0,"menu_order":0,"comment_status":"closed","ping_status":"closed","template":"elementor_header_footer","meta":{"footnotes":""},"class_list":["post-16298","page","type-page","status-publish","hentry"],"_links":{"self":[{"href":"https:\/\/gchv.gr\/sq\/wp-json\/wp\/v2\/pages\/16298","targetHints":{"allow":["GET"]}}],"collection":[{"href":"https:\/\/gchv.gr\/sq\/wp-json\/wp\/v2\/pages"}],"about":[{"href":"https:\/\/gchv.gr\/sq\/wp-json\/wp\/v2\/types\/page"}],"author":[{"embeddable":true,"href":"https:\/\/gchv.gr\/sq\/wp-json\/wp\/v2\/users\/1"}],"replies":[{"embeddable":true,"href":"https:\/\/gchv.gr\/sq\/wp-json\/wp\/v2\/comments?post=16298"}],"version-history":[{"count":7,"href":"https:\/\/gchv.gr\/sq\/wp-json\/wp\/v2\/pages\/16298\/revisions"}],"predecessor-version":[{"id":16498,"href":"https:\/\/gchv.gr\/sq\/wp-json\/wp\/v2\/pages\/16298\/revisions\/16498"}],"wp:attachment":[{"href":"https:\/\/gchv.gr\/sq\/wp-json\/wp\/v2\/media?parent=16298"}],"curies":[{"name":"wp","href":"https:\/\/api.w.org\/{rel}","templated":true}]}}