{"id":16284,"date":"2025-01-15T10:26:06","date_gmt":"2025-01-15T10:26:06","guid":{"rendered":"https:\/\/gchv.webtitans.gr\/?page_id=16284"},"modified":"2025-02-17T15:00:20","modified_gmt":"2025-02-17T15:00:20","slug":"360o-round-flow-cassette","status":"publish","type":"page","link":"https:\/\/gchv.gr\/sq\/360o-round-flow-cassette\/","title":{"rendered":"360o Round Flow Cassette"},"content":{"rendered":"<div data-elementor-type=\"wp-page\" data-elementor-id=\"16284\" class=\"elementor elementor-16284\" data-elementor-post-type=\"page\">\n\t\t\t\t<div class=\"elementor-element elementor-element-ade672e e-con-full e-flex wd-section-disabled e-con e-parent\" data-id=\"ade672e\" data-element_type=\"container\">\n\t\t\t\t<div class=\"elementor-element elementor-element-e7a4a38 elementor-widget elementor-widget-wd_image_or_svg\" data-id=\"e7a4a38\" data-element_type=\"widget\" data-widget_type=\"wd_image_or_svg.default\">\n\t\t\t\t<div class=\"elementor-widget-container\">\n\t\t\t\t\t\n\t\t<div class=\"wd-image text-left\">\n\t\t\t\t\t\t\t\t<img fetchpriority=\"high\" decoding=\"async\" width=\"2560\" height=\"1180\" src=\"https:\/\/gchv.gr\/wp-content\/uploads\/2025\/01\/20200827104632.jpg\" class=\"attachment-full size-full\" alt=\"\" srcset=\"https:\/\/gchv.gr\/wp-content\/uploads\/2025\/01\/20200827104632.jpg 2560w, https:\/\/gchv.gr\/wp-content\/uploads\/2025\/01\/20200827104632-400x184.jpg 400w, https:\/\/gchv.gr\/wp-content\/uploads\/2025\/01\/20200827104632-1300x599.jpg 1300w, https:\/\/gchv.gr\/wp-content\/uploads\/2025\/01\/20200827104632-768x354.jpg 768w, https:\/\/gchv.gr\/wp-content\/uploads\/2025\/01\/20200827104632-1536x708.jpg 1536w, https:\/\/gchv.gr\/wp-content\/uploads\/2025\/01\/20200827104632-2048x944.jpg 2048w, https:\/\/gchv.gr\/wp-content\/uploads\/2025\/01\/20200827104632-18x8.jpg 18w\" sizes=\"(max-width: 2560px) 100vw, 2560px\" \/>\t\t\t\t\t<\/div>\n\n\t\t\t\t\t\t<\/div>\n\t\t\t\t<\/div>\n\t\t\t\t<\/div>\n\t\t<div class=\"elementor-element elementor-element-494af7b e-flex e-con-boxed wd-section-disabled e-con e-parent\" data-id=\"494af7b\" data-element_type=\"container\" data-settings=\"{&quot;background_background&quot;:&quot;classic&quot;}\">\n\t\t\t\t\t<div class=\"e-con-inner\">\n\t\t<div class=\"elementor-element elementor-element-ef09003 e-flex e-con-boxed wd-section-disabled e-con e-child\" data-id=\"ef09003\" data-element_type=\"container\">\n\t\t\t\t\t<div class=\"e-con-inner\">\n\t\t\t\t<div class=\"elementor-element elementor-element-f5c6c6e elementor-widget elementor-widget-heading\" data-id=\"f5c6c6e\" data-element_type=\"widget\" data-widget_type=\"heading.default\">\n\t\t\t\t<div class=\"elementor-widget-container\">\n\t\t\t\t\t<h2 class=\"elementor-heading-title elementor-size-default\">Stil &amp; Eleganc\u00eb<\/h2>\t\t\t\t<\/div>\n\t\t\t\t<\/div>\n\t\t\t\t<div class=\"elementor-element elementor-element-089360f elementor-widget elementor-widget-heading\" data-id=\"089360f\" data-element_type=\"widget\" data-widget_type=\"heading.default\">\n\t\t\t\t<div class=\"elementor-widget-container\">\n\t\t\t\t\t<h2 class=\"elementor-heading-title elementor-size-default\">Nj\u00ebsia e brendshme p\u00ebrmban nj\u00eb dizajn t\u00eb unifikuar panelesh, duke ofruar nj\u00eb pamje t\u00eb rregullt dhe estetikisht t\u00eb k\u00ebndshme. Ngjyra e re e bardh\u00eb me shk\u00eblqim harmonizohet n\u00eb m\u00ebnyr\u00eb t\u00eb p\u00ebrkryer me \u00e7do stil dekorimi, duke shtuar nj\u00eb ndjenj\u00eb luksi.<\/h2>\t\t\t\t<\/div>\n\t\t\t\t<\/div>\n\t\t\t\t\t<\/div>\n\t\t\t\t<\/div>\n\t\t<div class=\"elementor-element elementor-element-10409af e-flex e-con-boxed wd-section-disabled e-con e-child\" data-id=\"10409af\" data-element_type=\"container\">\n\t\t\t\t\t<div class=\"e-con-inner\">\n\t\t\t\t<div class=\"elementor-element elementor-element-b03c1ed elementor-widget elementor-widget-image\" data-id=\"b03c1ed\" data-element_type=\"widget\" data-widget_type=\"image.default\">\n\t\t\t\t<div class=\"elementor-widget-container\">\n\t\t\t\t\t\t\t\t\t\t\t\t\t\t\t<img decoding=\"async\" width=\"803\" height=\"800\" src=\"https:\/\/gchv.rs\/wp-content\/uploads\/2025\/01\/20200727115755-803x800.png\" class=\"attachment-large size-large wp-image-16322\" alt=\"\" srcset=\"https:\/\/gchv.rs\/wp-content\/uploads\/2025\/01\/20200727115755-803x800.png 803w, https:\/\/gchv.rs\/wp-content\/uploads\/2025\/01\/20200727115755-301x300.png 301w, https:\/\/gchv.rs\/wp-content\/uploads\/2025\/01\/20200727115755-150x150.png 150w, https:\/\/gchv.rs\/wp-content\/uploads\/2025\/01\/20200727115755-768x765.png 768w, https:\/\/gchv.rs\/wp-content\/uploads\/2025\/01\/20200727115755-12x12.png 12w, https:\/\/gchv.rs\/wp-content\/uploads\/2025\/01\/20200727115755.png 1200w\" sizes=\"(max-width: 803px) 100vw, 803px\" \/>\t\t\t\t\t\t\t\t\t\t\t\t\t\t\t<\/div>\n\t\t\t\t<\/div>\n\t\t\t\t\t<\/div>\n\t\t\t\t<\/div>\n\t\t\t\t\t<\/div>\n\t\t\t\t<\/div>\n\t\t<div class=\"elementor-element elementor-element-4caf2e5 e-con-full e-flex wd-section-disabled e-con e-parent\" data-id=\"4caf2e5\" data-element_type=\"container\">\n\t\t<div class=\"elementor-element elementor-element-a33e2bf e-con-full e-flex wd-section-disabled e-con e-child\" data-id=\"a33e2bf\" data-element_type=\"container\" data-settings=\"{&quot;background_background&quot;:&quot;classic&quot;}\">\n\t\t\t\t<div class=\"elementor-element elementor-element-47e5888 elementor-widget elementor-widget-heading\" data-id=\"47e5888\" data-element_type=\"widget\" data-widget_type=\"heading.default\">\n\t\t\t\t<div class=\"elementor-widget-container\">\n\t\t\t\t\t<h2 class=\"elementor-heading-title elementor-size-default\">Rrjedhje e ajrit 360\u00b0<\/h2>\t\t\t\t<\/div>\n\t\t\t\t<\/div>\n\t\t\t\t<div class=\"elementor-element elementor-element-5d60793 elementor-widget elementor-widget-heading\" data-id=\"5d60793\" data-element_type=\"widget\" data-widget_type=\"heading.default\">\n\t\t\t\t<div class=\"elementor-widget-container\">\n\t\t\t\t\t<h2 class=\"elementor-heading-title elementor-size-default\">Dizajni 360\u00b0 siguron shp\u00ebrndarje t\u00eb barabart\u00eb t\u00eb ajrit pa pika t\u00eb vdekura. Rrjedha e but\u00eb dhe e qet\u00eb e ajrit arrin leht\u00ebsisht n\u00eb \u00e7do cep t\u00eb hap\u00ebsir\u00ebs, duke reduktuar ndryshimet e temperatur\u00ebs dhe duke mbajtur nj\u00eb klim\u00eb t\u00eb ekuilibruar n\u00eb t\u00eb gjith\u00eb dhom\u00ebn.<\/h2>\t\t\t\t<\/div>\n\t\t\t\t<\/div>\n\t\t\t\t<\/div>\n\t\t<div class=\"elementor-element elementor-element-7c08e9f e-con-full e-flex wd-section-disabled e-con e-child\" data-id=\"7c08e9f\" data-element_type=\"container\" data-settings=\"{&quot;background_background&quot;:&quot;classic&quot;}\">\n\t\t\t\t<div class=\"elementor-element elementor-element-98e25b0 elementor-widget elementor-widget-heading\" data-id=\"98e25b0\" data-element_type=\"widget\" data-widget_type=\"heading.default\">\n\t\t\t\t<div class=\"elementor-widget-container\">\n\t\t\t\t\t<h2 class=\"elementor-heading-title elementor-size-default\">Efikasitet i lart\u00eb<\/h2>\t\t\t\t<\/div>\n\t\t\t\t<\/div>\n\t\t\t\t<div class=\"elementor-element elementor-element-830865b elementor-widget elementor-widget-heading\" data-id=\"830865b\" data-element_type=\"widget\" data-widget_type=\"heading.default\">\n\t\t\t\t<div class=\"elementor-widget-container\">\n\t\t\t\t\t<h2 class=\"elementor-heading-title elementor-size-default\">Nj\u00eb pomp\u00eb uji e integruar me nj\u00eb kapacitet ngrit\u00ebs deri n\u00eb 1200 mm siguron funksionim efikas dhe kullim efektiv.<\/h2>\t\t\t\t<\/div>\n\t\t\t\t<\/div>\n\t\t\t\t<\/div>\n\t\t\t\t<\/div>\n\t\t<div class=\"elementor-element elementor-element-657f50c e-flex e-con-boxed wd-section-disabled e-con e-parent\" data-id=\"657f50c\" data-element_type=\"container\" data-settings=\"{&quot;background_background&quot;:&quot;classic&quot;}\">\n\t\t\t\t\t<div class=\"e-con-inner\">\n\t\t\t\t<div class=\"elementor-element elementor-element-64d7bd3 elementor-widget elementor-widget-heading\" data-id=\"64d7bd3\" data-element_type=\"widget\" data-widget_type=\"heading.default\">\n\t\t\t\t<div class=\"elementor-widget-container\">\n\t\t\t\t\t<h2 class=\"elementor-heading-title elementor-size-default\">Montim i leht\u00eb<\/h2>\t\t\t\t<\/div>\n\t\t\t\t<\/div>\n\t\t\t\t<div class=\"elementor-element elementor-element-f705236 elementor-widget elementor-widget-heading\" data-id=\"f705236\" data-element_type=\"widget\" data-widget_type=\"heading.default\">\n\t\t\t\t<div class=\"elementor-widget-container\">\n\t\t\t\t\t<h2 class=\"elementor-heading-title elementor-size-default\">Filtri i ri me jet\u00ebgjat\u00ebsi p\u00ebrmban nj\u00eb dizajn unik t\u00eb palosur q\u00eb mban pluhurin n\u00eb nj\u00eb m\u00ebnyr\u00eb jo uniforme. Kjo parandalon shp\u00ebrndarjen e shpejt\u00eb dhe uniforme t\u00eb pluhurit n\u00eb sip\u00ebrfaqen e filtrit, duke reduktuar rezistenc\u00ebn e ajrit dhe duke zgjatur jet\u00ebgjat\u00ebsin\u00eb e filtrit dhe intervalet e pastrimit.<\/h2>\t\t\t\t<\/div>\n\t\t\t\t<\/div>\n\t\t\t\t\t<\/div>\n\t\t\t\t<\/div>\n\t\t<div class=\"elementor-element elementor-element-102f258 e-con-full e-flex wd-section-disabled e-con e-parent\" data-id=\"102f258\" data-element_type=\"container\">\n\t\t<div class=\"elementor-element elementor-element-ad06853 e-con-full e-flex wd-section-disabled e-con e-child\" data-id=\"ad06853\" data-element_type=\"container\" data-settings=\"{&quot;background_background&quot;:&quot;classic&quot;}\">\n\t\t\t\t<div class=\"elementor-element elementor-element-88befe6 elementor-widget elementor-widget-heading\" data-id=\"88befe6\" data-element_type=\"widget\" data-widget_type=\"heading.default\">\n\t\t\t\t<div class=\"elementor-widget-container\">\n\t\t\t\t\t<h2 class=\"elementor-heading-title elementor-size-default\">Zhur\u00ebm e ul\u00ebt\n<\/h2>\t\t\t\t<\/div>\n\t\t\t\t<\/div>\n\t\t\t\t<div class=\"elementor-element elementor-element-1a38a87 elementor-widget elementor-widget-heading\" data-id=\"1a38a87\" data-element_type=\"widget\" data-widget_type=\"heading.default\">\n\t\t\t\t<div class=\"elementor-widget-container\">\n\t\t\t\t\t<h2 class=\"elementor-heading-title elementor-size-default\">Ventilatori i ri turbo p\u00ebrmban tehe spirale tredimensionale, t\u00eb bazuara n\u00eb teknologjin\u00eb e hap\u00ebsir\u00ebs ajrore, duke siguruar rrjedhje t\u00eb qet\u00eb t\u00eb ajrit, v\u00ebllim t\u00eb lart\u00eb ajri dhe shp\u00ebrndarje t\u00eb q\u00ebndrueshme. Zhurma nga rrjedha e ajrit dyt\u00ebsor reduktohet ndjesh\u00ebm, duke siguruar funksionim t\u00eb heshtur dhe t\u00eb rehatsh\u00ebm.<\/h2>\t\t\t\t<\/div>\n\t\t\t\t<\/div>\n\t\t\t\t<\/div>\n\t\t<div class=\"elementor-element elementor-element-524ddf8 e-con-full e-flex wd-section-disabled e-con e-child\" data-id=\"524ddf8\" data-element_type=\"container\" data-settings=\"{&quot;background_background&quot;:&quot;classic&quot;}\">\n\t\t\t\t<div class=\"elementor-element elementor-element-cb151d0 elementor-widget elementor-widget-heading\" data-id=\"cb151d0\" data-element_type=\"widget\" data-widget_type=\"heading.default\">\n\t\t\t\t<div class=\"elementor-widget-container\">\n\t\t\t\t\t<h2 class=\"elementor-heading-title elementor-size-default\">Ajri i fresk\u00ebt\n<\/h2>\t\t\t\t<\/div>\n\t\t\t\t<\/div>\n\t\t\t\t<div class=\"elementor-element elementor-element-7c5e25c elementor-widget elementor-widget-heading\" data-id=\"7c5e25c\" data-element_type=\"widget\" data-widget_type=\"heading.default\">\n\t\t\t\t<div class=\"elementor-widget-container\">\n\t\t\t\t\t<h2 class=\"elementor-heading-title elementor-size-default\">Dizajni i kombinuar i filtrave t\u00eb marrjes s\u00eb ajrit t\u00eb fresk\u00ebt dhe t\u00eb kthimit e ndotin ajrin e brendsh\u00ebm. Deri n\u00eb 15% aj\u00ebr t\u00eb past\u00ebr mund t\u00eb hyj\u00eb n\u00eb dhom\u00eb, duke ju lejuar t\u00eb shijoni nj\u00eb atmosfer\u00eb t\u00eb past\u00ebr dhe t\u00eb fresk\u00ebt pa dal\u00eb nga sht\u00ebpia.<\/h2>\t\t\t\t<\/div>\n\t\t\t\t<\/div>\n\t\t\t\t<\/div>\n\t\t\t\t<\/div>\n\t\t\t\t<\/div>","protected":false},"excerpt":{"rendered":"<p>Style &amp; Elegance The indoor unit features a unified panel design, offering a tidy and aesthetically pleasing appearance. The new<\/p>","protected":false},"author":1,"featured_media":0,"parent":0,"menu_order":0,"comment_status":"closed","ping_status":"closed","template":"elementor_header_footer","meta":{"footnotes":""},"class_list":["post-16284","page","type-page","status-publish","hentry"],"_links":{"self":[{"href":"https:\/\/gchv.gr\/sq\/wp-json\/wp\/v2\/pages\/16284","targetHints":{"allow":["GET"]}}],"collection":[{"href":"https:\/\/gchv.gr\/sq\/wp-json\/wp\/v2\/pages"}],"about":[{"href":"https:\/\/gchv.gr\/sq\/wp-json\/wp\/v2\/types\/page"}],"author":[{"embeddable":true,"href":"https:\/\/gchv.gr\/sq\/wp-json\/wp\/v2\/users\/1"}],"replies":[{"embeddable":true,"href":"https:\/\/gchv.gr\/sq\/wp-json\/wp\/v2\/comments?post=16284"}],"version-history":[{"count":11,"href":"https:\/\/gchv.gr\/sq\/wp-json\/wp\/v2\/pages\/16284\/revisions"}],"predecessor-version":[{"id":16504,"href":"https:\/\/gchv.gr\/sq\/wp-json\/wp\/v2\/pages\/16284\/revisions\/16504"}],"wp:attachment":[{"href":"https:\/\/gchv.gr\/sq\/wp-json\/wp\/v2\/media?parent=16284"}],"curies":[{"name":"wp","href":"https:\/\/api.w.org\/{rel}","templated":true}]}}