{"id":16026,"date":"2024-10-23T07:49:55","date_gmt":"2024-10-23T07:49:55","guid":{"rendered":"https:\/\/gchv.webtitans.gr\/?page_id=16026"},"modified":"2025-02-17T14:53:25","modified_gmt":"2025-02-17T14:53:25","slug":"commercial-air-source-heat-pump","status":"publish","type":"page","link":"https:\/\/gchv.gr\/sq\/commercial-air-source-heat-pump\/","title":{"rendered":"Pomp\u00eb nxeht\u00ebsie komerciale me burim ajri"},"content":{"rendered":"<div data-elementor-type=\"wp-page\" data-elementor-id=\"16026\" class=\"elementor elementor-16026\" data-elementor-post-type=\"page\">\n\t\t\t\t<div class=\"elementor-element elementor-element-ade672e e-con-full e-flex wd-section-disabled e-con e-parent\" data-id=\"ade672e\" data-element_type=\"container\">\n\t\t\t\t<div class=\"elementor-element elementor-element-e7a4a38 elementor-widget elementor-widget-wd_image_or_svg\" data-id=\"e7a4a38\" data-element_type=\"widget\" data-widget_type=\"wd_image_or_svg.default\">\n\t\t\t\t<div class=\"elementor-widget-container\">\n\t\t\t\t\t\n\t\t<div class=\"wd-image text-left\">\n\t\t\t\t\t\t\t\t<img fetchpriority=\"high\" decoding=\"async\" width=\"2048\" height=\"944\" src=\"https:\/\/gchv.gr\/wp-content\/uploads\/2024\/10\/20200827150544.jpg\" class=\"attachment-full size-full\" alt=\"\" srcset=\"https:\/\/gchv.gr\/wp-content\/uploads\/2024\/10\/20200827150544.jpg 2048w, https:\/\/gchv.gr\/wp-content\/uploads\/2024\/10\/20200827150544-400x184.jpg 400w, https:\/\/gchv.gr\/wp-content\/uploads\/2024\/10\/20200827150544-1300x599.jpg 1300w, https:\/\/gchv.gr\/wp-content\/uploads\/2024\/10\/20200827150544-768x354.jpg 768w, https:\/\/gchv.gr\/wp-content\/uploads\/2024\/10\/20200827150544-1536x708.jpg 1536w, https:\/\/gchv.gr\/wp-content\/uploads\/2024\/10\/20200827150544-18x8.jpg 18w\" sizes=\"(max-width: 2048px) 100vw, 2048px\" \/>\t\t\t\t\t<\/div>\n\n\t\t\t\t\t\t<\/div>\n\t\t\t\t<\/div>\n\t\t\t\t<\/div>\n\t\t<div class=\"elementor-element elementor-element-494af7b e-flex e-con-boxed wd-section-disabled e-con e-parent\" data-id=\"494af7b\" data-element_type=\"container\" data-settings=\"{&quot;background_background&quot;:&quot;classic&quot;}\">\n\t\t\t\t\t<div class=\"e-con-inner\">\n\t\t<div class=\"elementor-element elementor-element-ef09003 e-flex e-con-boxed wd-section-disabled e-con e-child\" data-id=\"ef09003\" data-element_type=\"container\">\n\t\t\t\t\t<div class=\"e-con-inner\">\n\t\t\t\t<div class=\"elementor-element elementor-element-01863a4 elementor-widget elementor-widget-heading\" data-id=\"01863a4\" data-element_type=\"widget\" data-widget_type=\"heading.default\">\n\t\t\t\t<div class=\"elementor-widget-container\">\n\t\t\t\t\t<h2 class=\"elementor-heading-title elementor-size-default\">Kompresor Copeland<\/h2>\t\t\t\t<\/div>\n\t\t\t\t<\/div>\n\t\t\t\t<div class=\"elementor-element elementor-element-f705236 elementor-widget elementor-widget-heading\" data-id=\"f705236\" data-element_type=\"widget\" data-widget_type=\"heading.default\">\n\t\t\t\t<div class=\"elementor-widget-container\">\n\t\t\t\t\t<h2 class=\"elementor-heading-title elementor-size-default\">Kompresori Copeland, i projektuar posa\u00e7\u00ebrisht p\u00ebr sistemet e pompave t\u00eb nxeht\u00ebsis\u00eb, ofron performanc\u00eb t\u00eb optimizuar n\u00eb krahasim me kompresor\u00ebt tradicional\u00eb me rrotullim t\u00eb p\u00ebrdorur n\u00eb kondicioner\u00ebt dhe pompat e p\u00ebrgjithshme t\u00eb nxeht\u00ebsis\u00eb. Performanca e tij n\u00eb temperatura t\u00eb ul\u00ebta t\u00eb ambientit dhe ujit \u00ebsht\u00eb p\u00ebrmir\u00ebsuar dhe efikasiteti i tij i fillimit \u00ebsht\u00eb p\u00ebrmir\u00ebsuar. Temperatura e lejuar e kondensimit dhe diapazoni i temperatur\u00ebs s\u00eb avullimit jan\u00eb zgjeruar, nd\u00ebrsa besueshm\u00ebria e tij n\u00eb kushte ekstreme - si vera t\u00eb fresk\u00ebta ose dim\u00ebr t\u00eb ashp\u00ebr - \u00ebsht\u00eb p\u00ebrmir\u00ebsuar ndjesh\u00ebm. Ky kompresor \u00ebsht\u00eb i q\u00ebndruesh\u00ebm dhe efikas edhe n\u00eb kushte t\u00eb v\u00ebshtira pune si ngarkesa e lart\u00eb dhe kompresimi i lart\u00eb, duke siguruar nj\u00eb jet\u00ebgjat\u00ebsi m\u00eb t\u00eb gjat\u00eb dhe performanc\u00eb t\u00eb besueshme.<\/h2>\t\t\t\t<\/div>\n\t\t\t\t<\/div>\n\t\t\t\t\t<\/div>\n\t\t\t\t<\/div>\n\t\t<div class=\"elementor-element elementor-element-10409af e-flex e-con-boxed wd-section-disabled e-con e-child\" data-id=\"10409af\" data-element_type=\"container\">\n\t\t\t\t\t<div class=\"e-con-inner\">\n\t\t\t\t<div class=\"elementor-element elementor-element-b03c1ed elementor-widget elementor-widget-image\" data-id=\"b03c1ed\" data-element_type=\"widget\" data-widget_type=\"image.default\">\n\t\t\t\t<div class=\"elementor-widget-container\">\n\t\t\t\t\t\t\t\t\t\t\t\t\t\t\t<img decoding=\"async\" width=\"803\" height=\"800\" src=\"https:\/\/gchv.al\/wp-content\/uploads\/2024\/10\/20200727160220-803x800.png\" class=\"attachment-large size-large wp-image-16029\" alt=\"\" srcset=\"https:\/\/gchv.al\/wp-content\/uploads\/2024\/10\/20200727160220-803x800.png 803w, https:\/\/gchv.al\/wp-content\/uploads\/2024\/10\/20200727160220-301x300.png 301w, https:\/\/gchv.al\/wp-content\/uploads\/2024\/10\/20200727160220-150x150.png 150w, https:\/\/gchv.al\/wp-content\/uploads\/2024\/10\/20200727160220-768x765.png 768w, https:\/\/gchv.al\/wp-content\/uploads\/2024\/10\/20200727160220.png 1200w\" sizes=\"(max-width: 803px) 100vw, 803px\" \/>\t\t\t\t\t\t\t\t\t\t\t\t\t\t\t<\/div>\n\t\t\t\t<\/div>\n\t\t\t\t\t<\/div>\n\t\t\t\t<\/div>\n\t\t\t\t\t<\/div>\n\t\t\t\t<\/div>\n\t\t<div class=\"elementor-element elementor-element-4caf2e5 e-con-full e-flex wd-section-disabled e-con e-parent\" data-id=\"4caf2e5\" data-element_type=\"container\">\n\t\t<div class=\"elementor-element elementor-element-a33e2bf e-con-full e-flex wd-section-disabled e-con e-child\" data-id=\"a33e2bf\" data-element_type=\"container\" data-settings=\"{&quot;background_background&quot;:&quot;classic&quot;}\">\n\t\t\t\t<div class=\"elementor-element elementor-element-f5c6c6e elementor-widget elementor-widget-heading\" data-id=\"f5c6c6e\" data-element_type=\"widget\" data-widget_type=\"heading.default\">\n\t\t\t\t<div class=\"elementor-widget-container\">\n\t\t\t\t\t<h2 class=\"elementor-heading-title elementor-size-default\">Efikasiteti i Energjis\u00eb<\/h2>\t\t\t\t<\/div>\n\t\t\t\t<\/div>\n\t\t\t\t<div class=\"elementor-element elementor-element-d3d3a6e elementor-widget elementor-widget-wd_text_block\" data-id=\"d3d3a6e\" data-element_type=\"widget\" data-widget_type=\"wd_text_block.default\">\n\t\t\t\t<div class=\"elementor-widget-container\">\n\t\t\t\t\t\t\t\t<link rel=\"stylesheet\" id=\"wd-text-block-css\" href=\"https:\/\/gchv.gr\/wp-content\/themes\/woodmart\/css\/parts\/el-text-block.min.css?ver=7.3.2\" type=\"text\/css\" media=\"all\" \/> \t\t\t\t\t<div class=\"wd-text-block reset-last-child text-left\">\n\t\t\t\n\t\t\t<div class=\"position-full\"><div class=\"xqc-con\"><div class=\"xqtitle60 wow slideInUp\"><p>Tubi i shk\u00ebmbyesit t\u00eb nxeht\u00ebsis\u00eb me val\u00eb spirale t\u00eb tipit t\u00eb ri me shum\u00eb koka siguron performanc\u00eb t\u00eb jasht\u00ebzakonshme dhe efikasitet t\u00eb lart\u00eb t\u00eb transferimit t\u00eb nxeht\u00ebsis\u00eb.<\/p><\/div><\/div><\/div>\n\t\t\t\t\t<\/div>\n\t\t\t\t\t\t<\/div>\n\t\t\t\t<\/div>\n\t\t\t\t<\/div>\n\t\t<div class=\"elementor-element elementor-element-7c08e9f e-con-full e-flex wd-section-disabled e-con e-child\" data-id=\"7c08e9f\" data-element_type=\"container\" data-settings=\"{&quot;background_background&quot;:&quot;classic&quot;}\">\n\t\t\t\t<div class=\"elementor-element elementor-element-98e25b0 elementor-widget elementor-widget-heading\" data-id=\"98e25b0\" data-element_type=\"widget\" data-widget_type=\"heading.default\">\n\t\t\t\t<div class=\"elementor-widget-container\">\n\t\t\t\t\t<h2 class=\"elementor-heading-title elementor-size-default\">Stabiliteti dhe Besueshm\u00ebria<\/h2>\t\t\t\t<\/div>\n\t\t\t\t<\/div>\n\t\t\t\t<div class=\"elementor-element elementor-element-4f44455 elementor-widget elementor-widget-wd_text_block\" data-id=\"4f44455\" data-element_type=\"widget\" data-widget_type=\"wd_text_block.default\">\n\t\t\t\t<div class=\"elementor-widget-container\">\n\t\t\t\t\t\t\t<div class=\"wd-text-block reset-last-child text-left\">\n\t\t\t\n\t\t\t<p>Dizajni modular dhe teknologjia e avancuar e kontrollit kontribuojn\u00eb n\u00eb jet\u00ebgjat\u00ebsin\u00eb e gjat\u00eb t\u00eb sh\u00ebrbimit t\u00eb sistemit, duke siguruar funksionim t\u00eb q\u00ebndruesh\u00ebm dhe t\u00eb besuesh\u00ebm p\u00ebr periudha t\u00eb gjata.<\/p>\n\t\t\t\t\t<\/div>\n\t\t\t\t\t\t<\/div>\n\t\t\t\t<\/div>\n\t\t\t\t<\/div>\n\t\t\t\t<\/div>\n\t\t<div class=\"elementor-element elementor-element-657f50c e-flex e-con-boxed wd-section-disabled e-con e-parent\" data-id=\"657f50c\" data-element_type=\"container\" data-settings=\"{&quot;background_background&quot;:&quot;classic&quot;}\">\n\t\t\t\t\t<div class=\"e-con-inner\">\n\t\t\t\t<div class=\"elementor-element elementor-element-64d7bd3 elementor-widget elementor-widget-heading\" data-id=\"64d7bd3\" data-element_type=\"widget\" data-widget_type=\"heading.default\">\n\t\t\t\t<div class=\"elementor-widget-container\">\n\t\t\t\t\t<h2 class=\"elementor-heading-title elementor-size-default\">Furnizimi i besuesh\u00ebm me uj\u00eb t\u00eb ngroht\u00eb 24\/7<\/h2>\t\t\t\t<\/div>\n\t\t\t\t<\/div>\n\t\t\t\t<div class=\"elementor-element elementor-element-15f3699 color-scheme-inherit text-left elementor-widget elementor-widget-text-editor\" data-id=\"15f3699\" data-element_type=\"widget\" data-widget_type=\"text-editor.default\">\n\t\t\t\t<div class=\"elementor-widget-container\">\n\t\t\t\t\t\t\t\t\t<div class=\"gprs text-center\"><div class=\"middle-box\"><div class=\"middle-inner\"><div class=\"w2700\"><div class=\"xqtitle60 xqtitle60-fff wow slideInUp\"><p>Me rezervuarin e mbajtjes s\u00eb nxeht\u00ebsis\u00eb, sistemi siguron vazhdimisht uj\u00eb t\u00eb nxeht\u00eb me temperatur\u00eb t\u00eb lart\u00eb, edhe gjat\u00eb nat\u00ebs. N\u00eb rast t\u00eb r\u00ebnies s\u00eb temperatur\u00ebs, sistemi i ngrohjes e rikthen shpejt ujin n\u00eb temperatur\u00ebn e d\u00ebshiruar, duke siguruar kushte t\u00eb q\u00ebndrueshme dhe kursim t\u00eb energjis\u00eb. Gjat\u00eb or\u00ebve t\u00eb pikut, funksioni i ngrohjes me rrjedhje t\u00eb lart\u00eb siguron nj\u00eb furnizim t\u00eb pand\u00ebrprer\u00eb me uj\u00eb t\u00eb nxeht\u00eb.<\/p><\/div><\/div><\/div><\/div><\/div>\t\t\t\t\t\t\t\t<\/div>\n\t\t\t\t<\/div>\n\t\t\t\t\t<\/div>\n\t\t\t\t<\/div>\n\t\t\t\t<\/div>","protected":false},"excerpt":{"rendered":"<p>Copeland Compressor The Copeland compressor, specifically designed for heat pump systems, offers optimized performance compared to traditional scroll compressors used<\/p>","protected":false},"author":1,"featured_media":0,"parent":0,"menu_order":0,"comment_status":"closed","ping_status":"closed","template":"elementor_header_footer","meta":{"footnotes":""},"class_list":["post-16026","page","type-page","status-publish","hentry"],"_links":{"self":[{"href":"https:\/\/gchv.gr\/sq\/wp-json\/wp\/v2\/pages\/16026","targetHints":{"allow":["GET"]}}],"collection":[{"href":"https:\/\/gchv.gr\/sq\/wp-json\/wp\/v2\/pages"}],"about":[{"href":"https:\/\/gchv.gr\/sq\/wp-json\/wp\/v2\/types\/page"}],"author":[{"embeddable":true,"href":"https:\/\/gchv.gr\/sq\/wp-json\/wp\/v2\/users\/1"}],"replies":[{"embeddable":true,"href":"https:\/\/gchv.gr\/sq\/wp-json\/wp\/v2\/comments?post=16026"}],"version-history":[{"count":7,"href":"https:\/\/gchv.gr\/sq\/wp-json\/wp\/v2\/pages\/16026\/revisions"}],"predecessor-version":[{"id":16486,"href":"https:\/\/gchv.gr\/sq\/wp-json\/wp\/v2\/pages\/16026\/revisions\/16486"}],"wp:attachment":[{"href":"https:\/\/gchv.gr\/sq\/wp-json\/wp\/v2\/media?parent=16026"}],"curies":[{"name":"wp","href":"https:\/\/api.w.org\/{rel}","templated":true}]}}