{"id":16017,"date":"2024-10-23T07:46:52","date_gmt":"2024-10-23T07:46:52","guid":{"rendered":"https:\/\/gchv.webtitans.gr\/?page_id=16017"},"modified":"2025-02-17T14:52:13","modified_gmt":"2025-02-17T14:52:13","slug":"low-temperature-air-source-heat-pump","status":"publish","type":"page","link":"https:\/\/gchv.gr\/sq\/low-temperature-air-source-heat-pump\/","title":{"rendered":"Pomp\u00eb nxeht\u00ebsie me burim ajri me temperatur\u00eb t\u00eb ul\u00ebt"},"content":{"rendered":"<div data-elementor-type=\"wp-page\" data-elementor-id=\"16017\" class=\"elementor elementor-16017\" data-elementor-post-type=\"page\">\n\t\t\t\t<div class=\"elementor-element elementor-element-ade672e e-con-full e-flex wd-section-disabled e-con e-parent\" data-id=\"ade672e\" data-element_type=\"container\">\n\t\t\t\t<div class=\"elementor-element elementor-element-e7a4a38 elementor-widget elementor-widget-wd_image_or_svg\" data-id=\"e7a4a38\" data-element_type=\"widget\" data-widget_type=\"wd_image_or_svg.default\">\n\t\t\t\t<div class=\"elementor-widget-container\">\n\t\t\t\t\t\n\t\t<div class=\"wd-image text-left\">\n\t\t\t\t\t\t\t\t<img fetchpriority=\"high\" decoding=\"async\" width=\"2048\" height=\"944\" src=\"https:\/\/gchv.gr\/wp-content\/uploads\/2024\/10\/20200827150406.jpg\" class=\"attachment-full size-full\" alt=\"\" srcset=\"https:\/\/gchv.gr\/wp-content\/uploads\/2024\/10\/20200827150406.jpg 2048w, https:\/\/gchv.gr\/wp-content\/uploads\/2024\/10\/20200827150406-400x184.jpg 400w, https:\/\/gchv.gr\/wp-content\/uploads\/2024\/10\/20200827150406-1300x599.jpg 1300w, https:\/\/gchv.gr\/wp-content\/uploads\/2024\/10\/20200827150406-768x354.jpg 768w, https:\/\/gchv.gr\/wp-content\/uploads\/2024\/10\/20200827150406-1536x708.jpg 1536w, https:\/\/gchv.gr\/wp-content\/uploads\/2024\/10\/20200827150406-18x8.jpg 18w\" sizes=\"(max-width: 2048px) 100vw, 2048px\" \/>\t\t\t\t\t<\/div>\n\n\t\t\t\t\t\t<\/div>\n\t\t\t\t<\/div>\n\t\t\t\t<\/div>\n\t\t<div class=\"elementor-element elementor-element-494af7b e-flex e-con-boxed wd-section-disabled e-con e-parent\" data-id=\"494af7b\" data-element_type=\"container\" data-settings=\"{&quot;background_background&quot;:&quot;classic&quot;}\">\n\t\t\t\t\t<div class=\"e-con-inner\">\n\t\t<div class=\"elementor-element elementor-element-ef09003 e-flex e-con-boxed wd-section-disabled e-con e-child\" data-id=\"ef09003\" data-element_type=\"container\">\n\t\t\t\t\t<div class=\"e-con-inner\">\n\t\t\t\t<div class=\"elementor-element elementor-element-01863a4 elementor-widget elementor-widget-heading\" data-id=\"01863a4\" data-element_type=\"widget\" data-widget_type=\"heading.default\">\n\t\t\t\t<div class=\"elementor-widget-container\">\n\t\t\t\t\t<h2 class=\"elementor-heading-title elementor-size-default\">Zgjidhje gjith\u00ebp\u00ebrfshir\u00ebse p\u00ebr ngrohje dhe ftohje<\/h2>\t\t\t\t<\/div>\n\t\t\t\t<\/div>\n\t\t\t\t<div class=\"elementor-element elementor-element-f705236 elementor-widget elementor-widget-heading\" data-id=\"f705236\" data-element_type=\"widget\" data-widget_type=\"heading.default\">\n\t\t\t\t<div class=\"elementor-widget-container\">\n\t\t\t\t\t<h2 class=\"elementor-heading-title elementor-size-default\">Sistemi i pomp\u00ebs s\u00eb nxeht\u00ebsis\u00eb me burim ajri kombinon ngrohjen dhe ftohjen, duke ofruar nj\u00eb zgjidhje t\u00eb plot\u00eb p\u00ebr nevojat e rehatis\u00eb s\u00eb p\u00ebrdoruesit gjat\u00eb gjith\u00eb vitit. Kjo teknologji inovative rrit cil\u00ebsin\u00eb e jet\u00ebs duke siguruar nj\u00eb ambient t\u00eb brendsh\u00ebm t\u00eb k\u00ebndsh\u00ebm dhe t\u00eb sh\u00ebndetsh\u00ebm p\u00ebr sht\u00ebpin\u00eb tuaj.<\/h2>\t\t\t\t<\/div>\n\t\t\t\t<\/div>\n\t\t\t\t\t<\/div>\n\t\t\t\t<\/div>\n\t\t<div class=\"elementor-element elementor-element-10409af e-flex e-con-boxed wd-section-disabled e-con e-child\" data-id=\"10409af\" data-element_type=\"container\">\n\t\t\t\t\t<div class=\"e-con-inner\">\n\t\t\t\t<div class=\"elementor-element elementor-element-b03c1ed elementor-widget elementor-widget-image\" data-id=\"b03c1ed\" data-element_type=\"widget\" data-widget_type=\"image.default\">\n\t\t\t\t<div class=\"elementor-widget-container\">\n\t\t\t\t\t\t\t\t\t\t\t\t\t\t\t<img decoding=\"async\" width=\"803\" height=\"800\" src=\"https:\/\/gchv.al\/wp-content\/uploads\/2024\/10\/20200827150351-803x800.png\" class=\"attachment-large size-large wp-image-16019\" alt=\"\" srcset=\"https:\/\/gchv.al\/wp-content\/uploads\/2024\/10\/20200827150351-803x800.png 803w, https:\/\/gchv.al\/wp-content\/uploads\/2024\/10\/20200827150351-301x300.png 301w, https:\/\/gchv.al\/wp-content\/uploads\/2024\/10\/20200827150351-150x150.png 150w, https:\/\/gchv.al\/wp-content\/uploads\/2024\/10\/20200827150351-768x765.png 768w, https:\/\/gchv.al\/wp-content\/uploads\/2024\/10\/20200827150351.png 1200w\" sizes=\"(max-width: 803px) 100vw, 803px\" \/>\t\t\t\t\t\t\t\t\t\t\t\t\t\t\t<\/div>\n\t\t\t\t<\/div>\n\t\t\t\t\t<\/div>\n\t\t\t\t<\/div>\n\t\t\t\t\t<\/div>\n\t\t\t\t<\/div>\n\t\t<div class=\"elementor-element elementor-element-4caf2e5 e-con-full e-flex wd-section-disabled e-con e-parent\" data-id=\"4caf2e5\" data-element_type=\"container\">\n\t\t<div class=\"elementor-element elementor-element-a33e2bf e-con-full e-flex wd-section-disabled e-con e-child\" data-id=\"a33e2bf\" data-element_type=\"container\" data-settings=\"{&quot;background_background&quot;:&quot;classic&quot;}\">\n\t\t\t\t<div class=\"elementor-element elementor-element-f5c6c6e elementor-widget elementor-widget-heading\" data-id=\"f5c6c6e\" data-element_type=\"widget\" data-widget_type=\"heading.default\">\n\t\t\t\t<div class=\"elementor-widget-container\">\n\t\t\t\t\t<h2 class=\"elementor-heading-title elementor-size-default\">Kursimi i energjis\u00eb dhe kostos<\/h2>\t\t\t\t<\/div>\n\t\t\t\t<\/div>\n\t\t\t\t<div class=\"elementor-element elementor-element-d3d3a6e elementor-widget elementor-widget-wd_text_block\" data-id=\"d3d3a6e\" data-element_type=\"widget\" data-widget_type=\"wd_text_block.default\">\n\t\t\t\t<div class=\"elementor-widget-container\">\n\t\t\t\t\t\t\t\t<link rel=\"stylesheet\" id=\"wd-text-block-css\" href=\"https:\/\/gchv.gr\/wp-content\/themes\/woodmart\/css\/parts\/el-text-block.min.css?ver=7.3.2\" type=\"text\/css\" media=\"all\" \/> \t\t\t\t\t<div class=\"wd-text-block reset-last-child text-left\">\n\t\t\t\n\t\t\t<div class=\"position-full\"><div class=\"xqc-con\"><div class=\"xqtitle60 wow slideInUp\"><p>Sistemi funksionon duke konsumuar vet\u00ebm nj\u00eb sasi t\u00eb vog\u00ebl energjie elektrike p\u00ebr t\u00eb drejtuar kompresorin, nd\u00ebrsa nj\u00ebkoh\u00ebsisht t\u00ebrheq sasi t\u00eb m\u00ebdha energjie t\u00eb lir\u00eb nga ajri i jasht\u00ebm dhe e transferon at\u00eb n\u00eb sht\u00ebpi. Kjo do t\u00eb thot\u00eb se nj\u00eb pjes\u00eb e vog\u00ebl e energjis\u00eb elektrike mund t\u00eb gjeneroj\u00eb sasi t\u00eb konsiderueshme t\u00eb nxeht\u00ebsis\u00eb, duke p\u00ebrmir\u00ebsuar efikasitetin e energjis\u00eb dhe duke reduktuar n\u00eb m\u00ebnyr\u00eb drastike kostot e energjis\u00eb.<\/p><\/div><\/div><\/div>\n\t\t\t\t\t<\/div>\n\t\t\t\t\t\t<\/div>\n\t\t\t\t<\/div>\n\t\t\t\t<\/div>\n\t\t<div class=\"elementor-element elementor-element-7c08e9f e-con-full e-flex wd-section-disabled e-con e-child\" data-id=\"7c08e9f\" data-element_type=\"container\" data-settings=\"{&quot;background_background&quot;:&quot;classic&quot;}\">\n\t\t\t\t<div class=\"elementor-element elementor-element-98e25b0 elementor-widget elementor-widget-heading\" data-id=\"98e25b0\" data-element_type=\"widget\" data-widget_type=\"heading.default\">\n\t\t\t\t<div class=\"elementor-widget-container\">\n\t\t\t\t\t<h2 class=\"elementor-heading-title elementor-size-default\">Ngrohje e sht\u00ebpis\u00eb miq\u00ebsore me mjedisin<\/h2>\t\t\t\t<\/div>\n\t\t\t\t<\/div>\n\t\t\t\t<div class=\"elementor-element elementor-element-4f44455 elementor-widget elementor-widget-wd_text_block\" data-id=\"4f44455\" data-element_type=\"widget\" data-widget_type=\"wd_text_block.default\">\n\t\t\t\t<div class=\"elementor-widget-container\">\n\t\t\t\t\t\t\t<div class=\"wd-text-block reset-last-child text-left\">\n\t\t\t\n\t\t\t<p>Metodat tradicionale t\u00eb ngrohjes jan\u00eb shpesh ose t\u00eb shtrenjta ose m\u00eb pak miq\u00ebsore me mjedisin. Pompa e nxeht\u00ebsis\u00eb me burim ajri lejon ngrohje t\u00eb q\u00ebndrueshme t\u00eb sht\u00ebpis\u00eb, duke reduktuar emetimet dhe kostot. Kjo teknologji rrit n\u00eb m\u00ebnyr\u00eb efikase nxeht\u00ebsin\u00eb, duke ofruar nj\u00eb zgjidhje miq\u00ebsore me mjedisin dhe duke ulur shpenzimet p\u00ebr ngrohjen e sht\u00ebpis\u00eb.<\/p>\n\t\t\t\t\t<\/div>\n\t\t\t\t\t\t<\/div>\n\t\t\t\t<\/div>\n\t\t\t\t<\/div>\n\t\t\t\t<\/div>\n\t\t\t\t<\/div>","protected":false},"excerpt":{"rendered":"<p>Comprehensive Heating and Cooling Solution The air source heat pump system combines heating and cooling, offering a complete solution for<\/p>","protected":false},"author":1,"featured_media":0,"parent":0,"menu_order":0,"comment_status":"closed","ping_status":"closed","template":"elementor_header_footer","meta":{"footnotes":""},"class_list":["post-16017","page","type-page","status-publish","hentry"],"_links":{"self":[{"href":"https:\/\/gchv.gr\/sq\/wp-json\/wp\/v2\/pages\/16017","targetHints":{"allow":["GET"]}}],"collection":[{"href":"https:\/\/gchv.gr\/sq\/wp-json\/wp\/v2\/pages"}],"about":[{"href":"https:\/\/gchv.gr\/sq\/wp-json\/wp\/v2\/types\/page"}],"author":[{"embeddable":true,"href":"https:\/\/gchv.gr\/sq\/wp-json\/wp\/v2\/users\/1"}],"replies":[{"embeddable":true,"href":"https:\/\/gchv.gr\/sq\/wp-json\/wp\/v2\/comments?post=16017"}],"version-history":[{"count":7,"href":"https:\/\/gchv.gr\/sq\/wp-json\/wp\/v2\/pages\/16017\/revisions"}],"predecessor-version":[{"id":16483,"href":"https:\/\/gchv.gr\/sq\/wp-json\/wp\/v2\/pages\/16017\/revisions\/16483"}],"wp:attachment":[{"href":"https:\/\/gchv.gr\/sq\/wp-json\/wp\/v2\/media?parent=16017"}],"curies":[{"name":"wp","href":"https:\/\/api.w.org\/{rel}","templated":true}]}}