{"id":16007,"date":"2024-10-23T07:42:45","date_gmt":"2024-10-23T07:42:45","guid":{"rendered":"https:\/\/gchv.webtitans.gr\/?page_id=16007"},"modified":"2025-02-17T14:55:30","modified_gmt":"2025-02-17T14:55:30","slug":"console","status":"publish","type":"page","link":"https:\/\/gchv.gr\/sq\/console\/","title":{"rendered":"Kozol\u00eb ( e tok\u00ebs )"},"content":{"rendered":"<div data-elementor-type=\"wp-page\" data-elementor-id=\"16007\" class=\"elementor elementor-16007\" data-elementor-post-type=\"page\">\n\t\t\t\t<div class=\"elementor-element elementor-element-ade672e e-con-full e-flex wd-section-disabled e-con e-parent\" data-id=\"ade672e\" data-element_type=\"container\">\n\t\t\t\t<div class=\"elementor-element elementor-element-e7a4a38 elementor-widget elementor-widget-wd_image_or_svg\" data-id=\"e7a4a38\" data-element_type=\"widget\" data-widget_type=\"wd_image_or_svg.default\">\n\t\t\t\t<div class=\"elementor-widget-container\">\n\t\t\t\t\t\n\t\t<div class=\"wd-image text-left\">\n\t\t\t\t\t\t\t\t<img fetchpriority=\"high\" decoding=\"async\" width=\"2560\" height=\"1180\" src=\"https:\/\/gchv.gr\/wp-content\/uploads\/2024\/10\/20200827150144.jpg\" class=\"attachment-full size-full\" alt=\"\" srcset=\"https:\/\/gchv.gr\/wp-content\/uploads\/2024\/10\/20200827150144.jpg 2560w, https:\/\/gchv.gr\/wp-content\/uploads\/2024\/10\/20200827150144-400x184.jpg 400w, https:\/\/gchv.gr\/wp-content\/uploads\/2024\/10\/20200827150144-1300x599.jpg 1300w, https:\/\/gchv.gr\/wp-content\/uploads\/2024\/10\/20200827150144-768x354.jpg 768w, https:\/\/gchv.gr\/wp-content\/uploads\/2024\/10\/20200827150144-1536x708.jpg 1536w, https:\/\/gchv.gr\/wp-content\/uploads\/2024\/10\/20200827150144-2048x944.jpg 2048w\" sizes=\"(max-width: 2560px) 100vw, 2560px\" \/>\t\t\t\t\t<\/div>\n\n\t\t\t\t\t\t<\/div>\n\t\t\t\t<\/div>\n\t\t\t\t<\/div>\n\t\t<div class=\"elementor-element elementor-element-494af7b e-flex e-con-boxed wd-section-disabled e-con e-parent\" data-id=\"494af7b\" data-element_type=\"container\" data-settings=\"{&quot;background_background&quot;:&quot;classic&quot;}\">\n\t\t\t\t\t<div class=\"e-con-inner\">\n\t\t<div class=\"elementor-element elementor-element-ef09003 e-con-full e-flex wd-section-disabled e-con e-child\" data-id=\"ef09003\" data-element_type=\"container\">\n\t\t\t\t<div class=\"elementor-element elementor-element-01863a4 elementor-widget elementor-widget-heading\" data-id=\"01863a4\" data-element_type=\"widget\" data-widget_type=\"heading.default\">\n\t\t\t\t<div class=\"elementor-widget-container\">\n\t\t\t\t\t<h2 class=\"elementor-heading-title elementor-size-default\">P\u00ebrmir\u00ebsimi i performanc\u00ebs pa kompromis<\/h2>\t\t\t\t<\/div>\n\t\t\t\t<\/div>\n\t\t\t\t<div class=\"elementor-element elementor-element-f705236 elementor-widget elementor-widget-heading\" data-id=\"f705236\" data-element_type=\"widget\" data-widget_type=\"heading.default\">\n\t\t\t\t<div class=\"elementor-widget-container\">\n\t\t\t\t\t<h2 class=\"elementor-heading-title elementor-size-default\">Teknologjia inovative e nj\u00ebsis\u00eb, q\u00eb p\u00ebrmban freon miq\u00ebsor\u00eb me mjedisin, motor\u00eb me performanc\u00eb t\u00eb lart\u00eb, teknologji EVI dhe inverter t\u00eb plot\u00eb DC, e kombinuar me parimin e pomp\u00ebs s\u00eb nxeht\u00ebsis\u00eb me burim ajri, siguron efikasitet dhe performanc\u00eb t\u00eb p\u00ebrmir\u00ebsuar t\u00eb energjis\u00eb pa kompromentuar cil\u00ebsin\u00eb e funksionimit.<\/h2>\t\t\t\t<\/div>\n\t\t\t\t<\/div>\n\t\t\t\t<\/div>\n\t\t<div class=\"elementor-element elementor-element-10409af e-flex e-con-boxed wd-section-disabled e-con e-child\" data-id=\"10409af\" data-element_type=\"container\">\n\t\t\t\t\t<div class=\"e-con-inner\">\n\t\t\t\t<div class=\"elementor-element elementor-element-b03c1ed elementor-widget elementor-widget-image\" data-id=\"b03c1ed\" data-element_type=\"widget\" data-widget_type=\"image.default\">\n\t\t\t\t<div class=\"elementor-widget-container\">\n\t\t\t\t\t\t\t\t\t\t\t\t\t\t\t<img decoding=\"async\" width=\"803\" height=\"800\" src=\"https:\/\/gchv.eu\/wp-content\/uploads\/2024\/10\/20200718111920-803x800.png\" class=\"attachment-large size-large wp-image-16010\" alt=\"\" srcset=\"https:\/\/gchv.eu\/wp-content\/uploads\/2024\/10\/20200718111920-803x800.png 803w, https:\/\/gchv.eu\/wp-content\/uploads\/2024\/10\/20200718111920-301x300.png 301w, https:\/\/gchv.eu\/wp-content\/uploads\/2024\/10\/20200718111920-150x150.png 150w, https:\/\/gchv.eu\/wp-content\/uploads\/2024\/10\/20200718111920-768x765.png 768w, https:\/\/gchv.eu\/wp-content\/uploads\/2024\/10\/20200718111920.png 1200w\" sizes=\"(max-width: 803px) 100vw, 803px\" \/>\t\t\t\t\t\t\t\t\t\t\t\t\t\t\t<\/div>\n\t\t\t\t<\/div>\n\t\t\t\t\t<\/div>\n\t\t\t\t<\/div>\n\t\t\t\t\t<\/div>\n\t\t\t\t<\/div>\n\t\t<div class=\"elementor-element elementor-element-4caf2e5 e-con-full e-flex wd-section-disabled e-con e-parent\" data-id=\"4caf2e5\" data-element_type=\"container\">\n\t\t<div class=\"elementor-element elementor-element-a33e2bf e-con-full e-flex wd-section-disabled e-con e-child\" data-id=\"a33e2bf\" data-element_type=\"container\" data-settings=\"{&quot;background_background&quot;:&quot;classic&quot;}\">\n\t\t\t\t<div class=\"elementor-element elementor-element-f5c6c6e elementor-widget elementor-widget-heading\" data-id=\"f5c6c6e\" data-element_type=\"widget\" data-widget_type=\"heading.default\">\n\t\t\t\t<div class=\"elementor-widget-container\">\n\t\t\t\t\t<h2 class=\"elementor-heading-title elementor-size-default\">Ngrohje me performanc\u00eb t\u00eb lart\u00eb n\u00eb temperatura t\u00eb ul\u00ebta<\/h2>\t\t\t\t<\/div>\n\t\t\t\t<\/div>\n\t\t\t\t<div class=\"elementor-element elementor-element-d3d3a6e elementor-widget elementor-widget-wd_text_block\" data-id=\"d3d3a6e\" data-element_type=\"widget\" data-widget_type=\"wd_text_block.default\">\n\t\t\t\t<div class=\"elementor-widget-container\">\n\t\t\t\t\t\t\t\t<link rel=\"stylesheet\" id=\"wd-text-block-css\" href=\"https:\/\/gchv.gr\/wp-content\/themes\/woodmart\/css\/parts\/el-text-block.min.css?ver=7.3.2\" type=\"text\/css\" media=\"all\" \/> \t\t\t\t\t<div class=\"wd-text-block reset-last-child text-left\">\n\t\t\t\n\t\t\t<div class=\"position-full\"><div class=\"xqc-con\"><div class=\"xqtitle60 wow slideInUp\"><p>Nj\u00ebsia e konzol\u00ebs s\u00eb gjenerat\u00ebs s\u00eb ardhshme ofron ngrohje t\u00eb shk\u00eblqyer, edhe n\u00eb mjedise me temperatura deri n\u00eb -30\u00b0C. Teknologjia e dyfisht\u00eb e daljes s\u00eb ajrit dhe ventilator\u00ebt me v\u00ebllim t\u00eb madh ofrojn\u00eb nxeht\u00ebsi t\u00eb krahasueshme me ngrohjen n\u00ebn dysheme, duke iu p\u00ebrgjigjur shpejt nevojave p\u00ebr ngrohje dhe ftohje.<\/p><\/div><\/div><\/div>\n\t\t\t\t\t<\/div>\n\t\t\t\t\t\t<\/div>\n\t\t\t\t<\/div>\n\t\t\t\t<\/div>\n\t\t<div class=\"elementor-element elementor-element-7c08e9f e-con-full e-flex wd-section-disabled e-con e-child\" data-id=\"7c08e9f\" data-element_type=\"container\" data-settings=\"{&quot;background_background&quot;:&quot;classic&quot;}\">\n\t\t\t\t<div class=\"elementor-element elementor-element-98e25b0 elementor-widget elementor-widget-heading\" data-id=\"98e25b0\" data-element_type=\"widget\" data-widget_type=\"heading.default\">\n\t\t\t\t<div class=\"elementor-widget-container\">\n\t\t\t\t\t<h2 class=\"elementor-heading-title elementor-size-default\">Pastrimi i ajrit dhe ngrohja e sh\u00ebndetshme<\/h2>\t\t\t\t<\/div>\n\t\t\t\t<\/div>\n\t\t\t\t<div class=\"elementor-element elementor-element-4f44455 elementor-widget elementor-widget-wd_text_block\" data-id=\"4f44455\" data-element_type=\"widget\" data-widget_type=\"wd_text_block.default\">\n\t\t\t\t<div class=\"elementor-widget-container\">\n\t\t\t\t\t\t\t<div class=\"wd-text-block reset-last-child text-left\">\n\t\t\t\n\t\t\t<p>Konzola p\u00ebrmban filtra t\u00eb avancuar me efikasitet t\u00eb lart\u00eb dhe nj\u00ebsi elektrostatike p\u00ebr heqjen e pluhurit q\u00eb reduktojn\u00eb dep\u00ebrtimin e ndot\u00ebsve t\u00eb d\u00ebmsh\u00ebm n\u00eb aj\u00ebr. Nj\u00ebsia heq vazhdimisht elektricitetin statik, duke thithur pluhurin, bakteret dhe viruset p\u00ebrmes pllak\u00ebs s\u00eb elektrod\u00ebs t\u00eb ngarkuar negativisht.<\/p>\n\t\t\t\t\t<\/div>\n\t\t\t\t\t\t<\/div>\n\t\t\t\t<\/div>\n\t\t\t\t<\/div>\n\t\t\t\t<\/div>\n\t\t<div class=\"elementor-element elementor-element-657f50c e-flex e-con-boxed wd-section-disabled e-con e-parent\" data-id=\"657f50c\" data-element_type=\"container\" data-settings=\"{&quot;background_background&quot;:&quot;classic&quot;}\">\n\t\t\t\t\t<div class=\"e-con-inner\">\n\t\t\t\t<div class=\"elementor-element elementor-element-64d7bd3 elementor-widget elementor-widget-heading\" data-id=\"64d7bd3\" data-element_type=\"widget\" data-widget_type=\"heading.default\">\n\t\t\t\t<div class=\"elementor-widget-container\">\n\t\t\t\t\t<h2 class=\"elementor-heading-title elementor-size-default\">Sistemi i \u201cngritur\u201d i pastrimit t\u00eb ajrit<\/h2>\t\t\t\t<\/div>\n\t\t\t\t<\/div>\n\t\t\t\t<div class=\"elementor-element elementor-element-15f3699 color-scheme-inherit text-left elementor-widget elementor-widget-text-editor\" data-id=\"15f3699\" data-element_type=\"widget\" data-widget_type=\"text-editor.default\">\n\t\t\t\t<div class=\"elementor-widget-container\">\n\t\t\t\t\t\t\t\t\t<div class=\"gprs text-center\"><div class=\"middle-box\"><div class=\"middle-inner\"><div class=\"w2700\"><div class=\"xqtitle60 xqtitle60-fff wow slideInUp\"><p>Me funksionin e \u201cngritur\u201d t\u00eb pastrimit t\u00eb ajrit, tastiera siguron q\u00eb ajri t\u00eb jet\u00eb i past\u00ebr dhe i sh\u00ebndetsh\u00ebm p\u00ebr t\u00eb gjith\u00eb familjen, nd\u00ebrsa siguron pastrim uniform n\u00eb t\u00eb gjith\u00eb hap\u00ebsir\u00ebn.<\/p><\/div><\/div><\/div><\/div><\/div>\t\t\t\t\t\t\t\t<\/div>\n\t\t\t\t<\/div>\n\t\t\t\t\t<\/div>\n\t\t\t\t<\/div>\n\t\t\t\t<\/div>","protected":false},"excerpt":{"rendered":"<p>Performance Upgrade Without Compromise The innovative technology of the unit, featuring environmentally friendly refrigerants, high-performance motors, EVI technology, and full<\/p>","protected":false},"author":1,"featured_media":0,"parent":0,"menu_order":0,"comment_status":"closed","ping_status":"closed","template":"elementor_header_footer","meta":{"footnotes":""},"class_list":["post-16007","page","type-page","status-publish","hentry"],"_links":{"self":[{"href":"https:\/\/gchv.gr\/sq\/wp-json\/wp\/v2\/pages\/16007","targetHints":{"allow":["GET"]}}],"collection":[{"href":"https:\/\/gchv.gr\/sq\/wp-json\/wp\/v2\/pages"}],"about":[{"href":"https:\/\/gchv.gr\/sq\/wp-json\/wp\/v2\/types\/page"}],"author":[{"embeddable":true,"href":"https:\/\/gchv.gr\/sq\/wp-json\/wp\/v2\/users\/1"}],"replies":[{"embeddable":true,"href":"https:\/\/gchv.gr\/sq\/wp-json\/wp\/v2\/comments?post=16007"}],"version-history":[{"count":13,"href":"https:\/\/gchv.gr\/sq\/wp-json\/wp\/v2\/pages\/16007\/revisions"}],"predecessor-version":[{"id":16492,"href":"https:\/\/gchv.gr\/sq\/wp-json\/wp\/v2\/pages\/16007\/revisions\/16492"}],"wp:attachment":[{"href":"https:\/\/gchv.gr\/sq\/wp-json\/wp\/v2\/media?parent=16007"}],"curies":[{"name":"wp","href":"https:\/\/api.w.org\/{rel}","templated":true}]}}