{"id":15993,"date":"2024-10-23T07:21:32","date_gmt":"2024-10-23T07:21:32","guid":{"rendered":"https:\/\/gchv.webtitans.gr\/?page_id=15993"},"modified":"2025-02-17T14:47:37","modified_gmt":"2025-02-17T14:47:37","slug":"fresh-air-processor","status":"publish","type":"page","link":"https:\/\/gchv.gr\/sq\/fresh-air-processor\/","title":{"rendered":"P\u00ebrpunues i ajrit t\u00eb fresk\u00ebt"},"content":{"rendered":"<div data-elementor-type=\"wp-page\" data-elementor-id=\"15993\" class=\"elementor elementor-15993\" data-elementor-post-type=\"page\">\n\t\t\t\t<div class=\"elementor-element elementor-element-ade672e e-con-full e-flex wd-section-disabled e-con e-parent\" data-id=\"ade672e\" data-element_type=\"container\">\n\t\t\t\t<div class=\"elementor-element elementor-element-e7a4a38 elementor-widget elementor-widget-wd_image_or_svg\" data-id=\"e7a4a38\" data-element_type=\"widget\" data-widget_type=\"wd_image_or_svg.default\">\n\t\t\t\t<div class=\"elementor-widget-container\">\n\t\t\t\t\t\n\t\t<div class=\"wd-image text-left\">\n\t\t\t\t\t\t\t\t<img fetchpriority=\"high\" decoding=\"async\" width=\"2560\" height=\"1180\" src=\"https:\/\/gchv.gr\/wp-content\/uploads\/2024\/10\/20200827102837.jpg\" class=\"attachment-full size-full\" alt=\"\" srcset=\"https:\/\/gchv.gr\/wp-content\/uploads\/2024\/10\/20200827102837.jpg 2560w, https:\/\/gchv.gr\/wp-content\/uploads\/2024\/10\/20200827102837-400x184.jpg 400w, https:\/\/gchv.gr\/wp-content\/uploads\/2024\/10\/20200827102837-1300x599.jpg 1300w, https:\/\/gchv.gr\/wp-content\/uploads\/2024\/10\/20200827102837-768x354.jpg 768w, https:\/\/gchv.gr\/wp-content\/uploads\/2024\/10\/20200827102837-1536x708.jpg 1536w, https:\/\/gchv.gr\/wp-content\/uploads\/2024\/10\/20200827102837-2048x944.jpg 2048w\" sizes=\"(max-width: 2560px) 100vw, 2560px\" \/>\t\t\t\t\t<\/div>\n\n\t\t\t\t\t\t<\/div>\n\t\t\t\t<\/div>\n\t\t\t\t<\/div>\n\t\t<div class=\"elementor-element elementor-element-494af7b e-flex e-con-boxed wd-section-disabled e-con e-parent\" data-id=\"494af7b\" data-element_type=\"container\" data-settings=\"{&quot;background_background&quot;:&quot;classic&quot;}\">\n\t\t\t\t\t<div class=\"e-con-inner\">\n\t\t<div class=\"elementor-element elementor-element-ef09003 e-flex e-con-boxed wd-section-disabled e-con e-child\" data-id=\"ef09003\" data-element_type=\"container\">\n\t\t\t\t\t<div class=\"e-con-inner\">\n\t\t\t\t<div class=\"elementor-element elementor-element-01863a4 elementor-widget elementor-widget-heading\" data-id=\"01863a4\" data-element_type=\"widget\" data-widget_type=\"heading.default\">\n\t\t\t\t<div class=\"elementor-widget-container\">\n\t\t\t\t\t<h2 class=\"elementor-heading-title elementor-size-default\">Cil\u00ebsimet e shum\u00ebfishta t\u00eb fluksit t\u00eb ajrit dhe funksionimi me zhurm\u00eb t\u00eb ul\u00ebt p\u00ebr performanc\u00eb t\u00eb rehatshme<\/h2>\t\t\t\t<\/div>\n\t\t\t\t<\/div>\n\t\t\t\t<div class=\"elementor-element elementor-element-f705236 elementor-widget elementor-widget-heading\" data-id=\"f705236\" data-element_type=\"widget\" data-widget_type=\"heading.default\">\n\t\t\t\t<div class=\"elementor-widget-container\">\n\t\t\t\t\t<h2 class=\"elementor-heading-title elementor-size-default\">Nj\u00ebsia p\u00ebrmban qarkullimin e ajrit t\u00eb rregulluesh\u00ebm n\u00eb tre shpejt\u00ebsi: e lart\u00eb, e mesme dhe e ul\u00ebt. Me shpejt\u00ebsi t\u00eb ul\u00ebt, niveli i zhurm\u00ebs reduktohet n\u00eb 30 dB(A), duke p\u00ebrmbushur standardet e z\u00ebrit p\u00ebr gjumin e njeriut dhe duke siguruar funksionim t\u00eb qet\u00eb dhe t\u00eb rehatsh\u00ebm.<\/h2>\t\t\t\t<\/div>\n\t\t\t\t<\/div>\n\t\t\t\t\t<\/div>\n\t\t\t\t<\/div>\n\t\t<div class=\"elementor-element elementor-element-10409af e-flex e-con-boxed wd-section-disabled e-con e-child\" data-id=\"10409af\" data-element_type=\"container\">\n\t\t\t\t\t<div class=\"e-con-inner\">\n\t\t\t\t<div class=\"elementor-element elementor-element-b03c1ed elementor-widget elementor-widget-image\" data-id=\"b03c1ed\" data-element_type=\"widget\" data-widget_type=\"image.default\">\n\t\t\t\t<div class=\"elementor-widget-container\">\n\t\t\t\t\t\t\t\t\t\t\t\t\t\t\t<img decoding=\"async\" width=\"803\" height=\"800\" src=\"https:\/\/gchv.gr\/wp-content\/uploads\/2024\/10\/20200727103013-803x800.png\" class=\"attachment-large size-large wp-image-15996\" alt=\"\" srcset=\"https:\/\/gchv.gr\/wp-content\/uploads\/2024\/10\/20200727103013-803x800.png 803w, https:\/\/gchv.gr\/wp-content\/uploads\/2024\/10\/20200727103013-301x300.png 301w, https:\/\/gchv.gr\/wp-content\/uploads\/2024\/10\/20200727103013-150x150.png 150w, https:\/\/gchv.gr\/wp-content\/uploads\/2024\/10\/20200727103013-768x765.png 768w, https:\/\/gchv.gr\/wp-content\/uploads\/2024\/10\/20200727103013.png 1200w\" sizes=\"(max-width: 803px) 100vw, 803px\" \/>\t\t\t\t\t\t\t\t\t\t\t\t\t\t\t<\/div>\n\t\t\t\t<\/div>\n\t\t\t\t\t<\/div>\n\t\t\t\t<\/div>\n\t\t\t\t\t<\/div>\n\t\t\t\t<\/div>\n\t\t<div class=\"elementor-element elementor-element-4caf2e5 e-con-full e-flex wd-section-disabled e-con e-parent\" data-id=\"4caf2e5\" data-element_type=\"container\">\n\t\t<div class=\"elementor-element elementor-element-a33e2bf e-con-full e-flex wd-section-disabled e-con e-child\" data-id=\"a33e2bf\" data-element_type=\"container\" data-settings=\"{&quot;background_background&quot;:&quot;classic&quot;}\">\n\t\t\t\t<div class=\"elementor-element elementor-element-f5c6c6e elementor-widget elementor-widget-heading\" data-id=\"f5c6c6e\" data-element_type=\"widget\" data-widget_type=\"heading.default\">\n\t\t\t\t<div class=\"elementor-widget-container\">\n\t\t\t\t\t<h2 class=\"elementor-heading-title elementor-size-default\">Kursime energjie dhe konsum t\u00eb reduktuar me efikasitet t\u00eb lart\u00eb<\/h2>\t\t\t\t<\/div>\n\t\t\t\t<\/div>\n\t\t\t\t<div class=\"elementor-element elementor-element-d3d3a6e elementor-widget elementor-widget-wd_text_block\" data-id=\"d3d3a6e\" data-element_type=\"widget\" data-widget_type=\"wd_text_block.default\">\n\t\t\t\t<div class=\"elementor-widget-container\">\n\t\t\t\t\t\t\t\t<link rel=\"stylesheet\" id=\"wd-text-block-css\" href=\"https:\/\/gchv.gr\/wp-content\/themes\/woodmart\/css\/parts\/el-text-block.min.css?ver=7.3.2\" type=\"text\/css\" media=\"all\" \/> \t\t\t\t\t<div class=\"wd-text-block reset-last-child text-left\">\n\t\t\t\n\t\t\t<div class=\"position-full\"><div class=\"xqc-con\"><div class=\"xqtitle60 wow slideInUp\"><p>Nj\u00ebsia \u00ebsht\u00eb e pajisur me nj\u00eb b\u00ebrtham\u00eb statike t\u00eb integruar p\u00ebr rikuperimin e plot\u00eb t\u00eb energjis\u00eb s\u00eb shk\u00ebmbimit t\u00eb nxeht\u00ebsis\u00eb. B\u00ebrthama e rikuperimit p\u00ebrdor material membranor heterogjen, i cili \u00ebsht\u00eb 17% m\u00eb efikas n\u00eb krahasim me membranat tradicionale t\u00eb shk\u00ebmbimit t\u00eb nxeht\u00ebsis\u00eb, duke ofruar kursime t\u00eb jasht\u00ebzakonshme t\u00eb energjis\u00eb dhe performanc\u00eb t\u00eb p\u00ebrmir\u00ebsuar<\/p><\/div><\/div><\/div>\n\t\t\t\t\t<\/div>\n\t\t\t\t\t\t<\/div>\n\t\t\t\t<\/div>\n\t\t\t\t<\/div>\n\t\t<div class=\"elementor-element elementor-element-7c08e9f e-con-full e-flex wd-section-disabled e-con e-child\" data-id=\"7c08e9f\" data-element_type=\"container\" data-settings=\"{&quot;background_background&quot;:&quot;classic&quot;}\">\n\t\t\t\t<div class=\"elementor-element elementor-element-98e25b0 elementor-widget elementor-widget-heading\" data-id=\"98e25b0\" data-element_type=\"widget\" data-widget_type=\"heading.default\">\n\t\t\t\t<div class=\"elementor-widget-container\">\n\t\t\t\t\t<h2 class=\"elementor-heading-title elementor-size-default\">Kontrolleri smart KF-900A<\/h2>\t\t\t\t<\/div>\n\t\t\t\t<\/div>\n\t\t\t\t<div class=\"elementor-element elementor-element-4f44455 elementor-widget elementor-widget-wd_text_block\" data-id=\"4f44455\" data-element_type=\"widget\" data-widget_type=\"wd_text_block.default\">\n\t\t\t\t<div class=\"elementor-widget-container\">\n\t\t\t\t\t\t\t<div class=\"wd-text-block reset-last-child text-left\">\n\t\t\t\n\t\t\t<div class=\"position-full\"><div class=\"xqc-con\"><div class=\"xqtitle60 wow slideInUp\"><p>Kontrolluesi inteligjent i sistemit t\u00eb ajrit t\u00eb past\u00ebr KF-900A siguron nj\u00eb mjedis t\u00eb sh\u00ebndetsh\u00ebm t\u00eb brendsh\u00ebm. Ndotja e ajrit t\u00eb brendsh\u00ebm mund t\u00eb ndikoj\u00eb r\u00ebnd\u00eb sh\u00ebndetin, duke ndikuar si n\u00eb funksionin pulmonar ashtu edhe at\u00eb kardiovaskular. Ekspozimi i vazhduesh\u00ebm ndaj ndot\u00ebsve t\u00eb brendsh\u00ebm mund t\u00eb rris\u00eb simptomat e frym\u00ebmarrjes dhe t\u00eb shkaktoj\u00eb s\u00ebmundje t\u00eb tilla si riniti alergjik dhe probleme t\u00eb frym\u00ebmarrjes. Cil\u00ebsia e ajrit t\u00eb brendsh\u00ebm ndikon gjithashtu n\u00eb sh\u00ebndetin kardiovaskular, duke e b\u00ebr\u00eb p\u00ebrdorimin e nj\u00eb kontrolluesi t\u00eb besuesh\u00ebm t\u00eb ajrit thelb\u00ebsor p\u00ebr ruajtjen e nj\u00eb mjedisi t\u00eb sh\u00ebndetsh\u00ebm.<\/p><\/div><\/div><\/div>\n\t\t\t\t\t<\/div>\n\t\t\t\t\t\t<\/div>\n\t\t\t\t<\/div>\n\t\t\t\t<\/div>\n\t\t\t\t<\/div>\n\t\t<div class=\"elementor-element elementor-element-657f50c e-flex e-con-boxed wd-section-disabled e-con e-parent\" data-id=\"657f50c\" data-element_type=\"container\" data-settings=\"{&quot;background_background&quot;:&quot;classic&quot;}\">\n\t\t\t\t\t<div class=\"e-con-inner\">\n\t\t\t\t<div class=\"elementor-element elementor-element-64d7bd3 elementor-widget elementor-widget-heading\" data-id=\"64d7bd3\" data-element_type=\"widget\" data-widget_type=\"heading.default\">\n\t\t\t\t<div class=\"elementor-widget-container\">\n\t\t\t\t\t<h2 class=\"elementor-heading-title elementor-size-default\">Karakteristikat e shk\u00ebmbyesit t\u00eb nxeht\u00ebsis\u00eb p\u00ebr performanc\u00eb t\u00eb p\u00ebrmir\u00ebsuar<\/h2>\t\t\t\t<\/div>\n\t\t\t\t<\/div>\n\t\t\t\t<div class=\"elementor-element elementor-element-15f3699 color-scheme-inherit text-left elementor-widget elementor-widget-text-editor\" data-id=\"15f3699\" data-element_type=\"widget\" data-widget_type=\"text-editor.default\">\n\t\t\t\t<div class=\"elementor-widget-container\">\n\t\t\t\t\t\t\t\t\t<div class=\"gprs text-center\"><div class=\"middle-box\"><div class=\"middle-inner\"><div class=\"w2700\"><div class=\"xqtitle60 xqtitle60-fff wow slideInUp\"><p>B\u00ebrthama e shk\u00ebmbyesit t\u00eb nxeht\u00ebsis\u00eb \u00ebsht\u00eb formuar me flet\u00eb letre t\u00eb val\u00ebzuar t\u00eb nj\u00ebanshme t\u00eb grumbulluara n\u00eb m\u00ebnyr\u00eb t\u00eb kryq\u00ebzuar. \u00c7do flet\u00eb vendoset 90 grad\u00eb nga ajo e m\u00ebparshmja dhe lidhet p\u00ebr t\u00eb formuar let\u00ebr paralele. Dy kanalet vertikale n\u00eb mes p\u00ebrmir\u00ebsojn\u00eb efikasitetin dhe funksionalitetin, duke siguruar menaxhim efektiv t\u00eb rrjedh\u00ebs s\u00eb ajrit.<\/p><\/div><\/div><\/div><\/div><\/div>\t\t\t\t\t\t\t\t<\/div>\n\t\t\t\t<\/div>\n\t\t\t\t\t<\/div>\n\t\t\t\t<\/div>\n\t\t<div class=\"elementor-element elementor-element-3cf62eb e-con-full e-flex wd-section-disabled e-con e-parent\" data-id=\"3cf62eb\" data-element_type=\"container\">\n\t\t<div class=\"elementor-element elementor-element-726b197 e-con-full e-flex wd-section-disabled e-con e-child\" data-id=\"726b197\" data-element_type=\"container\" data-settings=\"{&quot;background_background&quot;:&quot;classic&quot;}\">\n\t\t\t\t<div class=\"elementor-element elementor-element-d2314d3 elementor-widget elementor-widget-heading\" data-id=\"d2314d3\" data-element_type=\"widget\" data-widget_type=\"heading.default\">\n\t\t\t\t<div class=\"elementor-widget-container\">\n\t\t\t\t\t<h2 class=\"elementor-heading-title elementor-size-default\">Dizajn kompakt p\u00ebr kursimin e hap\u00ebsir\u00ebs<\/h2>\t\t\t\t<\/div>\n\t\t\t\t<\/div>\n\t\t\t\t<div class=\"elementor-element elementor-element-769fdfa elementor-widget elementor-widget-wd_text_block\" data-id=\"769fdfa\" data-element_type=\"widget\" data-widget_type=\"wd_text_block.default\">\n\t\t\t\t<div class=\"elementor-widget-container\">\n\t\t\t\t\t\t\t<div class=\"wd-text-block reset-last-child text-left\">\n\t\t\t\n\t\t\t<div class=\"position-full\"><div class=\"xqc-con\"><div class=\"xqtitle60 wow slideInUp\"><p>Thell\u00ebsia e nj\u00ebsis\u00eb \u00ebsht\u00eb m\u00eb pak se 245 mm, duke e b\u00ebr\u00eb at\u00eb ideale p\u00ebr instalim n\u00eb tavane me lart\u00ebsi t\u00eb kufizuar. Gjer\u00ebsia e modeleve n\u00ebn 300 m\u00b3\/h \u00ebsht\u00eb n\u00ebn 600 mm, duke i b\u00ebr\u00eb ato perfekte p\u00ebr hap\u00ebsirat me lart\u00ebsi t\u00eb kufizuar tavani. Kjo kursen hap\u00ebsir\u00eb dhe siguron m\u00eb shum\u00eb fleksibilitet dhe rehati gjat\u00eb instalimit.<\/p><\/div><\/div><\/div>\n\t\t\t\t\t<\/div>\n\t\t\t\t\t\t<\/div>\n\t\t\t\t<\/div>\n\t\t\t\t<\/div>\n\t\t<div class=\"elementor-element elementor-element-d8a30af e-con-full e-flex wd-section-disabled e-con e-child\" data-id=\"d8a30af\" data-element_type=\"container\" data-settings=\"{&quot;background_background&quot;:&quot;classic&quot;}\">\n\t\t\t\t<div class=\"elementor-element elementor-element-69fd2d8 elementor-widget elementor-widget-heading\" data-id=\"69fd2d8\" data-element_type=\"widget\" data-widget_type=\"heading.default\">\n\t\t\t\t<div class=\"elementor-widget-container\">\n\t\t\t\t\t<h2 class=\"elementor-heading-title elementor-size-default\">Operacion super i qet\u00eb p\u00ebr net\u00eb t\u00eb sh\u00ebndetshme<\/h2>\t\t\t\t<\/div>\n\t\t\t\t<\/div>\n\t\t\t\t<div class=\"elementor-element elementor-element-39fc8f1 elementor-widget elementor-widget-wd_text_block\" data-id=\"39fc8f1\" data-element_type=\"widget\" data-widget_type=\"wd_text_block.default\">\n\t\t\t\t<div class=\"elementor-widget-container\">\n\t\t\t\t\t\t\t<div class=\"wd-text-block reset-last-child text-left\">\n\t\t\t\n\t\t\t<div class=\"position-full\"><div class=\"xqc-con\"><div class=\"xqtitle60 wow slideInUp\"><p>Shijoni tingullin e nj\u00ebtrajtsh\u00ebm dhe t\u00eb k\u00ebndsh\u00ebm t\u00eb frym\u00ebmarrjes, duke e b\u00ebr\u00eb at\u00eb nj\u00eb dhurat\u00eb t\u00eb p\u00ebrsosur p\u00ebr nj\u00eb gjum\u00eb t\u00eb qet\u00eb t\u00eb nat\u00ebs, pa zhurma p\u00ebr\u00e7ar\u00ebse.<\/p><p>\u00a0<\/p><\/div><\/div><\/div>\n\t\t\t\t\t<\/div>\n\t\t\t\t\t\t<\/div>\n\t\t\t\t<\/div>\n\t\t\t\t<\/div>\n\t\t\t\t<\/div>\n\t\t<div class=\"elementor-element elementor-element-5e9b3f8 e-con-full e-flex wd-section-disabled e-con e-parent\" data-id=\"5e9b3f8\" data-element_type=\"container\">\n\t\t<div class=\"elementor-element elementor-element-791def9 e-con-full e-flex wd-section-disabled e-con e-child\" data-id=\"791def9\" data-element_type=\"container\" data-settings=\"{&quot;background_background&quot;:&quot;classic&quot;}\">\n\t\t\t\t<div class=\"elementor-element elementor-element-61bdcb4 elementor-widget elementor-widget-heading\" data-id=\"61bdcb4\" data-element_type=\"widget\" data-widget_type=\"heading.default\">\n\t\t\t\t<div class=\"elementor-widget-container\">\n\t\t\t\t\t<h2 class=\"elementor-heading-title elementor-size-default\">Compact design saves space\n<\/h2>\t\t\t\t<\/div>\n\t\t\t\t<\/div>\n\t\t\t\t<div class=\"elementor-element elementor-element-636e2b4 elementor-widget elementor-widget-wd_text_block\" data-id=\"636e2b4\" data-element_type=\"widget\" data-widget_type=\"wd_text_block.default\">\n\t\t\t\t<div class=\"elementor-widget-container\">\n\t\t\t\t\t\t\t<div class=\"wd-text-block reset-last-child text-center\">\n\t\t\t\n\t\t\t<div class=\"position-full\"><div class=\"xqc-con\"><div class=\"xqtitle60 wow slideInUp\"><p>The thickness is less than 245mm, and it can be easily installed in residential ceilings with narrow heights. The width of models below 300m\u0437\/h is less than 600mm, which is especially suitable for places with very narrow ceiling space, saving installation and ceiling space, and making construction more Convenience.<\/p><\/div><\/div><\/div><p>\u00a0<\/p>\n\t\t\t\t\t<\/div>\n\t\t\t\t\t\t<\/div>\n\t\t\t\t<\/div>\n\t\t\t\t<\/div>\n\t\t<div class=\"elementor-element elementor-element-a4b1e74 e-con-full e-flex wd-section-disabled e-con e-child\" data-id=\"a4b1e74\" data-element_type=\"container\" data-settings=\"{&quot;background_background&quot;:&quot;classic&quot;}\">\n\t\t\t\t<div class=\"elementor-element elementor-element-5533cd2 elementor-widget elementor-widget-heading\" data-id=\"5533cd2\" data-element_type=\"widget\" data-widget_type=\"heading.default\">\n\t\t\t\t<div class=\"elementor-widget-container\">\n\t\t\t\t\t<h2 class=\"elementor-heading-title elementor-size-default\">Ultra quiet sleep\n<\/h2>\t\t\t\t<\/div>\n\t\t\t\t<\/div>\n\t\t\t\t<div class=\"elementor-element elementor-element-be96209 elementor-widget elementor-widget-wd_text_block\" data-id=\"be96209\" data-element_type=\"widget\" data-widget_type=\"wd_text_block.default\">\n\t\t\t\t<div class=\"elementor-widget-container\">\n\t\t\t\t\t\t\t<div class=\"wd-text-block reset-last-child text-center\">\n\t\t\t\n\t\t\t<div class=\"position-full\"><div class=\"xqc-con\"><div class=\"xqtitle60 wow slideInUp\"><p>Save the even and pleasant breathing sound as the most beautiful gift for the night<\/p><\/div><\/div><\/div><div class=\"footer\"><div class=\"footer-top\"><div class=\"w2700 clear\">\u00a0<\/div><\/div><\/div>\n\t\t\t\t\t<\/div>\n\t\t\t\t\t\t<\/div>\n\t\t\t\t<\/div>\n\t\t\t\t<\/div>\n\t\t\t\t<\/div>\n\t\t\t\t<\/div>","protected":false},"excerpt":{"rendered":"<p>Multiple Speed Airflow Settings and Low Noise Operation for Comfortable Performance The unit features adjustable airflow in three speeds: high,<\/p>","protected":false},"author":1,"featured_media":0,"parent":0,"menu_order":0,"comment_status":"closed","ping_status":"closed","template":"elementor_header_footer","meta":{"footnotes":""},"class_list":["post-15993","page","type-page","status-publish","hentry"],"_links":{"self":[{"href":"https:\/\/gchv.gr\/sq\/wp-json\/wp\/v2\/pages\/15993","targetHints":{"allow":["GET"]}}],"collection":[{"href":"https:\/\/gchv.gr\/sq\/wp-json\/wp\/v2\/pages"}],"about":[{"href":"https:\/\/gchv.gr\/sq\/wp-json\/wp\/v2\/types\/page"}],"author":[{"embeddable":true,"href":"https:\/\/gchv.gr\/sq\/wp-json\/wp\/v2\/users\/1"}],"replies":[{"embeddable":true,"href":"https:\/\/gchv.gr\/sq\/wp-json\/wp\/v2\/comments?post=15993"}],"version-history":[{"count":10,"href":"https:\/\/gchv.gr\/sq\/wp-json\/wp\/v2\/pages\/15993\/revisions"}],"predecessor-version":[{"id":16474,"href":"https:\/\/gchv.gr\/sq\/wp-json\/wp\/v2\/pages\/15993\/revisions\/16474"}],"wp:attachment":[{"href":"https:\/\/gchv.gr\/sq\/wp-json\/wp\/v2\/media?parent=15993"}],"curies":[{"name":"wp","href":"https:\/\/api.w.org\/{rel}","templated":true}]}}