{"id":15983,"date":"2024-10-23T07:17:47","date_gmt":"2024-10-23T07:17:47","guid":{"rendered":"https:\/\/gchv.webtitans.gr\/?page_id=15983"},"modified":"2025-02-17T14:54:23","modified_gmt":"2025-02-17T14:54:23","slug":"air-cooled-heat-pump-modular-chiller","status":"publish","type":"page","link":"https:\/\/gchv.gr\/sq\/air-cooled-heat-pump-modular-chiller\/","title":{"rendered":"\u00c7ileri modular si pomp\u00eb e nxeht\u00ebsis\u00eb me ftohje me aj\u00ebr"},"content":{"rendered":"<div data-elementor-type=\"wp-page\" data-elementor-id=\"15983\" class=\"elementor elementor-15983\" data-elementor-post-type=\"page\">\n\t\t\t\t<div class=\"elementor-element elementor-element-ade672e e-con-full e-flex wd-section-disabled e-con e-parent\" data-id=\"ade672e\" data-element_type=\"container\">\n\t\t\t\t<div class=\"elementor-element elementor-element-e7a4a38 elementor-widget elementor-widget-wd_image_or_svg\" data-id=\"e7a4a38\" data-element_type=\"widget\" data-widget_type=\"wd_image_or_svg.default\">\n\t\t\t\t<div class=\"elementor-widget-container\">\n\t\t\t\t\t\n\t\t<div class=\"wd-image text-left\">\n\t\t\t\t\t\t\t\t<img fetchpriority=\"high\" decoding=\"async\" width=\"2048\" height=\"944\" src=\"https:\/\/gchv.gr\/wp-content\/uploads\/2024\/10\/20200828150110.jpg\" class=\"attachment-full size-full\" alt=\"\" srcset=\"https:\/\/gchv.gr\/wp-content\/uploads\/2024\/10\/20200828150110.jpg 2048w, https:\/\/gchv.gr\/wp-content\/uploads\/2024\/10\/20200828150110-400x184.jpg 400w, https:\/\/gchv.gr\/wp-content\/uploads\/2024\/10\/20200828150110-1300x599.jpg 1300w, https:\/\/gchv.gr\/wp-content\/uploads\/2024\/10\/20200828150110-768x354.jpg 768w, https:\/\/gchv.gr\/wp-content\/uploads\/2024\/10\/20200828150110-1536x708.jpg 1536w, https:\/\/gchv.gr\/wp-content\/uploads\/2024\/10\/20200828150110-18x8.jpg 18w\" sizes=\"(max-width: 2048px) 100vw, 2048px\" \/>\t\t\t\t\t<\/div>\n\n\t\t\t\t\t\t<\/div>\n\t\t\t\t<\/div>\n\t\t\t\t<\/div>\n\t\t<div class=\"elementor-element elementor-element-494af7b e-flex e-con-boxed wd-section-disabled e-con e-parent\" data-id=\"494af7b\" data-element_type=\"container\" data-settings=\"{&quot;background_background&quot;:&quot;classic&quot;}\">\n\t\t\t\t\t<div class=\"e-con-inner\">\n\t\t<div class=\"elementor-element elementor-element-ef09003 e-flex e-con-boxed wd-section-disabled e-con e-child\" data-id=\"ef09003\" data-element_type=\"container\">\n\t\t\t\t\t<div class=\"e-con-inner\">\n\t\t\t\t<div class=\"elementor-element elementor-element-01863a4 elementor-widget elementor-widget-heading\" data-id=\"01863a4\" data-element_type=\"widget\" data-widget_type=\"heading.default\">\n\t\t\t\t<div class=\"elementor-widget-container\">\n\t\t\t\t\t<h2 class=\"elementor-heading-title elementor-size-default\">Aplikim i gjer\u00eb n\u00eb Projektet e Nd\u00ebrtimit Industrial dhe Urban<\/h2>\t\t\t\t<\/div>\n\t\t\t\t<\/div>\n\t\t\t\t<div class=\"elementor-element elementor-element-f705236 elementor-widget elementor-widget-heading\" data-id=\"f705236\" data-element_type=\"widget\" data-widget_type=\"heading.default\">\n\t\t\t\t<div class=\"elementor-widget-container\">\n\t\t\t\t\t<h2 class=\"elementor-heading-title elementor-size-default\">K\u00ebto nj\u00ebsi jan\u00eb ideale p\u00ebr hap\u00ebsirat me k\u00ebrkesa t\u00eb larta zhurme ose ku kullat tradicionale t\u00eb ftohjes nuk mund t\u00eb instalohen. Ato p\u00ebrdoren gjer\u00ebsisht n\u00eb hotele, restorante, supermarkete, qendra tregtare, nd\u00ebrtesa t\u00eb zyreve, teatro, fabrika dhe nd\u00ebrtesa t\u00eb tjera me nevoja t\u00eb larta p\u00ebr aj\u00ebr t\u00eb kondicionuar. Ato kontribuojn\u00eb n\u00eb kursimin e energjis\u00eb dhe reduktimin e emetimeve t\u00eb CO2, duke i b\u00ebr\u00eb ato nj\u00eb zgjedhje t\u00eb shk\u00eblqyer p\u00ebr p\u00ebrmir\u00ebsimin e klim\u00ebs s\u00eb nd\u00ebrtesave urbane.<\/h2>\t\t\t\t<\/div>\n\t\t\t\t<\/div>\n\t\t\t\t\t<\/div>\n\t\t\t\t<\/div>\n\t\t<div class=\"elementor-element elementor-element-10409af e-flex e-con-boxed wd-section-disabled e-con e-child\" data-id=\"10409af\" data-element_type=\"container\">\n\t\t\t\t\t<div class=\"e-con-inner\">\n\t\t\t\t<div class=\"elementor-element elementor-element-b03c1ed elementor-widget elementor-widget-image\" data-id=\"b03c1ed\" data-element_type=\"widget\" data-widget_type=\"image.default\">\n\t\t\t\t<div class=\"elementor-widget-container\">\n\t\t\t\t\t\t\t\t\t\t\t\t\t\t\t<img decoding=\"async\" width=\"803\" height=\"800\" src=\"https:\/\/gchv.al\/wp-content\/uploads\/2024\/10\/20200717200351-803x800-1.png\" class=\"attachment-large size-large wp-image-15986\" alt=\"\" srcset=\"https:\/\/gchv.al\/wp-content\/uploads\/2024\/10\/20200717200351-803x800-1.png 803w, https:\/\/gchv.al\/wp-content\/uploads\/2024\/10\/20200717200351-803x800-1-301x300.png 301w, https:\/\/gchv.al\/wp-content\/uploads\/2024\/10\/20200717200351-803x800-1-150x150.png 150w, https:\/\/gchv.al\/wp-content\/uploads\/2024\/10\/20200717200351-803x800-1-768x765.png 768w, https:\/\/gchv.al\/wp-content\/uploads\/2024\/10\/20200717200351-803x800-1-12x12.png 12w\" sizes=\"(max-width: 803px) 100vw, 803px\" \/>\t\t\t\t\t\t\t\t\t\t\t\t\t\t\t<\/div>\n\t\t\t\t<\/div>\n\t\t\t\t\t<\/div>\n\t\t\t\t<\/div>\n\t\t\t\t\t<\/div>\n\t\t\t\t<\/div>\n\t\t<div class=\"elementor-element elementor-element-4caf2e5 e-con-full e-flex wd-section-disabled e-con e-parent\" data-id=\"4caf2e5\" data-element_type=\"container\">\n\t\t<div class=\"elementor-element elementor-element-a33e2bf e-con-full e-flex wd-section-disabled e-con e-child\" data-id=\"a33e2bf\" data-element_type=\"container\" data-settings=\"{&quot;background_background&quot;:&quot;classic&quot;}\">\n\t\t\t\t<div class=\"elementor-element elementor-element-f5c6c6e elementor-widget elementor-widget-heading\" data-id=\"f5c6c6e\" data-element_type=\"widget\" data-widget_type=\"heading.default\">\n\t\t\t\t<div class=\"elementor-widget-container\">\n\t\t\t\t\t<h2 class=\"elementor-heading-title elementor-size-default\">Logjika e kontrollit me performanc\u00eb t\u00eb lart\u00eb<\/h2>\t\t\t\t<\/div>\n\t\t\t\t<\/div>\n\t\t\t\t<div class=\"elementor-element elementor-element-d3d3a6e elementor-widget elementor-widget-wd_text_block\" data-id=\"d3d3a6e\" data-element_type=\"widget\" data-widget_type=\"wd_text_block.default\">\n\t\t\t\t<div class=\"elementor-widget-container\">\n\t\t\t\t\t\t\t\t<link rel=\"stylesheet\" id=\"wd-text-block-css\" href=\"https:\/\/gchv.gr\/wp-content\/themes\/woodmart\/css\/parts\/el-text-block.min.css?ver=7.3.2\" type=\"text\/css\" media=\"all\" \/> \t\t\t\t\t<div class=\"wd-text-block reset-last-child text-left\">\n\t\t\t\n\t\t\t<div class=\"position-full\"><div class=\"xqc-con\"><div class=\"xqtitle60 wow slideInUp\"><p>Me logjik\u00ebn e re t\u00eb kontrollit Chigo, sistemi arrin efikasitet t\u00eb p\u00ebrmir\u00ebsuar. N\u00eb vend q\u00eb t\u00eb funksionojn\u00eb vet\u00ebm dy nj\u00ebsi me ngarkes\u00eb t\u00eb plot\u00eb, t\u00eb gjith\u00eb kompresor\u00ebt n\u00eb kat\u00ebr nj\u00ebsit\u00eb punojn\u00eb nj\u00ebkoh\u00ebsisht, duke rritur ndjesh\u00ebm performanc\u00ebn dhe efikasitetin e sistemit.<\/p><\/div><\/div><\/div>\n\t\t\t\t\t<\/div>\n\t\t\t\t\t\t<\/div>\n\t\t\t\t<\/div>\n\t\t\t\t<\/div>\n\t\t<div class=\"elementor-element elementor-element-7c08e9f e-con-full e-flex wd-section-disabled e-con e-child\" data-id=\"7c08e9f\" data-element_type=\"container\" data-settings=\"{&quot;background_background&quot;:&quot;classic&quot;}\">\n\t\t\t\t<div class=\"elementor-element elementor-element-98e25b0 elementor-widget elementor-widget-heading\" data-id=\"98e25b0\" data-element_type=\"widget\" data-widget_type=\"heading.default\">\n\t\t\t\t<div class=\"elementor-widget-container\">\n\t\t\t\t\t<h2 class=\"elementor-heading-title elementor-size-default\">Dizajn modular p\u00ebr instalim fleksib\u00ebl<\/h2>\t\t\t\t<\/div>\n\t\t\t\t<\/div>\n\t\t\t\t<div class=\"elementor-element elementor-element-4f44455 elementor-widget elementor-widget-wd_text_block\" data-id=\"4f44455\" data-element_type=\"widget\" data-widget_type=\"wd_text_block.default\">\n\t\t\t\t<div class=\"elementor-widget-container\">\n\t\t\t\t\t\t\t<div class=\"wd-text-block reset-last-child text-left\">\n\t\t\t\n\t\t\t<p>Dizajni modular lejon lidhjen deri n\u00eb 32 nj\u00ebsi, me nj\u00eb kapacitet total ftoh\u00ebs deri n\u00eb 2080 kW. Nuk k\u00ebrkohet asnj\u00eb dallim midis nj\u00ebsive master dhe slave, duke siguruar fleksibilitet dhe pajtueshm\u00ebri maksimale. Mund\u00ebsia p\u00ebr t\u00eb zgjedhur nga kombinime t\u00eb ndryshme instalimi plot\u00ebson plot\u00ebsisht nevojat e \u00e7do p\u00ebrdoruesi.<\/p>\n\t\t\t\t\t<\/div>\n\t\t\t\t\t\t<\/div>\n\t\t\t\t<\/div>\n\t\t\t\t<\/div>\n\t\t\t\t<\/div>\n\t\t<div class=\"elementor-element elementor-element-657f50c e-flex e-con-boxed wd-section-disabled e-con e-parent\" data-id=\"657f50c\" data-element_type=\"container\" data-settings=\"{&quot;background_background&quot;:&quot;classic&quot;}\">\n\t\t\t\t\t<div class=\"e-con-inner\">\n\t\t\t\t<div class=\"elementor-element elementor-element-64d7bd3 elementor-widget elementor-widget-heading\" data-id=\"64d7bd3\" data-element_type=\"widget\" data-widget_type=\"heading.default\">\n\t\t\t\t<div class=\"elementor-widget-container\">\n\t\t\t\t\t<h2 class=\"elementor-heading-title elementor-size-default\">Besueshm\u00ebria dhe jet\u00ebgjat\u00ebsia e sh\u00ebrbimit<\/h2>\t\t\t\t<\/div>\n\t\t\t\t<\/div>\n\t\t\t\t<div class=\"elementor-element elementor-element-15f3699 color-scheme-inherit text-left elementor-widget elementor-widget-text-editor\" data-id=\"15f3699\" data-element_type=\"widget\" data-widget_type=\"text-editor.default\">\n\t\t\t\t<div class=\"elementor-widget-container\">\n\t\t\t\t\t\t\t\t\t<div class=\"gprs text-center\"><div class=\"middle-box\"><div class=\"middle-inner\"><div class=\"w2700\"><div class=\"xqtitle60 xqtitle60-fff wow slideInUp\"><div class=\"gprs text-center\"><div class=\"middle-box\"><div class=\"middle-inner\"><div class=\"w2700\"><div class=\"xqtitle60 xqtitle60-fff wow slideInUp\"><p>Nisja graduale e nj\u00ebsis\u00eb zvog\u00eblon ndikimin e rrym\u00ebs s\u00eb hyrjes n\u00eb rrjet, nd\u00ebrsa pajisja mbrohet nga sisteme t\u00eb shumta sigurie. Sistemi p\u00ebrfaq\u00ebson besueshm\u00ebri t\u00eb lart\u00eb dhe nj\u00eb jet\u00eb t\u00eb gjat\u00eb sh\u00ebrbimi, fal\u00eb mbrojtjes nga mbingarkesa, mbrojtjes nga presioni i tep\u00ebrt, mbrojtjes kund\u00ebr ngrirjes dhe nd\u00ebrprerjes s\u00eb rrjedh\u00ebs s\u00eb ujit. Teknologjia e dyfisht\u00eb rezerv\u00eb siguron funksionimin e vazhduesh\u00ebm edhe n\u00eb rast t\u00eb d\u00ebshtimit t\u00eb pajisjes.<\/p><\/div><\/div><\/div><\/div><\/div><\/div><\/div><\/div><\/div><\/div>\t\t\t\t\t\t\t\t<\/div>\n\t\t\t\t<\/div>\n\t\t\t\t\t<\/div>\n\t\t\t\t<\/div>\n\t\t\t\t<\/div>","protected":false},"excerpt":{"rendered":"<p>Wide Use in Industrial and Urban Projects These units are ideal for spaces with high noise requirements or where traditional<\/p>","protected":false},"author":1,"featured_media":0,"parent":0,"menu_order":0,"comment_status":"closed","ping_status":"closed","template":"elementor_header_footer","meta":{"footnotes":""},"class_list":["post-15983","page","type-page","status-publish","hentry"],"_links":{"self":[{"href":"https:\/\/gchv.gr\/sq\/wp-json\/wp\/v2\/pages\/15983","targetHints":{"allow":["GET"]}}],"collection":[{"href":"https:\/\/gchv.gr\/sq\/wp-json\/wp\/v2\/pages"}],"about":[{"href":"https:\/\/gchv.gr\/sq\/wp-json\/wp\/v2\/types\/page"}],"author":[{"embeddable":true,"href":"https:\/\/gchv.gr\/sq\/wp-json\/wp\/v2\/users\/1"}],"replies":[{"embeddable":true,"href":"https:\/\/gchv.gr\/sq\/wp-json\/wp\/v2\/comments?post=15983"}],"version-history":[{"count":16,"href":"https:\/\/gchv.gr\/sq\/wp-json\/wp\/v2\/pages\/15983\/revisions"}],"predecessor-version":[{"id":16489,"href":"https:\/\/gchv.gr\/sq\/wp-json\/wp\/v2\/pages\/15983\/revisions\/16489"}],"wp:attachment":[{"href":"https:\/\/gchv.gr\/sq\/wp-json\/wp\/v2\/media?parent=15983"}],"curies":[{"name":"wp","href":"https:\/\/api.w.org\/{rel}","templated":true}]}}