{"id":15973,"date":"2024-10-23T07:10:11","date_gmt":"2024-10-23T07:10:11","guid":{"rendered":"https:\/\/gchv.webtitans.gr\/?page_id=15973"},"modified":"2025-02-17T17:21:31","modified_gmt":"2025-02-17T17:21:31","slug":"chv-mini-dc-inverter-drf","status":"publish","type":"page","link":"https:\/\/gchv.gr\/sq\/chv-mini-dc-inverter-drf\/","title":{"rendered":"CHV Mini DC Inverter DRF"},"content":{"rendered":"<div data-elementor-type=\"wp-page\" data-elementor-id=\"15973\" class=\"elementor elementor-15973\" data-elementor-post-type=\"page\">\n\t\t\t\t<div class=\"elementor-element elementor-element-ade672e e-con-full e-flex wd-section-disabled e-con e-parent\" data-id=\"ade672e\" data-element_type=\"container\">\n\t\t\t\t<div class=\"elementor-element elementor-element-e7a4a38 elementor-widget elementor-widget-wd_image_or_svg\" data-id=\"e7a4a38\" data-element_type=\"widget\" data-widget_type=\"wd_image_or_svg.default\">\n\t\t\t\t<div class=\"elementor-widget-container\">\n\t\t\t\t\t\n\t\t<div class=\"wd-image text-left\">\n\t\t\t\t\t\t\t\t<img fetchpriority=\"high\" decoding=\"async\" width=\"2048\" height=\"948\" src=\"https:\/\/gchv.gr\/wp-content\/uploads\/2024\/10\/20210524183003.jpg\" class=\"attachment-full size-full\" alt=\"\" srcset=\"https:\/\/gchv.gr\/wp-content\/uploads\/2024\/10\/20210524183003.jpg 2048w, https:\/\/gchv.gr\/wp-content\/uploads\/2024\/10\/20210524183003-400x185.jpg 400w, https:\/\/gchv.gr\/wp-content\/uploads\/2024\/10\/20210524183003-1300x602.jpg 1300w, https:\/\/gchv.gr\/wp-content\/uploads\/2024\/10\/20210524183003-768x356.jpg 768w, https:\/\/gchv.gr\/wp-content\/uploads\/2024\/10\/20210524183003-1536x711.jpg 1536w, https:\/\/gchv.gr\/wp-content\/uploads\/2024\/10\/20210524183003-18x8.jpg 18w\" sizes=\"(max-width: 2048px) 100vw, 2048px\" \/>\t\t\t\t\t<\/div>\n\n\t\t\t\t\t\t<\/div>\n\t\t\t\t<\/div>\n\t\t\t\t<\/div>\n\t\t<div class=\"elementor-element elementor-element-494af7b e-flex e-con-boxed wd-section-disabled e-con e-parent\" data-id=\"494af7b\" data-element_type=\"container\" data-settings=\"{&quot;background_background&quot;:&quot;classic&quot;}\">\n\t\t\t\t\t<div class=\"e-con-inner\">\n\t\t<div class=\"elementor-element elementor-element-ef09003 e-flex e-con-boxed wd-section-disabled e-con e-child\" data-id=\"ef09003\" data-element_type=\"container\">\n\t\t\t\t\t<div class=\"e-con-inner\">\n\t\t\t\t<div class=\"elementor-element elementor-element-01863a4 elementor-widget elementor-widget-heading\" data-id=\"01863a4\" data-element_type=\"widget\" data-widget_type=\"heading.default\">\n\t\t\t\t<div class=\"elementor-widget-container\">\n\t\t\t\t\t<h2 class=\"elementor-heading-title elementor-size-default\">Seria CHV e Mini VRF-s: Teknologjia m\u00eb e mir\u00eb me dizajn unik<\/h2>\t\t\t\t<\/div>\n\t\t\t\t<\/div>\n\t\t\t\t<div class=\"elementor-element elementor-element-f705236 elementor-widget elementor-widget-heading\" data-id=\"f705236\" data-element_type=\"widget\" data-widget_type=\"heading.default\">\n\t\t\t\t<div class=\"elementor-widget-container\">\n\t\t\t\t\t<h2 class=\"elementor-heading-title elementor-size-default\">P\u00ebr kondicionerin qendror, si pamja ashtu edhe teknologjia jan\u00eb p\u00ebrpar\u00ebsit\u00eb kryesore. Seria e re CHV Mini VRF nga Chigo kombinon n\u00eb m\u00ebnyr\u00eb t\u00eb p\u00ebrsosur dizajnin modern me funksionalitetin, duke krijuar nj\u00eb p\u00ebrzierje ideale estetike dhe praktike.<\/h2>\t\t\t\t<\/div>\n\t\t\t\t<\/div>\n\t\t\t\t\t<\/div>\n\t\t\t\t<\/div>\n\t\t<div class=\"elementor-element elementor-element-10409af e-flex e-con-boxed wd-section-disabled e-con e-child\" data-id=\"10409af\" data-element_type=\"container\">\n\t\t\t\t\t<div class=\"e-con-inner\">\n\t\t\t\t<div class=\"elementor-element elementor-element-b03c1ed elementor-widget elementor-widget-image\" data-id=\"b03c1ed\" data-element_type=\"widget\" data-widget_type=\"image.default\">\n\t\t\t\t<div class=\"elementor-widget-container\">\n\t\t\t\t\t\t\t\t\t\t\t\t\t\t\t<img decoding=\"async\" width=\"803\" height=\"800\" src=\"https:\/\/gchv.eu\/wp-content\/uploads\/2024\/10\/20210524181444.png\" class=\"attachment-large size-large wp-image-15976\" alt=\"\" srcset=\"https:\/\/gchv.eu\/wp-content\/uploads\/2024\/10\/20210524181444.png 803w, https:\/\/gchv.eu\/wp-content\/uploads\/2024\/10\/20210524181444-301x300.png 301w, https:\/\/gchv.eu\/wp-content\/uploads\/2024\/10\/20210524181444-150x150.png 150w, https:\/\/gchv.eu\/wp-content\/uploads\/2024\/10\/20210524181444-768x765.png 768w, https:\/\/gchv.eu\/wp-content\/uploads\/2024\/10\/20210524181444-12x12.png 12w\" sizes=\"(max-width: 803px) 100vw, 803px\" \/>\t\t\t\t\t\t\t\t\t\t\t\t\t\t\t<\/div>\n\t\t\t\t<\/div>\n\t\t\t\t\t<\/div>\n\t\t\t\t<\/div>\n\t\t\t\t\t<\/div>\n\t\t\t\t<\/div>\n\t\t<div class=\"elementor-element elementor-element-4caf2e5 e-con-full e-flex wd-section-disabled e-con e-parent\" data-id=\"4caf2e5\" data-element_type=\"container\">\n\t\t<div class=\"elementor-element elementor-element-a33e2bf e-con-full e-flex wd-section-disabled e-con e-child\" data-id=\"a33e2bf\" data-element_type=\"container\" data-settings=\"{&quot;background_background&quot;:&quot;classic&quot;}\">\n\t\t\t\t<div class=\"elementor-element elementor-element-f5c6c6e elementor-widget elementor-widget-heading\" data-id=\"f5c6c6e\" data-element_type=\"widget\" data-widget_type=\"heading.default\">\n\t\t\t\t<div class=\"elementor-widget-container\">\n\t\t\t\t\t<h2 class=\"elementor-heading-title elementor-size-default\">Dizajn i jasht\u00ebzakonsh\u00ebm p\u00ebr nj\u00eb pamje unike<\/h2>\t\t\t\t<\/div>\n\t\t\t\t<\/div>\n\t\t\t\t<div class=\"elementor-element elementor-element-d3d3a6e elementor-widget elementor-widget-wd_text_block\" data-id=\"d3d3a6e\" data-element_type=\"widget\" data-widget_type=\"wd_text_block.default\">\n\t\t\t\t<div class=\"elementor-widget-container\">\n\t\t\t\t\t\t\t\t<link rel=\"stylesheet\" id=\"wd-text-block-css\" href=\"https:\/\/gchv.gr\/wp-content\/themes\/woodmart\/css\/parts\/el-text-block.min.css?ver=7.3.2\" type=\"text\/css\" media=\"all\" \/> \t\t\t\t\t<div class=\"wd-text-block reset-last-child text-left\">\n\t\t\t\n\t\t\t<div class=\"position-full\"><div class=\"xqc-con\"><div class=\"xqtitle60 wow slideInUp\"><p>Dizajni i seris\u00eb CHV Mini VRF \u00ebsht\u00eb frym\u00ebzuar nga forma e nj\u00eb makine sportive. Me prerjen e bllokut dhe elementet trapezoidale, linjat e theksuara krijojn\u00eb nj\u00eb ndjesi t\u00eb mod\u00ebs dhe thelb\u00ebsore, duke ofruar nj\u00eb ndikim t\u00eb fort\u00eb vizual dhe njohje t\u00eb lart\u00eb t\u00eb mark\u00ebs. Ky dizajn siguron nj\u00eb prani t\u00eb mrekullueshme, duke arritur funksionalitetin dhe t\u00ebrheqjen estetike.<\/p><\/div><\/div><\/div>\n\t\t\t\t\t<\/div>\n\t\t\t\t\t\t<\/div>\n\t\t\t\t<\/div>\n\t\t\t\t<\/div>\n\t\t<div class=\"elementor-element elementor-element-7c08e9f e-con-full e-flex wd-section-disabled e-con e-child\" data-id=\"7c08e9f\" data-element_type=\"container\" data-settings=\"{&quot;background_background&quot;:&quot;classic&quot;}\">\n\t\t\t\t<div class=\"elementor-element elementor-element-98e25b0 elementor-widget elementor-widget-heading\" data-id=\"98e25b0\" data-element_type=\"widget\" data-widget_type=\"heading.default\">\n\t\t\t\t<div class=\"elementor-widget-container\">\n\t\t\t\t\t<h2 class=\"elementor-heading-title elementor-size-default\">Teknologji inovative p\u00ebr performanc\u00eb t\u00eb p\u00ebrmir\u00ebsuar<\/h2>\t\t\t\t<\/div>\n\t\t\t\t<\/div>\n\t\t\t\t<div class=\"elementor-element elementor-element-4f44455 elementor-widget elementor-widget-wd_text_block\" data-id=\"4f44455\" data-element_type=\"widget\" data-widget_type=\"wd_text_block.default\">\n\t\t\t\t<div class=\"elementor-widget-container\">\n\t\t\t\t\t\t\t<div class=\"wd-text-block reset-last-child text-left\">\n\t\t\t\n\t\t\t<p>Tre p\u00ebrmir\u00ebsime kryesore t\u00eb performanc\u00ebs jan\u00eb arritur p\u00ebrmes teknologjis\u00eb s\u00eb avancuar t\u00eb ftohjes s\u00eb freonit:<\/p><ol><li class=\"translation-block\">Rritja e performanc\u00ebs n\u00eb temperatura t\u00eb larta: Performanca e sistemit p\u00ebrmir\u00ebsohet me mbi 20%, me nj\u00eb temperatur\u00eb maksimale t\u00eb funksionimit t\u00eb ftohjes prej 55\u2103, duke siguruar performanc\u00eb t\u00eb p\u00ebrmir\u00ebsuar n\u00eb kushte sfiduese.<\/li><li class=\"translation-block\">Funksionimi i reduktuar ndaj tensionit t\u00eb ul\u00ebt: Funksionimi n\u00ebn tension t\u00eb ul\u00ebt \u00ebsht\u00eb reduktuar nga minimumi fillestar prej 172V n\u00eb 165V, duke lejuar p\u00ebrgjigje m\u00eb t\u00eb mir\u00eb ndaj luhatjeve t\u00eb tensionit si n\u00eb zonat urbane ashtu edhe n\u00eb ato rurale.<\/li><li class=\"translation-block\">Reduktimi i zhurm\u00ebs: Grila e p\u00ebrmir\u00ebsuar e shp\u00ebrndarjes s\u00eb nxeht\u00ebsis\u00eb redukton nivelet e zhurm\u00ebs, duke siguruar funksionim m\u00eb t\u00eb qet\u00eb t\u00eb sistemit.<\/li><\/ol>\n\t\t\t\t\t<\/div>\n\t\t\t\t\t\t<\/div>\n\t\t\t\t<\/div>\n\t\t\t\t<\/div>\n\t\t\t\t<\/div>\n\t\t<div class=\"elementor-element elementor-element-657f50c e-flex e-con-boxed wd-section-disabled e-con e-parent\" data-id=\"657f50c\" data-element_type=\"container\" data-settings=\"{&quot;background_background&quot;:&quot;classic&quot;}\">\n\t\t\t\t\t<div class=\"e-con-inner\">\n\t\t\t\t<div class=\"elementor-element elementor-element-64d7bd3 elementor-widget elementor-widget-heading\" data-id=\"64d7bd3\" data-element_type=\"widget\" data-widget_type=\"heading.default\">\n\t\t\t\t<div class=\"elementor-widget-container\">\n\t\t\t\t\t<h2 class=\"elementor-heading-title elementor-size-default\">Dizajn i menduar p\u00ebr p\u00ebrdorim optimal t\u00eb hap\u00ebsir\u00ebs<\/h2>\t\t\t\t<\/div>\n\t\t\t\t<\/div>\n\t\t\t\t<div class=\"elementor-element elementor-element-15f3699 color-scheme-inherit text-left elementor-widget elementor-widget-text-editor\" data-id=\"15f3699\" data-element_type=\"widget\" data-widget_type=\"text-editor.default\">\n\t\t\t\t<div class=\"elementor-widget-container\">\n\t\t\t\t\t\t\t\t\t<div class=\"gprs text-center\"><div class=\"middle-box\"><div class=\"middle-inner\"><div class=\"w2700\"><div class=\"xqtitle60 xqtitle60-fff wow slideInUp\"><p>Shum\u00eb zona banimi p\u00ebrballen me probleme t\u00eb r\u00ebnd\u00ebsishme me dizajnin e baz\u00ebs s\u00eb nj\u00ebsis\u00eb s\u00eb ajrit t\u00eb kondicionuar. Hulumtimet tregojn\u00eb se mbi 53% e hap\u00ebsir\u00ebs n\u00eb dispozicion n\u00eb nd\u00ebrtesa \u00ebsht\u00eb e pap\u00ebrshtatshme p\u00ebr instalimin e nj\u00ebsive tradicionale t\u00eb kondicionimit qendror. Shpesh, hap\u00ebsira e disponueshme \u00ebsht\u00eb shum\u00eb e ngusht\u00eb dhe e kufizuar, duke e b\u00ebr\u00eb t\u00eb v\u00ebshtir\u00eb instalimin e nj\u00ebsive VRF. Edhe n\u00ebse instalohet, mungesa e hap\u00ebsir\u00ebs mund t\u00eb \u00e7oj\u00eb n\u00eb probleme t\u00eb menaxhimit t\u00eb nxeht\u00ebsis\u00eb, t\u00eb cilat mund t\u00eb shkaktojn\u00eb probleme t\u00eb mbrojtjes termike dhe ulje t\u00eb performanc\u00ebs gjat\u00eb ver\u00ebs.<\/p><\/div><\/div><\/div><\/div><\/div>\t\t\t\t\t\t\t\t<\/div>\n\t\t\t\t<\/div>\n\t\t\t\t\t<\/div>\n\t\t\t\t<\/div>\n\t\t\t\t<\/div>","protected":false},"excerpt":{"rendered":"<p>CHV Mini VRF Series: Top Technology with Unique Design For central air conditioning, both appearance and technology are the key<\/p>","protected":false},"author":1,"featured_media":0,"parent":0,"menu_order":0,"comment_status":"closed","ping_status":"closed","template":"elementor_header_footer","meta":{"footnotes":""},"class_list":["post-15973","page","type-page","status-publish","hentry"],"_links":{"self":[{"href":"https:\/\/gchv.gr\/sq\/wp-json\/wp\/v2\/pages\/15973","targetHints":{"allow":["GET"]}}],"collection":[{"href":"https:\/\/gchv.gr\/sq\/wp-json\/wp\/v2\/pages"}],"about":[{"href":"https:\/\/gchv.gr\/sq\/wp-json\/wp\/v2\/types\/page"}],"author":[{"embeddable":true,"href":"https:\/\/gchv.gr\/sq\/wp-json\/wp\/v2\/users\/1"}],"replies":[{"embeddable":true,"href":"https:\/\/gchv.gr\/sq\/wp-json\/wp\/v2\/comments?post=15973"}],"version-history":[{"count":16,"href":"https:\/\/gchv.gr\/sq\/wp-json\/wp\/v2\/pages\/15973\/revisions"}],"predecessor-version":[{"id":16519,"href":"https:\/\/gchv.gr\/sq\/wp-json\/wp\/v2\/pages\/15973\/revisions\/16519"}],"wp:attachment":[{"href":"https:\/\/gchv.gr\/sq\/wp-json\/wp\/v2\/media?parent=15973"}],"curies":[{"name":"wp","href":"https:\/\/api.w.org\/{rel}","templated":true}]}}