{"id":15844,"date":"2024-10-04T15:09:30","date_gmt":"2024-10-04T15:09:30","guid":{"rendered":"https:\/\/gchv.webtitans.gr\/?page_id=15844"},"modified":"2025-02-17T14:45:12","modified_gmt":"2025-02-17T14:45:12","slug":"chv-pro-series-full-dc-inverter-vrf","status":"publish","type":"page","link":"https:\/\/gchv.gr\/sq\/chv-pro-series-full-dc-inverter-vrf\/","title":{"rendered":"Seria CHV Pro e DC Inverterit t\u00eb VRF-s"},"content":{"rendered":"<div data-elementor-type=\"wp-page\" data-elementor-id=\"15844\" class=\"elementor elementor-15844\" data-elementor-post-type=\"page\">\n\t\t\t\t<div class=\"elementor-element elementor-element-ade672e e-con-full e-flex wd-section-disabled e-con e-parent\" data-id=\"ade672e\" data-element_type=\"container\">\n\t\t\t\t<div class=\"elementor-element elementor-element-e7a4a38 elementor-widget elementor-widget-wd_image_or_svg\" data-id=\"e7a4a38\" data-element_type=\"widget\" data-widget_type=\"wd_image_or_svg.default\">\n\t\t\t\t<div class=\"elementor-widget-container\">\n\t\t\t\t\t\n\t\t<div class=\"wd-image text-left\">\n\t\t\t\t\t\t\t\t<img fetchpriority=\"high\" decoding=\"async\" width=\"2048\" height=\"944\" src=\"https:\/\/gchv.gr\/wp-content\/uploads\/2024\/10\/20220106090132.jpg\" class=\"attachment-full size-full\" alt=\"\" srcset=\"https:\/\/gchv.gr\/wp-content\/uploads\/2024\/10\/20220106090132.jpg 2048w, https:\/\/gchv.gr\/wp-content\/uploads\/2024\/10\/20220106090132-400x184.jpg 400w, https:\/\/gchv.gr\/wp-content\/uploads\/2024\/10\/20220106090132-1300x599.jpg 1300w, https:\/\/gchv.gr\/wp-content\/uploads\/2024\/10\/20220106090132-768x354.jpg 768w, https:\/\/gchv.gr\/wp-content\/uploads\/2024\/10\/20220106090132-1536x708.jpg 1536w, https:\/\/gchv.gr\/wp-content\/uploads\/2024\/10\/20220106090132-18x8.jpg 18w\" sizes=\"(max-width: 2048px) 100vw, 2048px\" \/>\t\t\t\t\t<\/div>\n\n\t\t\t\t\t\t<\/div>\n\t\t\t\t<\/div>\n\t\t\t\t<\/div>\n\t\t<div class=\"elementor-element elementor-element-494af7b e-flex e-con-boxed wd-section-disabled e-con e-parent\" data-id=\"494af7b\" data-element_type=\"container\" data-settings=\"{&quot;background_background&quot;:&quot;classic&quot;}\">\n\t\t\t\t\t<div class=\"e-con-inner\">\n\t\t<div class=\"elementor-element elementor-element-ef09003 e-flex e-con-boxed wd-section-disabled e-con e-child\" data-id=\"ef09003\" data-element_type=\"container\">\n\t\t\t\t\t<div class=\"e-con-inner\">\n\t\t\t\t<div class=\"elementor-element elementor-element-01863a4 elementor-widget elementor-widget-heading\" data-id=\"01863a4\" data-element_type=\"widget\" data-widget_type=\"heading.default\">\n\t\t\t\t<div class=\"elementor-widget-container\">\n\t\t\t\t\t<h2 class=\"elementor-heading-title elementor-size-default\">Mund\u00ebsuar nga teknologjia e avancuar, krijoni nj\u00eb p\u00ebrvoj\u00eb unike p\u00ebr nd\u00ebrtesat tregtare!<\/h2>\t\t\t\t<\/div>\n\t\t\t\t<\/div>\n\t\t\t\t<div class=\"elementor-element elementor-element-f705236 elementor-widget elementor-widget-heading\" data-id=\"f705236\" data-element_type=\"widget\" data-widget_type=\"heading.default\">\n\t\t\t\t<div class=\"elementor-widget-container\">\n\t\t\t\t\t<h2 class=\"elementor-heading-title elementor-size-default\">Seria CHV Pro \u00ebsht\u00eb projektuar p\u00ebr p\u00ebrshtatshm\u00ebri dhe fleksibilitet, p\u00ebrdoret gjer\u00ebsisht n\u00eb qendrat tregtare, nd\u00ebrtesat e zyrave, hotelet dhe mjediset e tjera profesionale. Ideale p\u00ebr nevojat e zyr\u00ebs, ofron karakteristika inteligjente, efikasitet energjetik dhe nj\u00eb dizajn miq\u00ebsor ndaj mjedisit, duke siguruar nj\u00eb mjedis pune t\u00eb sh\u00ebndetsh\u00ebm dhe t\u00eb rehatsh\u00ebm.<\/h2>\t\t\t\t<\/div>\n\t\t\t\t<\/div>\n\t\t\t\t\t<\/div>\n\t\t\t\t<\/div>\n\t\t<div class=\"elementor-element elementor-element-10409af e-flex e-con-boxed wd-section-disabled e-con e-child\" data-id=\"10409af\" data-element_type=\"container\">\n\t\t\t\t\t<div class=\"e-con-inner\">\n\t\t\t\t<div class=\"elementor-element elementor-element-b03c1ed elementor-widget elementor-widget-image\" data-id=\"b03c1ed\" data-element_type=\"widget\" data-widget_type=\"image.default\">\n\t\t\t\t<div class=\"elementor-widget-container\">\n\t\t\t\t\t\t\t\t\t\t\t\t\t\t\t<img decoding=\"async\" width=\"803\" height=\"800\" src=\"https:\/\/gchv.eu\/wp-content\/uploads\/2024\/10\/20200828101409.png\" class=\"attachment-large size-large wp-image-15871\" alt=\"\" srcset=\"https:\/\/gchv.eu\/wp-content\/uploads\/2024\/10\/20200828101409.png 803w, https:\/\/gchv.eu\/wp-content\/uploads\/2024\/10\/20200828101409-301x300.png 301w, https:\/\/gchv.eu\/wp-content\/uploads\/2024\/10\/20200828101409-150x150.png 150w, https:\/\/gchv.eu\/wp-content\/uploads\/2024\/10\/20200828101409-768x765.png 768w, https:\/\/gchv.eu\/wp-content\/uploads\/2024\/10\/20200828101409-12x12.png 12w\" sizes=\"(max-width: 803px) 100vw, 803px\" \/>\t\t\t\t\t\t\t\t\t\t\t\t\t\t\t<\/div>\n\t\t\t\t<\/div>\n\t\t\t\t\t<\/div>\n\t\t\t\t<\/div>\n\t\t\t\t\t<\/div>\n\t\t\t\t<\/div>\n\t\t<div class=\"elementor-element elementor-element-4caf2e5 e-con-full e-flex wd-section-disabled e-con e-parent\" data-id=\"4caf2e5\" data-element_type=\"container\">\n\t\t<div class=\"elementor-element elementor-element-a33e2bf e-con-full e-flex wd-section-disabled e-con e-child\" data-id=\"a33e2bf\" data-element_type=\"container\" data-settings=\"{&quot;background_background&quot;:&quot;classic&quot;}\">\n\t\t\t\t<div class=\"elementor-element elementor-element-f5c6c6e elementor-widget elementor-widget-heading\" data-id=\"f5c6c6e\" data-element_type=\"widget\" data-widget_type=\"heading.default\">\n\t\t\t\t<div class=\"elementor-widget-container\">\n\t\t\t\t\t<h2 class=\"elementor-heading-title elementor-size-default\">Dizajn elegant dhe i q\u00ebndruesh\u00ebm<\/h2>\t\t\t\t<\/div>\n\t\t\t\t<\/div>\n\t\t\t\t<div class=\"elementor-element elementor-element-d3d3a6e elementor-widget elementor-widget-wd_text_block\" data-id=\"d3d3a6e\" data-element_type=\"widget\" data-widget_type=\"wd_text_block.default\">\n\t\t\t\t<div class=\"elementor-widget-container\">\n\t\t\t\t\t\t\t\t<link rel=\"stylesheet\" id=\"wd-text-block-css\" href=\"https:\/\/gchv.gr\/wp-content\/themes\/woodmart\/css\/parts\/el-text-block.min.css?ver=7.3.2\" type=\"text\/css\" media=\"all\" \/> \t\t\t\t\t<div class=\"wd-text-block reset-last-child text-center\">\n\t\t\t\n\t\t\t<p>Seria CHV Pro p\u00ebrmban nj\u00eb struktur\u00eb t\u00eb ngurt\u00eb me elemente trapezoidale, duke i dh\u00ebn\u00eb asaj nj\u00eb estetik\u00eb t\u00eb rafinuar dhe nj\u00eb dizajn dinamik mbres\u00ebl\u00ebn\u00ebs. Llamarina e zgjedhur me kujdes dhe e l\u00ebmuar p\u00ebrmir\u00ebson struktur\u00ebn nd\u00ebrsa mbetet rezistente ndaj kushteve t\u00eb v\u00ebshtira t\u00eb jashtme, duke e b\u00ebr\u00eb at\u00eb nj\u00eb \"performues t\u00eb fort\u00eb\" n\u00eb sistemet HVAC.<\/p>\n\t\t\t\t\t<\/div>\n\t\t\t\t\t\t<\/div>\n\t\t\t\t<\/div>\n\t\t\t\t<\/div>\n\t\t<div class=\"elementor-element elementor-element-7c08e9f e-con-full e-flex wd-section-disabled e-con e-child\" data-id=\"7c08e9f\" data-element_type=\"container\" data-settings=\"{&quot;background_background&quot;:&quot;classic&quot;}\">\n\t\t\t\t<div class=\"elementor-element elementor-element-98e25b0 elementor-widget elementor-widget-heading\" data-id=\"98e25b0\" data-element_type=\"widget\" data-widget_type=\"heading.default\">\n\t\t\t\t<div class=\"elementor-widget-container\">\n\t\t\t\t\t<h2 class=\"elementor-heading-title elementor-size-default\">Dritarja e servisimit p\u00ebr qasje t\u00eb leht\u00eb dhe t\u00eb menj\u00ebhershme<\/h2>\t\t\t\t<\/div>\n\t\t\t\t<\/div>\n\t\t\t\t<div class=\"elementor-element elementor-element-4f44455 elementor-widget elementor-widget-wd_text_block\" data-id=\"4f44455\" data-element_type=\"widget\" data-widget_type=\"wd_text_block.default\">\n\t\t\t\t<div class=\"elementor-widget-container\">\n\t\t\t\t\t\t\t<div class=\"wd-text-block reset-last-child text-center\">\n\t\t\t\n\t\t\t<p>Dritarja e servisimit \u00ebsht\u00eb projektuar p\u00ebr t\u00eb lejuar inspektimin e menj\u00ebhersh\u00ebm t\u00eb parametrave t\u00eb funksionimit pa \u00e7montuar panelin. Kjo zgjidhje inovative thjeshton instalimin dhe zgjidhjen e problemeve, duke siguruar qasje t\u00eb shpejt\u00eb dhe efikase p\u00ebr mir\u00ebmbajtjen dhe rregullimet, duke e b\u00ebr\u00eb servisimin m\u00eb t\u00eb p\u00ebrshtatsh\u00ebm dhe me kursim kohe.<\/p>\n\t\t\t\t\t<\/div>\n\t\t\t\t\t\t<\/div>\n\t\t\t\t<\/div>\n\t\t\t\t<\/div>\n\t\t\t\t<\/div>\n\t\t<div class=\"elementor-element elementor-element-657f50c e-flex e-con-boxed wd-section-disabled e-con e-parent\" data-id=\"657f50c\" data-element_type=\"container\" data-settings=\"{&quot;background_background&quot;:&quot;classic&quot;}\">\n\t\t\t\t\t<div class=\"e-con-inner\">\n\t\t\t\t<div class=\"elementor-element elementor-element-64d7bd3 elementor-widget elementor-widget-heading\" data-id=\"64d7bd3\" data-element_type=\"widget\" data-widget_type=\"heading.default\">\n\t\t\t\t<div class=\"elementor-widget-container\">\n\t\t\t\t\t<h2 class=\"elementor-heading-title elementor-size-default\">GPRS Installation and Data Transmission for Remote Monitoring<\/h2>\t\t\t\t<\/div>\n\t\t\t\t<\/div>\n\t\t\t\t<div class=\"elementor-element elementor-element-15f3699 color-scheme-inherit text-left elementor-widget elementor-widget-text-editor\" data-id=\"15f3699\" data-element_type=\"widget\" data-widget_type=\"text-editor.default\">\n\t\t\t\t<div class=\"elementor-widget-container\">\n\t\t\t\t\t\t\t\t\t<p>E pajisur me nj\u00eb sistem gjurmimi GPS, nj\u00ebsia mund\u00ebson transmetimin n\u00eb distanc\u00eb t\u00eb t\u00eb dh\u00ebnave n\u00ebp\u00ebrmjet sh\u00ebrbimit cloud t\u00eb prodhuesit, duke shfryt\u00ebzuar teknologjin\u00eb e t\u00eb dh\u00ebnave t\u00eb m\u00ebdha. Kjo lejon monitorimin n\u00eb distanc\u00eb, parashikimin e defekteve dhe diagnostikimin n\u00eb shkall\u00eb globale, duke ofruar kontroll t\u00eb plot\u00eb dhe mir\u00ebmbajtje proaktive n\u00eb koh\u00eb reale.<\/p>\t\t\t\t\t\t\t\t<\/div>\n\t\t\t\t<\/div>\n\t\t\t\t\t<\/div>\n\t\t\t\t<\/div>\n\t\t<div class=\"elementor-element elementor-element-3cf62eb e-con-full e-flex wd-section-disabled e-con e-parent\" data-id=\"3cf62eb\" data-element_type=\"container\">\n\t\t<div class=\"elementor-element elementor-element-726b197 e-con-full e-flex wd-section-disabled e-con e-child\" data-id=\"726b197\" data-element_type=\"container\" data-settings=\"{&quot;background_background&quot;:&quot;classic&quot;}\">\n\t\t\t\t<div class=\"elementor-element elementor-element-d2314d3 elementor-widget elementor-widget-heading\" data-id=\"d2314d3\" data-element_type=\"widget\" data-widget_type=\"heading.default\">\n\t\t\t\t<div class=\"elementor-widget-container\">\n\t\t\t\t\t<h2 class=\"elementor-heading-title elementor-size-default\">Shkrirja ( defrost ) e Vazhdueshme p\u00ebr Performanc\u00eb t\u00eb P\u00ebrmir\u00ebsuar<\/h2>\t\t\t\t<\/div>\n\t\t\t\t<\/div>\n\t\t\t\t<div class=\"elementor-element elementor-element-769fdfa elementor-widget elementor-widget-wd_text_block\" data-id=\"769fdfa\" data-element_type=\"widget\" data-widget_type=\"wd_text_block.default\">\n\t\t\t\t<div class=\"elementor-widget-container\">\n\t\t\t\t\t\t\t<div class=\"wd-text-block reset-last-child text-center\">\n\t\t\t\n\t\t\t<p>Nj\u00ebsia e ruajtjes s\u00eb nxeht\u00ebsis\u00eb ruan nxeht\u00ebsin\u00eb e panevojshme q\u00eb krijohet gjat\u00eb funksionimit t\u00eb kompresorit. Gjat\u00eb shkrirjes, nxeht\u00ebsia e ruajtur p\u00ebrdoret p\u00ebr t\u00eb hequr akullin nga nj\u00ebsia e jashtme, duke siguruar ngrohje dhe shkrirje t\u00eb nj\u00ebkohshme. Kjo rezulton n\u00eb performanc\u00eb optimale dhe kursim t\u00eb energjis\u00eb.<\/p>\n\t\t\t\t\t<\/div>\n\t\t\t\t\t\t<\/div>\n\t\t\t\t<\/div>\n\t\t\t\t<\/div>\n\t\t<div class=\"elementor-element elementor-element-d8a30af e-con-full e-flex wd-section-disabled e-con e-child\" data-id=\"d8a30af\" data-element_type=\"container\" data-settings=\"{&quot;background_background&quot;:&quot;classic&quot;}\">\n\t\t\t\t<div class=\"elementor-element elementor-element-69fd2d8 elementor-widget elementor-widget-heading\" data-id=\"69fd2d8\" data-element_type=\"widget\" data-widget_type=\"heading.default\">\n\t\t\t\t<div class=\"elementor-widget-container\">\n\t\t\t\t\t<h2 class=\"elementor-heading-title elementor-size-default\">Kontroll dhe mbushje automatike t\u00eb freonit p\u00ebr efikasitet t\u00eb shtuar<\/h2>\t\t\t\t<\/div>\n\t\t\t\t<\/div>\n\t\t\t\t<div class=\"elementor-element elementor-element-39fc8f1 elementor-widget elementor-widget-wd_text_block\" data-id=\"39fc8f1\" data-element_type=\"widget\" data-widget_type=\"wd_text_block.default\">\n\t\t\t\t<div class=\"elementor-widget-container\">\n\t\t\t\t\t\t\t<div class=\"wd-text-block reset-last-child text-left\">\n\t\t\t\n\t\t\t<p>Duke p\u00ebrdorur freonin miq\u00ebsor ndaj mjedisit R410A, sistemi siguron performanc\u00eb t\u00eb lart\u00eb dhe efikasitet energjie. Nj\u00ebsia p\u00ebrmban kontrollin dhe mbushjen automatike t\u00eb freonit, duke eliminuar nevoj\u00ebn p\u00ebr llogaritjet manuale, duke siguruar funksionim t\u00eb besuesh\u00ebm me nd\u00ebrhyrje minimale njer\u00ebzore.<\/p>\n\t\t\t\t\t<\/div>\n\t\t\t\t\t\t<\/div>\n\t\t\t\t<\/div>\n\t\t\t\t<\/div>\n\t\t\t\t<\/div>\n\t\t<div class=\"elementor-element elementor-element-5e9b3f8 e-con-full e-flex wd-section-disabled e-con e-parent\" data-id=\"5e9b3f8\" data-element_type=\"container\">\n\t\t<div class=\"elementor-element elementor-element-791def9 e-con-full e-flex wd-section-disabled e-con e-child\" data-id=\"791def9\" data-element_type=\"container\" data-settings=\"{&quot;background_background&quot;:&quot;classic&quot;}\">\n\t\t\t\t<div class=\"elementor-element elementor-element-61bdcb4 elementor-widget elementor-widget-heading\" data-id=\"61bdcb4\" data-element_type=\"widget\" data-widget_type=\"heading.default\">\n\t\t\t\t<div class=\"elementor-widget-container\">\n\t\t\t\t\t<h2 class=\"elementor-heading-title elementor-size-default\">Sistemi i Menaxhimit t\u00eb Nd\u00ebrtes\u00ebs p\u00ebr Kontrollin e P\u00ebrqendruar<\/h2>\t\t\t\t<\/div>\n\t\t\t\t<\/div>\n\t\t\t\t<div class=\"elementor-element elementor-element-636e2b4 elementor-widget elementor-widget-wd_text_block\" data-id=\"636e2b4\" data-element_type=\"widget\" data-widget_type=\"wd_text_block.default\">\n\t\t\t\t<div class=\"elementor-widget-container\">\n\t\t\t\t\t\t\t<div class=\"wd-text-block reset-last-child text-center\">\n\t\t\t\n\t\t\t<p>Sistemi i centralizuar i kontrollit t\u00eb rrjetit mund\u00ebson menaxhimin dhe monitorimin e grupuar t\u00eb funksioneve t\u00eb nd\u00ebrtes\u00ebs. Faturimi p\u00ebr llogari siguron shp\u00ebrndarje t\u00eb sakt\u00eb t\u00eb kostove t\u00eb energjis\u00eb, duke ofruar nj\u00eb m\u00ebnyr\u00eb t\u00eb leht\u00eb dhe efektive p\u00ebr t\u00eb menaxhuar shpenzimet operative.<\/p>\n\t\t\t\t\t<\/div>\n\t\t\t\t\t\t<\/div>\n\t\t\t\t<\/div>\n\t\t\t\t<\/div>\n\t\t<div class=\"elementor-element elementor-element-a4b1e74 e-con-full e-flex wd-section-disabled e-con e-child\" data-id=\"a4b1e74\" data-element_type=\"container\" data-settings=\"{&quot;background_background&quot;:&quot;classic&quot;}\">\n\t\t\t\t<div class=\"elementor-element elementor-element-5533cd2 elementor-widget elementor-widget-heading\" data-id=\"5533cd2\" data-element_type=\"widget\" data-widget_type=\"heading.default\">\n\t\t\t\t<div class=\"elementor-widget-container\">\n\t\t\t\t\t<h2 class=\"elementor-heading-title elementor-size-default\">Kontroll Inteligjent i Temperatur\u00ebs p\u00ebr Kursim t\u00eb Energjis\u00eb<\/h2>\t\t\t\t<\/div>\n\t\t\t\t<\/div>\n\t\t\t\t<div class=\"elementor-element elementor-element-be96209 elementor-widget elementor-widget-wd_text_block\" data-id=\"be96209\" data-element_type=\"widget\" data-widget_type=\"wd_text_block.default\">\n\t\t\t\t<div class=\"elementor-widget-container\">\n\t\t\t\t\t\t\t<div class=\"wd-text-block reset-last-child text-center\">\n\t\t\t\n\t\t\t<p>Sistemi zbulon n\u00eb m\u00ebnyr\u00eb inteligjente kushtet e temperatur\u00ebs s\u00eb mjedisit dhe rregullon n\u00eb m\u00ebnyr\u00eb dinamike kapacitetin e ajrit t\u00eb kondicionuar. Kjo siguron performanc\u00eb optimale duke reduktuar ndjesh\u00ebm konsumin e energjis\u00eb, duke arritur kursime t\u00eb p\u00ebrgjithshme t\u00eb energjis\u00eb n\u00eb t\u00eb gjith\u00eb nd\u00ebrtes\u00ebn.<\/p>\n\t\t\t\t\t<\/div>\n\t\t\t\t\t\t<\/div>\n\t\t\t\t<\/div>\n\t\t\t\t<\/div>\n\t\t\t\t<\/div>\n\t\t\t\t<\/div>","protected":false},"excerpt":{"rendered":"<p>Powered by advanced technology, create a unique experience for commercial buildings! The CHV Pro series is designed for connectivity and<\/p>","protected":false},"author":1,"featured_media":0,"parent":0,"menu_order":0,"comment_status":"closed","ping_status":"closed","template":"elementor_header_footer","meta":{"footnotes":""},"class_list":["post-15844","page","type-page","status-publish","hentry"],"_links":{"self":[{"href":"https:\/\/gchv.gr\/sq\/wp-json\/wp\/v2\/pages\/15844","targetHints":{"allow":["GET"]}}],"collection":[{"href":"https:\/\/gchv.gr\/sq\/wp-json\/wp\/v2\/pages"}],"about":[{"href":"https:\/\/gchv.gr\/sq\/wp-json\/wp\/v2\/types\/page"}],"author":[{"embeddable":true,"href":"https:\/\/gchv.gr\/sq\/wp-json\/wp\/v2\/users\/1"}],"replies":[{"embeddable":true,"href":"https:\/\/gchv.gr\/sq\/wp-json\/wp\/v2\/comments?post=15844"}],"version-history":[{"count":85,"href":"https:\/\/gchv.gr\/sq\/wp-json\/wp\/v2\/pages\/15844\/revisions"}],"predecessor-version":[{"id":16468,"href":"https:\/\/gchv.gr\/sq\/wp-json\/wp\/v2\/pages\/15844\/revisions\/16468"}],"wp:attachment":[{"href":"https:\/\/gchv.gr\/sq\/wp-json\/wp\/v2\/media?parent=15844"}],"curies":[{"name":"wp","href":"https:\/\/api.w.org\/{rel}","templated":true}]}}